{"id":10245,"date":"2025-08-04T00:15:33","date_gmt":"2025-08-04T00:15:33","guid":{"rendered":"http:\/\/localhost:10131\/?page_id=10245"},"modified":"2025-08-04T00:17:22","modified_gmt":"2025-08-04T00:17:22","slug":"hotel-pickups-drops","status":"publish","type":"page","link":"https:\/\/egyptkingtours.com\/de\/hotel-pickups-drops\/","title":{"rendered":"Abholung und R\u00fccktransport vom Hotel"},"content":{"rendered":"<div data-elementor-type=\"wp-page\" data-elementor-id=\"10245\" class=\"elementor elementor-10245\">\n\t\t\t\t<div class=\"elementor-element elementor-element-3718a40 e-flex e-con-boxed wpr-particle-no wpr-jarallax-no wpr-parallax-no wpr-sticky-section-no wpr-equal-height-no e-con e-parent\" data-id=\"3718a40\" data-element_type=\"container\" data-e-type=\"container\">\n\t\t\t\t\t<div class=\"e-con-inner\">\n\t\t<div class=\"elementor-element elementor-element-6f7d181 e-con-full e-flex wpr-particle-no wpr-jarallax-no wpr-parallax-no wpr-sticky-section-no wpr-equal-height-no e-con e-child\" data-id=\"6f7d181\" data-element_type=\"container\" data-e-type=\"container\">\n\t\t<div class=\"elementor-element elementor-element-c12bf61 e-con-full e-flex wpr-particle-no wpr-jarallax-no wpr-parallax-no wpr-sticky-section-no wpr-equal-height-no e-con e-child\" data-id=\"c12bf61\" data-element_type=\"container\" data-e-type=\"container\" data-settings=\"{&quot;background_background&quot;:&quot;classic&quot;}\">\n\t\t\t\t<\/div>\n\t\t\t\t<\/div>\n\t\t\t\t\t<\/div>\n\t\t\t\t<\/div>\n\t\t<div class=\"elementor-element elementor-element-74f694b e-flex e-con-boxed wpr-particle-no wpr-jarallax-no wpr-parallax-no wpr-sticky-section-no wpr-equal-height-no e-con e-parent\" data-id=\"74f694b\" data-element_type=\"container\" data-e-type=\"container\">\n\t\t\t\t\t<div class=\"e-con-inner\">\n\t\t\t\t<div class=\"elementor-element elementor-element-4d9eb33 elementor-widget__width-initial elementor-invisible elementor-widget elementor-widget-heading\" data-id=\"4d9eb33\" data-element_type=\"widget\" data-e-type=\"widget\" data-settings=\"{&quot;_animation&quot;:&quot;slideInRight&quot;,&quot;_animation_delay&quot;:200}\" data-widget_type=\"heading.default\">\n\t\t\t\t<div class=\"elementor-widget-container\">\n\t\t\t\t\t<h3 class=\"elementor-heading-title elementor-size-default\">Reibungslose Abholung und R\u00fccktransport von und zu Hotels in Luxor<\/h3>\t\t\t\t<\/div>\n\t\t\t\t<\/div>\n\t\t\t\t<div class=\"elementor-element elementor-element-7065ff6 elementor-widget-divider--view-line elementor-invisible elementor-widget elementor-widget-divider\" data-id=\"7065ff6\" data-element_type=\"widget\" data-e-type=\"widget\" data-settings=\"{&quot;_animation&quot;:&quot;slideInRight&quot;,&quot;_animation_delay&quot;:400}\" data-widget_type=\"divider.default\">\n\t\t\t\t<div class=\"elementor-widget-container\">\n\t\t\t\t\t\t\t<div class=\"elementor-divider\">\n\t\t\t<span class=\"elementor-divider-separator\">\n\t\t\t\t\t\t<\/span>\n\t\t<\/div>\n\t\t\t\t\t\t<\/div>\n\t\t\t\t<\/div>\n\t\t\t\t<div class=\"elementor-element elementor-element-4b99206 elementor-invisible elementor-widget elementor-widget-text-editor\" data-id=\"4b99206\" data-element_type=\"widget\" data-e-type=\"widget\" data-settings=\"{&quot;_animation&quot;:&quot;fadeInRight&quot;}\" data-widget_type=\"text-editor.default\">\n\t\t\t\t<div class=\"elementor-widget-container\">\n\t\t\t\t\t\t\t\t\t<p>Bei Egypt King Tours wissen wir, dass Komfort der Schl\u00fcssel zu einem wirklich erholsamen und angenehmen Urlaub ist. Deshalb bieten wir <b>reibungsloser und zuverl\u00e4ssiger Abhol- und Bringservice vom Hotel<\/b> von allen Top-Hotels in Luxor, sodass Ihre Reise durch \u00c4gypten von Anfang bis Ende komfortabel und stressfrei verl\u00e4uft.<\/p><p><span style=\"font-size: 18pt; color: #1a2b48;\"><b>Ihr Komfort, unsere Priorit\u00e4t:<\/b><\/span><\/p><p>Von Ihrer Ankunft in Luxor an k\u00fcmmern wir uns um all Ihre Transportw\u00fcnsche. Ob Sie fr\u00fchmorgens zu einem Hei\u00dfluftballon-Abenteuer aufbrechen, eine Tagestour ins Ost- oder Westjordanland unternehmen oder einfach nur einen komfortablen Transfer zum Flughafen oder Bahnhof w\u00fcnschen \u2013 unser engagierter Service sorgt daf\u00fcr, dass Sie stilvoll und entspannt reisen.<\/p><p><span style=\"font-size: 18pt; color: #1a2b48;\"><b>Was Sie erwarten k\u00f6nnen:<\/b><\/span><\/p><p><b>Schnell und p\u00fcnktlich:<\/b> Unsere professionellen Fahrer planen ihre Touren sorgf\u00e4ltig und p\u00fcnktlich, sodass Sie sich keine Sorgen um Versp\u00e4tungen oder verpasste Tourstartzeiten machen m\u00fcssen. Ihre Zeit ist uns genauso wichtig wie Ihnen.<\/p><p><b>Luxus &amp; Komfort:<\/b> Reisen Sie in unseren modernen, klimatisierten Fahrzeugen \u2013 w\u00e4hlen Sie zwischen komfortablen Limousinen f\u00fcr Einzelpersonen und Paare oder ger\u00e4umigen Vans f\u00fcr Familien und Gruppen. Jedes Fahrzeug wird nach h\u00f6chsten Sauberkeits- und Komfortstandards gewartet und bietet Ihnen eine entspannte Atmosph\u00e4re f\u00fcr Ihre Transfers.<\/p><p><b>Erfahrene und h\u00f6fliche Fahrer:<\/b> Unsere ortskundigen Fahrer sind nicht nur kompetent und sicher am Steuer, sondern kennen sich auch mit den Stra\u00dfen und Verkehrsverh\u00e4ltnissen in Luxor bestens aus. Sie sind h\u00f6flich, hilfsbereit und legen Wert darauf, Ihnen eine angenehme Fahrt zu erm\u00f6glichen, bei der Sie sich entspannt zur\u00fccklehnen und die Aussicht genie\u00dfen k\u00f6nnen.<\/p><p><b>T\u00fcr-zu-T\u00fcr-Service:<\/b> Wir holen Sie direkt von Ihrer Hotellobby ab und bringen Sie punktgenau zu Ihrem Wunschziel, sei es ein Wahrzeichen, der Flughafen oder ein anderes Hotel. Kein Stress, kein Navigieren, einfach nur purer Komfort.<\/p><p><b>Stressfreie Transfers:<\/b> Vergessen Sie das Feilschen mit Taxis oder das Verstehen der \u00f6ffentlichen Verkehrsmittel. Mit Egypt King Tours werden Ihre Transfers im Voraus arrangiert und von Experten verwaltet, sodass Sie sich ganz auf die Wunder \u00c4gyptens konzentrieren k\u00f6nnen.<\/p>\t\t\t\t\t\t\t\t<\/div>\n\t\t\t\t<\/div>\n\t\t\t\t\t<\/div>\n\t\t\t\t<\/div>\n\t\t<div class=\"elementor-element elementor-element-0077b2d e-flex e-con-boxed wpr-particle-no wpr-jarallax-no wpr-parallax-no wpr-sticky-section-no wpr-equal-height-no e-con e-parent\" data-id=\"0077b2d\" data-element_type=\"container\" data-e-type=\"container\">\n\t\t\t\t\t<div class=\"e-con-inner\">\n\t\t\t\t<div class=\"elementor-element elementor-element-405edb9 elementor-widget__width-initial elementor-invisible elementor-widget elementor-widget-heading\" data-id=\"405edb9\" data-element_type=\"widget\" data-e-type=\"widget\" data-settings=\"{&quot;_animation&quot;:&quot;slideInRight&quot;,&quot;_animation_delay&quot;:200}\" data-widget_type=\"heading.default\">\n\t\t\t\t<div class=\"elementor-widget-container\">\n\t\t\t\t\t<h3 class=\"elementor-heading-title elementor-size-default\">Buchen Sie Ihren Service<\/h3>\t\t\t\t<\/div>\n\t\t\t\t<\/div>\n\t\t\t\t<div class=\"elementor-element elementor-element-e1cc974 elementor-widget-divider--view-line elementor-invisible elementor-widget elementor-widget-divider\" data-id=\"e1cc974\" data-element_type=\"widget\" data-e-type=\"widget\" data-settings=\"{&quot;_animation&quot;:&quot;slideInRight&quot;,&quot;_animation_delay&quot;:400}\" data-widget_type=\"divider.default\">\n\t\t\t\t<div class=\"elementor-widget-container\">\n\t\t\t\t\t\t\t<div class=\"elementor-divider\">\n\t\t\t<span class=\"elementor-divider-separator\">\n\t\t\t\t\t\t<\/span>\n\t\t<\/div>\n\t\t\t\t\t\t<\/div>\n\t\t\t\t<\/div>\n\t\t\t\t\t<\/div>\n\t\t\t\t<\/div>\n\t\t<div class=\"elementor-element elementor-element-a5dc041 e-flex e-con-boxed wpr-particle-no wpr-jarallax-no wpr-parallax-no wpr-sticky-section-no wpr-equal-height-no e-con e-parent\" data-id=\"a5dc041\" data-element_type=\"container\" data-e-type=\"container\">\n\t\t\t\t\t<div class=\"e-con-inner\">\n\t\t<div class=\"elementor-element elementor-element-5fa781e e-con-full e-flex wpr-particle-no wpr-jarallax-no wpr-parallax-no wpr-sticky-section-no wpr-equal-height-no e-con e-child\" data-id=\"5fa781e\" data-element_type=\"container\" data-e-type=\"container\">\n\t\t\t\t<div class=\"elementor-element elementor-element-6630c10 wpr-forms-submit-center wpr-forms-align-left elementor-widget elementor-widget-wpr-forms\" data-id=\"6630c10\" data-element_type=\"widget\" data-e-type=\"widget\" data-widget_type=\"wpr-forms.default\">\n\t\t\t\t<div class=\"elementor-widget-container\">\n\t\t\t\t\t<div class=\"wpr-forms-container wpr-custom-chk-radio\"><div class=\"wpforms-container wpforms-container-full wpforms-render-modern\" id=\"wpforms-10231\"><form id=\"wpforms-form-10231\" class=\"wpforms-validate wpforms-form wpforms-ajax-form\" data-formid=\"10231\" method=\"post\" enctype=\"multipart\/form-data\" action=\"\/de\/wp-json\/wp\/v2\/pages\/10245\" data-token=\"f6ac8e03574be47f96c6172b8dc27f20\" data-token-time=\"1778012434\" data-trp-original-action=\"\/de\/wp-json\/wp\/v2\/pages\/10245\"><noscript class=\"wpforms-error-noscript\">Bitte aktiviere JavaScript in deinem Browser, um dieses Formular fertigzustellen.<\/noscript><div id=\"wpforms-error-noscript\" style=\"display: none;\">Bitte aktiviere JavaScript in deinem Browser, um dieses Formular fertigzustellen.<\/div><div class=\"wpforms-field-container\"><div id=\"wpforms-10231-field_1-container\" class=\"wpforms-field wpforms-field-name\" data-field-id=\"1\"><fieldset><legend class=\"wpforms-field-label\">Name <span class=\"wpforms-required-label\" aria-hidden=\"true\">*<\/span><\/legend><div class=\"wpforms-field-row wpforms-field-large\"><div class=\"wpforms-field-row-block wpforms-first wpforms-one-half\"><input type=\"text\" id=\"wpforms-10231-field_1\" class=\"wpforms-field-name-first wpforms-field-required\" name=\"wpforms[fields][1][first]\" aria-errormessage=\"wpforms-10231-field_1-error\" required><label for=\"wpforms-10231-field_1\" class=\"wpforms-field-sublabel after\">Vorname<\/label><\/div><div class=\"wpforms-field-row-block wpforms-one-half\"><input type=\"text\" id=\"wpforms-10231-field_1-last\" class=\"wpforms-field-name-last wpforms-field-required\" name=\"wpforms[fields][1][last]\" aria-errormessage=\"wpforms-10231-field_1-last-error\" required><label for=\"wpforms-10231-field_1-last\" class=\"wpforms-field-sublabel after\">Nachname<\/label><\/div><\/div><\/fieldset><\/div>\t\t<div id=\"wpforms-10231-field_4-container\"\n\t\t\tclass=\"wpforms-field wpforms-field-text\"\n\t\t\tdata-field-type=\"text\"\n\t\t\tdata-field-id=\"4\"\n\t\t\t>\n\t\t\t<label class=\"wpforms-field-label\" for=\"wpforms-10231-field_4\" >City Layout Phone<\/label>\n\t\t\t<input type=\"text\" id=\"wpforms-10231-field_4\" class=\"wpforms-field-medium\" name=\"wpforms[fields][4]\" >\n\t\t<\/div>\n\t\t<div id=\"wpforms-10231-field_2-container\" class=\"wpforms-field wpforms-field-email\" data-field-id=\"2\"><label class=\"wpforms-field-label\" for=\"wpforms-10231-field_2\">E-Mail <span class=\"wpforms-required-label\" aria-hidden=\"true\">*<\/span><\/label><input type=\"email\" id=\"wpforms-10231-field_2\" class=\"wpforms-field-large wpforms-field-required\" name=\"wpforms[fields][2]\" spellcheck=\"false\" aria-errormessage=\"wpforms-10231-field_2-error\" required><\/div><div id=\"wpforms-10231-field_10-container\" class=\"wpforms-field wpforms-field-select wpforms-field-select-style-classic\" data-field-id=\"10\"><label class=\"wpforms-field-label\" for=\"wpforms-10231-field_10\">Stadt<\/label><select id=\"wpforms-10231-field_10\" class=\"wpforms-field-large\" name=\"wpforms[fields][10]\"><option value=\"Cairo\" >Kairo<\/option><option value=\"Hurghada\" >Hurghada<\/option><option value=\"Luxor\" >Luxor<\/option><option value=\"Sharm El Sheikh\" >Scharm El-Scheich<\/option><\/select><\/div><div id=\"wpforms-10231-field_13-container\" class=\"wpforms-field wpforms-field-text\" data-field-id=\"13\"><label class=\"wpforms-field-label\" for=\"wpforms-10231-field_13\">Abholort<\/label><input type=\"text\" id=\"wpforms-10231-field_13\" class=\"wpforms-field-large\" name=\"wpforms[fields][13]\" aria-errormessage=\"wpforms-10231-field_13-error\" ><\/div><div id=\"wpforms-10231-field_14-container\" class=\"wpforms-field wpforms-field-text\" data-field-id=\"14\"><label class=\"wpforms-field-label\" for=\"wpforms-10231-field_14\">Abgabeort <\/label><input type=\"text\" id=\"wpforms-10231-field_14\" class=\"wpforms-field-large\" name=\"wpforms[fields][14]\" aria-errormessage=\"wpforms-10231-field_14-error\" ><\/div><div id=\"wpforms-10231-field_9-container\" class=\"wpforms-field wpforms-field-phone\" data-field-id=\"9\"><label class=\"wpforms-field-label\" for=\"wpforms-10231-field_9\">Telefon <span class=\"wpforms-required-label\" aria-hidden=\"true\">*<\/span><\/label><input type=\"tel\" id=\"wpforms-10231-field_9\" class=\"wpforms-field-large wpforms-field-required wpforms-smart-phone-field\" data-rule-smart-phone-field=\"true\" name=\"wpforms[fields][9]\" aria-label=\"Telefon\" aria-errormessage=\"wpforms-10231-field_9-error\" required><\/div><div id=\"wpforms-10231-field_5-container\" class=\"wpforms-field wpforms-field-layout\" data-field-id=\"5\"><div class=\"wpforms-field-layout-rows wpforms-field-large\"><div class=\"wpforms-layout-row\"><div class=\"wpforms-layout-column wpforms-layout-column-50\"><div id=\"wpforms-10231-field_6-container\" class=\"wpforms-field wpforms-field-number\" data-field-id=\"6\"><label class=\"wpforms-field-label\" for=\"wpforms-10231-field_6\">Anzahl Erwachsene <span class=\"wpforms-required-label\" aria-hidden=\"true\">*<\/span><\/label><input type=\"number\" id=\"wpforms-10231-field_6\" class=\"wpforms-field-medium wpforms-field-required\" name=\"wpforms[fields][6]\" step=\"any\" aria-errormessage=\"wpforms-10231-field_6-error\" required><\/div><\/div><div class=\"wpforms-layout-column wpforms-layout-column-50\"><div id=\"wpforms-10231-field_7-container\" class=\"wpforms-field wpforms-field-number\" data-field-id=\"7\"><label class=\"wpforms-field-label\" for=\"wpforms-10231-field_7\">Anzahl der Kinder<\/label><input type=\"number\" id=\"wpforms-10231-field_7\" class=\"wpforms-field-medium\" name=\"wpforms[fields][7]\" step=\"any\" aria-errormessage=\"wpforms-10231-field_7-error\" ><\/div><\/div><\/div><\/div><\/div><div id=\"wpforms-10231-field_8-container\" class=\"wpforms-field wpforms-field-date-time\" data-field-id=\"8\"><label class=\"wpforms-field-label\" for=\"wpforms-10231-field_8\">Anreisetag<\/label><div class=\"wpforms-datepicker-wrap\"><input type=\"text\" id=\"wpforms-10231-field_8\" class=\"wpforms-field-date-time-date wpforms-datepicker wpforms-field-large\" data-date-format=\"d\/m\/Y\" data-disable-past-dates=\"0\" data-input=\"true\" name=\"wpforms[fields][8][date]\" aria-errormessage=\"wpforms-10231-field_8-error\" ><a title=\"Clear Date\" data-clear class=\"wpforms-datepicker-clear\" style=\"display:none;\"><\/a><\/div><\/div><div id=\"wpforms-10231-field_3-container\" class=\"wpforms-field wpforms-field-textarea\" data-field-id=\"3\"><label class=\"wpforms-field-label\" for=\"wpforms-10231-field_3\">Kommentar oder Nachricht<\/label><textarea id=\"wpforms-10231-field_3\" class=\"wpforms-field-large\" name=\"wpforms[fields][3]\" aria-errormessage=\"wpforms-10231-field_3-error\" ><\/textarea><\/div><script>\n\t\t\t\t( function() {\n\t\t\t\t\tconst style = document.createElement( 'style' );\n\t\t\t\t\tstyle.appendChild( document.createTextNode( '#wpforms-10231-field_4-container { position: absolute !important; overflow: hidden !important; display: inline !important; height: 1px !important; width: 1px !important; z-index: -1000 !important; padding: 0 !important; } #wpforms-10231-field_4-container input { visibility: hidden; } #wpforms-conversational-form-page #wpforms-10231-field_4-container label { counter-increment: none; }' ) );\n\t\t\t\t\tdocument.head.appendChild( style );\n\t\t\t\t\tdocument.currentScript?.remove();\n\t\t\t\t} )();\n\t\t\t<\/script><\/div><!-- .wpforms-field-container --><div class=\"wpforms-submit-container\" ><input type=\"hidden\" name=\"wpforms[id]\" value=\"10231\"><input type=\"hidden\" name=\"page_title\" value=\"\"><input type=\"hidden\" name=\"page_url\" value=\"https:\/\/egyptkingtours.com\/de\/wp-json\/wp\/v2\/pages\/10245\"><input type=\"hidden\" name=\"url_referer\" value=\"\"><button type=\"submit\" name=\"wpforms[submit]\" id=\"wpforms-submit-10231\" class=\"wpforms-submit\" data-alt-text=\"Sending...\" data-submit-text=\"Submit\" aria-live=\"assertive\" value=\"wpforms-submit\">Einreichen<\/button><img decoding=\"async\" src=\"https:\/\/egyptkingtours.com\/wp-content\/plugins\/wpforms\/assets\/images\/submit-spin.svg\" class=\"wpforms-submit-spinner\" style=\"display: none;\" width=\"26\" height=\"26\" alt=\"Wird geladen\"><\/div><input type=\"hidden\" name=\"trp-form-language\" value=\"de\"\/><\/form><\/div>  <!-- .wpforms-container --><\/div>\t\t\t\t<\/div>\n\t\t\t\t<\/div>\n\t\t\t\t<\/div>\n\t\t\t\t\t<\/div>\n\t\t\t\t<\/div>\n\t\t<div class=\"elementor-element elementor-element-47eaaf6 e-flex e-con-boxed wpr-particle-no wpr-jarallax-no wpr-parallax-no wpr-sticky-section-no wpr-equal-height-no e-con e-parent\" data-id=\"47eaaf6\" data-element_type=\"container\" data-e-type=\"container\">\n\t\t\t\t\t<div class=\"e-con-inner\">\n\t\t\t\t\t<\/div>\n\t\t\t\t<\/div>\n\t\t\t\t<\/div>","protected":false},"excerpt":{"rendered":"<p>Seamless Hotel Pickups &amp; Drops in Luxor At Egypt King Tours, we understand that convenience is key to a truly relaxing and enjoyable vacation. That&#8217;s why we offer seamless and reliable hotel pickup and drop-off services from all top hotels in Luxor, ensuring your journey through Egypt is comfortable and stress-free from beginning to end. Your Comfort, Our Priority: From the moment you arrive in Luxor, we take care of all your transportation needs. Whether you&#8217;re heading out for an early morning hot air balloon adventure, embarking on a full-day tour to the East or West Bank, or simply need a comfortable transfer to the airport or train station, our dedicated service ensures you travel in style and ease. What You Can Expect: Prompt &amp; Punctual: Our professional drivers are meticulously scheduled to arrive on time, ensuring you never have to worry about delays or missing your tour start times. We value your time as much as you do. Luxury &amp; Comfort: Travel in our modern, air-conditioned vehicles \u2013 choose from comfortable sedans for individuals and couples, or spacious vans for families and groups. Each vehicle is maintained to the highest standards of cleanliness and comfort, providing a relaxing environment for your transfers. Experienced &amp; Courteous Drivers: Our local drivers are not only skilled and safe behind the wheel but also knowledgeable about Luxor&#8217;s roads and traffic patterns. They are courteous, helpful, and committed to providing a pleasant journey, allowing you to sit back and enjoy the views. Door-to-Door Service: We pick you up directly from your hotel lobby and drop you off precisely at your desired destination, whether it&#8217;s an iconic landmark, the airport, or another hotel. No hassle, no navigating, just pure convenience. Stress-Free Transfers: Forget about haggling with taxis or deciphering public transport. With Egypt King Tours, your transfers are pre-arranged and managed by experts, giving you peace of mind to focus on the wonders of Egypt. Book Your Service Please enable JavaScript in your browser to complete this form.Please enable JavaScript in your browser to complete this form. Name * FirstLast Email *CityCairoHurghadaLuxorSharm El SheikhName Of The HotelPhone * Number of Adults *Number of ChildrenDay of ArrivalComment or Message Submit<\/p>","protected":false},"author":1,"featured_media":8558,"parent":0,"menu_order":0,"comment_status":"closed","ping_status":"closed","template":"elementor_header_footer","meta":{"footnotes":""},"class_list":["post-10245","page","type-page","status-publish","has-post-thumbnail","hentry"],"_links":{"self":[{"href":"https:\/\/egyptkingtours.com\/de\/wp-json\/wp\/v2\/pages\/10245","targetHints":{"allow":["GET"]}}],"collection":[{"href":"https:\/\/egyptkingtours.com\/de\/wp-json\/wp\/v2\/pages"}],"about":[{"href":"https:\/\/egyptkingtours.com\/de\/wp-json\/wp\/v2\/types\/page"}],"author":[{"embeddable":true,"href":"https:\/\/egyptkingtours.com\/de\/wp-json\/wp\/v2\/users\/1"}],"replies":[{"embeddable":true,"href":"https:\/\/egyptkingtours.com\/de\/wp-json\/wp\/v2\/comments?post=10245"}],"version-history":[{"count":7,"href":"https:\/\/egyptkingtours.com\/de\/wp-json\/wp\/v2\/pages\/10245\/revisions"}],"predecessor-version":[{"id":10252,"href":"https:\/\/egyptkingtours.com\/de\/wp-json\/wp\/v2\/pages\/10245\/revisions\/10252"}],"wp:featuredmedia":[{"embeddable":true,"href":"https:\/\/egyptkingtours.com\/de\/wp-json\/"}],"wp:attachment":[{"href":"https:\/\/egyptkingtours.com\/de\/wp-json\/wp\/v2\/media?parent=10245"}],"curies":[{"name":"wp","href":"https:\/\/api.w.org\/{rel}","templated":true}]}}