{"id":10369,"date":"2025-08-09T00:24:14","date_gmt":"2025-08-09T00:24:14","guid":{"rendered":"https:\/\/luxor.unicodeg.com\/?page_id=10369"},"modified":"2025-08-09T00:28:07","modified_gmt":"2025-08-09T00:28:07","slug":"marsa-alam","status":"publish","type":"page","link":"https:\/\/egyptkingtours.com\/de\/marsa-alam\/","title":{"rendered":"Marsa Alam"},"content":{"rendered":"<div data-elementor-type=\"wp-page\" data-elementor-id=\"10369\" class=\"elementor elementor-10369\">\n\t\t\t\t<div class=\"elementor-element elementor-element-fe1cba4 e-flex e-con-boxed wpr-particle-no wpr-jarallax-no wpr-parallax-no wpr-sticky-section-no wpr-equal-height-no e-con e-parent\" data-id=\"fe1cba4\" data-element_type=\"container\" data-e-type=\"container\">\n\t\t\t\t\t<div class=\"e-con-inner\">\n\t\t\t\t<div class=\"elementor-element elementor-element-2dc9b0e elementor-widget elementor-widget-heading\" data-id=\"2dc9b0e\" data-element_type=\"widget\" data-e-type=\"widget\" data-widget_type=\"heading.default\">\n\t\t\t\t<div class=\"elementor-widget-container\">\n\t\t\t\t\t<h2 class=\"elementor-heading-title elementor-size-default\">Marsa Alam Reisen<\/h2>\t\t\t\t<\/div>\n\t\t\t\t<\/div>\n\t\t\t\t<div class=\"elementor-element elementor-element-72c491f elementor-widget__width-initial elementor-widget elementor-widget-heading\" data-id=\"72c491f\" data-element_type=\"widget\" data-e-type=\"widget\" data-widget_type=\"heading.default\">\n\t\t\t\t<div class=\"elementor-widget-container\">\n\t\t\t\t\t<h2 class=\"elementor-heading-title elementor-size-default\">Entdecken Sie das reiche Erbe Kairos, wo die beeindruckenden Pyramiden und die geheimnisvolle Sphinx Zeugnisse des alten \u00c4gyptens sind. Nehmen Sie an fachkundigen F\u00fchrungen teil, die Sie durch die Geschichte der Stadt f\u00fchren und die Vergangenheit vor Ihren Augen lebendig werden lassen.<\/h2>\t\t\t\t<\/div>\n\t\t\t\t<\/div>\n\t\t\t\t<div class=\"elementor-element elementor-element-e6527b0 elementor-widget-divider--view-line elementor-widget elementor-widget-divider\" data-id=\"e6527b0\" data-element_type=\"widget\" data-e-type=\"widget\" data-widget_type=\"divider.default\">\n\t\t\t\t<div class=\"elementor-widget-container\">\n\t\t\t\t\t\t\t<div class=\"elementor-divider\">\n\t\t\t<span class=\"elementor-divider-separator\">\n\t\t\t\t\t\t<\/span>\n\t\t<\/div>\n\t\t\t\t\t\t<\/div>\n\t\t\t\t<\/div>\n\t\t\t\t\t<\/div>\n\t\t\t\t<\/div>\n\t\t<div class=\"elementor-element elementor-element-7490f32 e-flex e-con-boxed wpr-particle-no wpr-jarallax-no wpr-parallax-no wpr-sticky-section-no wpr-equal-height-no e-con e-parent\" data-id=\"7490f32\" data-element_type=\"container\" data-e-type=\"container\">\n\t\t\t\t\t<div class=\"e-con-inner\">\n\t\t\t\t<div class=\"elementor-element elementor-element-7da4aa1 elementor-widget elementor-widget-st_list_service\" data-id=\"7da4aa1\" data-element_type=\"widget\" data-e-type=\"widget\" data-settings=\"{&quot;item_row&quot;:&quot;4&quot;,&quot;type_form&quot;:&quot;single&quot;,&quot;order&quot;:&quot;ASC&quot;}\" data-widget_type=\"st_list_service.default\">\n\t\t\t\t<div class=\"elementor-widget-container\">\n\t\t\t\t\t<div class=\"st-list-service grid style_1\"\r\n     >\r\n    <div class=\"map-content-loading\">\r\n    <div class=\"st-loader\"><\/div>\r\n<\/div>        <div class=\"multi-service-wrapper\">\r\n        <div class=\"tab-content st_tours\"><div class=\"service-list-wrapper row\"><div class=\"item-tour col-lg-3 col-sm-6 col-md-6\" itemscope itemtype=\"https:\/\/schema.org\/TouristTrip\">\r\n    <div class=\"item item-tours service-border st-border-radius\">\r\n        <div class=\"featured-image\">\r\n                                        <a href=\"\" class=\"login\" data-bs-toggle=\"modal\" data-target=\"#st-login-form\">\r\n                    <div class=\"service-add-wishlist\" title=\"Zu Favoriten hinzuf\u00fcgen\">\r\n                        <i class=\"fa fa-heart\"><\/i>\r\n                        <div class=\"lds-dual-ring\"><\/div>\r\n                    <\/div>\r\n                <\/a>\r\n                        <div class=\"service-tag bestseller\">\r\n                            <\/div>\r\n            <a href=\"https:\/\/egyptkingtours.com\/de\/st_tour\/4-day-cairo-tour-package-2\/\">\r\n                <img fetchpriority=\"high\" decoding=\"async\" width=\"900\" height=\"600\" src=\"https:\/\/egyptkingtours.com\/wp-content\/uploads\/2025\/08\/64ed9782-9672-4d9a-a916-0a5f68f4b998-1-900x600.webp\" class=\"img-responsive wp-post-image\" alt=\"Discover the Best of Egypt with Our 4 Day Cairo Tour Package\" itemprop=\"image\" srcset=\"https:\/\/egyptkingtours.com\/wp-content\/uploads\/2025\/08\/64ed9782-9672-4d9a-a916-0a5f68f4b998-1-900x600.webp 900w, https:\/\/egyptkingtours.com\/wp-content\/uploads\/2025\/08\/64ed9782-9672-4d9a-a916-0a5f68f4b998-1-768x512.webp 768w, https:\/\/egyptkingtours.com\/wp-content\/uploads\/2025\/08\/64ed9782-9672-4d9a-a916-0a5f68f4b998-1-600x400.webp 600w, https:\/\/egyptkingtours.com\/wp-content\/uploads\/2025\/08\/64ed9782-9672-4d9a-a916-0a5f68f4b998-1-450x300.webp 450w, https:\/\/egyptkingtours.com\/wp-content\/uploads\/2025\/08\/64ed9782-9672-4d9a-a916-0a5f68f4b998-1-18x12.webp 18w, https:\/\/egyptkingtours.com\/wp-content\/uploads\/2025\/08\/64ed9782-9672-4d9a-a916-0a5f68f4b998-1.webp 1500w\" sizes=\"(max-width: 900px) 100vw, 900px\" \/>            <\/a>\r\n                                <\/div>\r\n        <div class=\"content-item\">\r\n\r\n            <h3 class=\"title\" itemprop=\"name\"><a href=\"https:\/\/egyptkingtours.com\/de\/st_tour\/4-day-cairo-tour-package-2\/\">Entdecken Sie das Beste von \u00c4gypten mit unserem 4-t\u00e4gigen Kairo-Tourpaket<\/a><\/h3>\r\n                        <div class=\"section-footer\">\r\n                <div class=\"reviews d-flex align-items-center\">\r\n                    \r\n                                        <span class=\"summary\">\r\n                        No Review                    <\/span>\r\n                <\/div>\r\n                <div class=\"footer-inner d-flex align-items-center justify-content-between\">\r\n                                        <div class=\"price-wrapper d-flex align-items-center\">\r\n                        <span>\r\n                            <i class=\"input-icon st-border-radius field-icon fa\"><svg width=\"10px\" height=\"16px\" viewbox=\"0 0 11 18\" version=\"1.1\" xmlns=\"http:\/\/www.w3.org\/2000\/svg\" xmlns:xlink=\"http:\/\/www.w3.org\/1999\/xlink\">\r\n    <!-- Generator: Sketch 49 (51002) - http:\/\/www.bohemiancoding.com\/sketch -->\r\n    \r\n    <defs><\/defs>\r\n    <g stroke=\"none\" stroke-width=\"1\" fill=\"none\" fill-rule=\"evenodd\">\r\n        <g id=\"Room_Only_Detail_1\" transform=\"translate(-135.000000, -4858.000000)\" fill=\"#ffab53\" fill-rule=\"nonzero\">\r\n            <g id=\"nearby-hotel\" transform=\"translate(130.000000, 4334.000000)\">\r\n                <g id=\"h1-g\" transform=\"translate(5.000000, 136.000000)\">\r\n                    <g id=\"hotel-grid\">\r\n                        <g id=\"price\" transform=\"translate(0.000000, 383.000000)\">\r\n                            <g id=\"thunder\" transform=\"translate(0.000000, 5.000000)\">\r\n                                <path d=\"M10.0143234,6.99308716 C9.91102517,6.83252576 9.73362166,6.73708716 9.54386728,6.73708716 L5.61404272,6.73708716 L5.61404272,0.561648567 C5.61404272,0.296666111 5.42877956,0.0676134793 5.16941114,0.0125959355 C4.90555149,-0.0435444154 4.64730587,0.0923152337 4.5395164,0.333718743 L0.0482883306,10.4389819 C-0.0291853536,10.6118942 -0.0123432484,10.8139994 0.0909549973,10.9723152 C0.194253243,11.1317538 0.371656752,11.2283152 0.561411138,11.2283152 L4.4912357,11.2283152 L4.4912357,17.4037538 C4.4912357,17.6687363 4.67649886,17.8977889 4.93586728,17.9528065 C4.97516552,17.9606661 5.01446377,17.9651573 5.05263921,17.9651573 C5.27046377,17.9651573 5.47369184,17.8382801 5.56576201,17.6316837 L10.0569901,7.5264205 C10.133341,7.35238541 10.1187445,7.15252576 10.0143234,6.99308716 Z\"><\/path>\r\n                            <\/g>\r\n                        <\/g>\r\n                    <\/g>\r\n                <\/g>\r\n            <\/g>\r\n        <\/g>\r\n    <\/g>\r\n<\/svg><\/i>                                <span class=\"fr_text\">from<\/span>\r\n                        <\/span>\r\n                        <span class=\"price\">\r\n                            <span class=\"text-lg lh1em item\"> $0,00<\/span>                        <\/span>\r\n                    <\/div>\r\n                <\/div>\r\n            <\/div>\r\n        <\/div>\r\n    <\/div>\r\n<\/div>\r\n<div class=\"item-tour col-lg-3 col-sm-6 col-md-6\" itemscope itemtype=\"https:\/\/schema.org\/TouristTrip\">\r\n    <div class=\"item item-tours service-border st-border-radius\">\r\n        <div class=\"featured-image\">\r\n                                        <a href=\"\" class=\"login\" data-bs-toggle=\"modal\" data-target=\"#st-login-form\">\r\n                    <div class=\"service-add-wishlist\" title=\"Zu Favoriten hinzuf\u00fcgen\">\r\n                        <i class=\"fa fa-heart\"><\/i>\r\n                        <div class=\"lds-dual-ring\"><\/div>\r\n                    <\/div>\r\n                <\/a>\r\n                        <div class=\"service-tag bestseller\">\r\n                            <\/div>\r\n            <a href=\"https:\/\/egyptkingtours.com\/de\/st_tour\/2-day-cairo-tour\/\">\r\n                <img decoding=\"async\" width=\"900\" height=\"600\" src=\"https:\/\/egyptkingtours.com\/wp-content\/uploads\/2025\/08\/c4d59a26-2ae1-440c-99d6-4ad5ad1e1b5c-900x600.webp\" class=\"img-responsive wp-post-image\" alt=\"2-Day Cairo Tour\" itemprop=\"image\" srcset=\"https:\/\/egyptkingtours.com\/wp-content\/uploads\/2025\/08\/c4d59a26-2ae1-440c-99d6-4ad5ad1e1b5c-900x600.webp 900w, https:\/\/egyptkingtours.com\/wp-content\/uploads\/2025\/08\/c4d59a26-2ae1-440c-99d6-4ad5ad1e1b5c-768x512.webp 768w, https:\/\/egyptkingtours.com\/wp-content\/uploads\/2025\/08\/c4d59a26-2ae1-440c-99d6-4ad5ad1e1b5c-600x400.webp 600w, https:\/\/egyptkingtours.com\/wp-content\/uploads\/2025\/08\/c4d59a26-2ae1-440c-99d6-4ad5ad1e1b5c-450x300.webp 450w, https:\/\/egyptkingtours.com\/wp-content\/uploads\/2025\/08\/c4d59a26-2ae1-440c-99d6-4ad5ad1e1b5c-18x12.webp 18w, https:\/\/egyptkingtours.com\/wp-content\/uploads\/2025\/08\/c4d59a26-2ae1-440c-99d6-4ad5ad1e1b5c.webp 1500w\" sizes=\"(max-width: 900px) 100vw, 900px\" \/>            <\/a>\r\n                                <\/div>\r\n        <div class=\"content-item\">\r\n\r\n            <h3 class=\"title\" itemprop=\"name\"><a href=\"https:\/\/egyptkingtours.com\/de\/st_tour\/2-day-cairo-tour\/\">2-t\u00e4gige Kairo-Tour<\/a><\/h3>\r\n                        <div class=\"section-footer\">\r\n                <div class=\"reviews d-flex align-items-center\">\r\n                    \r\n                                        <span class=\"summary\">\r\n                        No Review                    <\/span>\r\n                <\/div>\r\n                <div class=\"footer-inner d-flex align-items-center justify-content-between\">\r\n                                            <div class=\"service-duration\">\r\n                            <i class=\"input-icon st-border-radius field-icon fa\"><svg height=\"16px\" width=\"16px\" version=\"1.1\" xmlns=\"http:\/\/www.w3.org\/2000\/svg\" xmlns:xlink=\"http:\/\/www.w3.org\/1999\/xlink\" x=\"0px\" y=\"0px\"\r\n     viewbox=\"0 0 24 24\" style=\"enable-background:new 0 0 24 24;\" xml:space=\"preserve\">\r\n\r\n<g fill=\"#5E6D77\">\r\n    <path d=\"M12,23.25C5.797,23.25,0.75,18.203,0.75,12C0.75,5.797,5.797,0.75,12,0.75c6.203,0,11.25,5.047,11.25,11.25        C23.25,18.203,18.203,23.25,12,23.25z M12,2.25c-5.376,0-9.75,4.374-9.75,9.75s4.374,9.75,9.75,9.75s9.75-4.374,9.75-9.75        S17.376,2.25,12,2.25z\"\/>\r\n    <path d=\"M15.75,16.5c-0.2,0-0.389-0.078-0.53-0.22l-2.25-2.25c-0.302,0.145-0.632,0.22-0.969,0.22c-1.241,0-2.25-1.009-2.25-2.25        c0-0.96,0.615-1.808,1.5-2.121V5.25c0-0.414,0.336-0.75,0.75-0.75s0.75,0.336,0.75,0.75v4.629c0.885,0.314,1.5,1.162,1.5,2.121        c0,0.338-0.075,0.668-0.22,0.969l2.25,2.25c0.292,0.292,0.292,0.768,0,1.061C16.139,16.422,15.95,16.5,15.75,16.5z M12,11.25        c-0.414,0-0.75,0.336-0.75,0.75s0.336,0.75,0.75,0.75s0.75-0.336,0.75-0.75S12.414,11.25,12,11.25z\"\/>\r\n<\/g>\r\n<\/svg><\/i>                            4 Tage                        <\/div>\r\n                                            <div class=\"price-wrapper d-flex align-items-center\">\r\n                        <span>\r\n                            <i class=\"input-icon st-border-radius field-icon fa\"><svg width=\"10px\" height=\"16px\" viewbox=\"0 0 11 18\" version=\"1.1\" xmlns=\"http:\/\/www.w3.org\/2000\/svg\" xmlns:xlink=\"http:\/\/www.w3.org\/1999\/xlink\">\r\n    <!-- Generator: Sketch 49 (51002) - http:\/\/www.bohemiancoding.com\/sketch -->\r\n    \r\n    <defs><\/defs>\r\n    <g stroke=\"none\" stroke-width=\"1\" fill=\"none\" fill-rule=\"evenodd\">\r\n        <g id=\"Room_Only_Detail_1\" transform=\"translate(-135.000000, -4858.000000)\" fill=\"#ffab53\" fill-rule=\"nonzero\">\r\n            <g id=\"nearby-hotel\" transform=\"translate(130.000000, 4334.000000)\">\r\n                <g id=\"h1-g\" transform=\"translate(5.000000, 136.000000)\">\r\n                    <g id=\"hotel-grid\">\r\n                        <g id=\"price\" transform=\"translate(0.000000, 383.000000)\">\r\n                            <g id=\"thunder\" transform=\"translate(0.000000, 5.000000)\">\r\n                                <path d=\"M10.0143234,6.99308716 C9.91102517,6.83252576 9.73362166,6.73708716 9.54386728,6.73708716 L5.61404272,6.73708716 L5.61404272,0.561648567 C5.61404272,0.296666111 5.42877956,0.0676134793 5.16941114,0.0125959355 C4.90555149,-0.0435444154 4.64730587,0.0923152337 4.5395164,0.333718743 L0.0482883306,10.4389819 C-0.0291853536,10.6118942 -0.0123432484,10.8139994 0.0909549973,10.9723152 C0.194253243,11.1317538 0.371656752,11.2283152 0.561411138,11.2283152 L4.4912357,11.2283152 L4.4912357,17.4037538 C4.4912357,17.6687363 4.67649886,17.8977889 4.93586728,17.9528065 C4.97516552,17.9606661 5.01446377,17.9651573 5.05263921,17.9651573 C5.27046377,17.9651573 5.47369184,17.8382801 5.56576201,17.6316837 L10.0569901,7.5264205 C10.133341,7.35238541 10.1187445,7.15252576 10.0143234,6.99308716 Z\"><\/path>\r\n                            <\/g>\r\n                        <\/g>\r\n                    <\/g>\r\n                <\/g>\r\n            <\/g>\r\n        <\/g>\r\n    <\/g>\r\n<\/svg><\/i>                                <span class=\"fr_text\">from<\/span>\r\n                        <\/span>\r\n                        <span class=\"price\">\r\n                            <span class=\"text-lg lh1em item\"> $0,00<\/span>                        <\/span>\r\n                    <\/div>\r\n                <\/div>\r\n            <\/div>\r\n        <\/div>\r\n    <\/div>\r\n<\/div>\r\n<\/div><\/div>\r\n    <\/div>\r\n<\/div>\r\n\t\t\t\t<\/div>\n\t\t\t\t<\/div>\n\t\t\t\t\t<\/div>\n\t\t\t\t<\/div>\n\t\t\t\t<\/div>","protected":false},"excerpt":{"rendered":"<p>Marsa Alam Trips Uncover the rich heritage of Cairo, where the awe-inspiring Pyramids and the enigmatic Sphinx stand as testaments to ancient Egypt. Join expert-guided tours that weave through the city&#8217;s historical tapestry, making the past come alive before your eyes. &#8211; 10% Featured Bali Full-Day Traditional Village Sightseeing Trip Champs-Elys\u00e9es, Paris France No Review 10 hours from $150,00 $135,00 Half-Day Chiang Mai City and Temples Tour Including Doi Suthep Avenue of the Americas, New York, NY, United States No Review 6 hours from $625,00 Tourism Paradise Island Koh Rong Cambodia 2 Days 1 Night Avenue of the Americas, New York, NY, United States No Review 6 hours from $625,00 &#8211; $50,00 Travel Thailand Summer 2020 Bangkok &#8211; Pattaya Champs-Elys\u00e9es, 8\u00e8me 5 rue de Berri 75008 Paris France No Review 3 days from $2.000,00 $1.950,00<\/p>","protected":false},"author":1,"featured_media":0,"parent":0,"menu_order":0,"comment_status":"closed","ping_status":"closed","template":"elementor_header_footer","meta":{"footnotes":""},"class_list":["post-10369","page","type-page","status-publish","has-post-thumbnail","hentry"],"_links":{"self":[{"href":"https:\/\/egyptkingtours.com\/de\/wp-json\/wp\/v2\/pages\/10369","targetHints":{"allow":["GET"]}}],"collection":[{"href":"https:\/\/egyptkingtours.com\/de\/wp-json\/wp\/v2\/pages"}],"about":[{"href":"https:\/\/egyptkingtours.com\/de\/wp-json\/wp\/v2\/types\/page"}],"author":[{"embeddable":true,"href":"https:\/\/egyptkingtours.com\/de\/wp-json\/wp\/v2\/users\/1"}],"replies":[{"embeddable":true,"href":"https:\/\/egyptkingtours.com\/de\/wp-json\/wp\/v2\/comments?post=10369"}],"version-history":[{"count":4,"href":"https:\/\/egyptkingtours.com\/de\/wp-json\/wp\/v2\/pages\/10369\/revisions"}],"predecessor-version":[{"id":10378,"href":"https:\/\/egyptkingtours.com\/de\/wp-json\/wp\/v2\/pages\/10369\/revisions\/10378"}],"wp:attachment":[{"href":"https:\/\/egyptkingtours.com\/de\/wp-json\/wp\/v2\/media?parent=10369"}],"curies":[{"name":"wp","href":"https:\/\/api.w.org\/{rel}","templated":true}]}}