{"id":10168,"date":"2025-08-03T22:53:09","date_gmt":"2025-08-03T22:53:09","guid":{"rendered":"http:\/\/localhost:10131\/?page_id=10168"},"modified":"2025-08-04T00:13:45","modified_gmt":"2025-08-04T00:13:45","slug":"air-balloon-booking","status":"publish","type":"page","link":"https:\/\/egyptkingtours.com\/es\/air-balloon-booking\/","title":{"rendered":"Reserva de globos aerost\u00e1ticos"},"content":{"rendered":"<div data-elementor-type=\"wp-page\" data-elementor-id=\"10168\" class=\"elementor elementor-10168\">\n\t\t\t\t<div class=\"elementor-element elementor-element-3718a40 e-flex e-con-boxed wpr-particle-no wpr-jarallax-no wpr-parallax-no wpr-sticky-section-no wpr-equal-height-no e-con e-parent\" data-id=\"3718a40\" data-element_type=\"container\" data-e-type=\"container\">\n\t\t\t\t\t<div class=\"e-con-inner\">\n\t\t<div class=\"elementor-element elementor-element-6f7d181 e-con-full e-flex wpr-particle-no wpr-jarallax-no wpr-parallax-no wpr-sticky-section-no wpr-equal-height-no e-con e-child\" data-id=\"6f7d181\" data-element_type=\"container\" data-e-type=\"container\">\n\t\t<div class=\"elementor-element elementor-element-c12bf61 e-con-full e-flex wpr-particle-no wpr-jarallax-no wpr-parallax-no wpr-sticky-section-no wpr-equal-height-no e-con e-child\" data-id=\"c12bf61\" data-element_type=\"container\" data-e-type=\"container\" data-settings=\"{&quot;background_background&quot;:&quot;classic&quot;}\">\n\t\t\t\t<\/div>\n\t\t\t\t<\/div>\n\t\t\t\t\t<\/div>\n\t\t\t\t<\/div>\n\t\t<div class=\"elementor-element elementor-element-74f694b e-flex e-con-boxed wpr-particle-no wpr-jarallax-no wpr-parallax-no wpr-sticky-section-no wpr-equal-height-no e-con e-parent\" data-id=\"74f694b\" data-element_type=\"container\" data-e-type=\"container\">\n\t\t\t\t\t<div class=\"e-con-inner\">\n\t\t\t\t<div class=\"elementor-element elementor-element-4d9eb33 elementor-widget__width-initial elementor-invisible elementor-widget elementor-widget-heading\" data-id=\"4d9eb33\" data-element_type=\"widget\" data-e-type=\"widget\" data-settings=\"{&quot;_animation&quot;:&quot;slideInRight&quot;,&quot;_animation_delay&quot;:200}\" data-widget_type=\"heading.default\">\n\t\t\t\t<div class=\"elementor-widget-container\">\n\t\t\t\t\t<h3 class=\"elementor-heading-title elementor-size-default\">Aventuras en globo aerost\u00e1tico sobre Luxor<\/h3>\t\t\t\t<\/div>\n\t\t\t\t<\/div>\n\t\t\t\t<div class=\"elementor-element elementor-element-7065ff6 elementor-widget-divider--view-line elementor-invisible elementor-widget elementor-widget-divider\" data-id=\"7065ff6\" data-element_type=\"widget\" data-e-type=\"widget\" data-settings=\"{&quot;_animation&quot;:&quot;slideInRight&quot;,&quot;_animation_delay&quot;:400}\" data-widget_type=\"divider.default\">\n\t\t\t\t<div class=\"elementor-widget-container\">\n\t\t\t\t\t\t\t<div class=\"elementor-divider\">\n\t\t\t<span class=\"elementor-divider-separator\">\n\t\t\t\t\t\t<\/span>\n\t\t<\/div>\n\t\t\t\t\t\t<\/div>\n\t\t\t\t<\/div>\n\t\t\t\t<div class=\"elementor-element elementor-element-4b99206 elementor-invisible elementor-widget elementor-widget-text-editor\" data-id=\"4b99206\" data-element_type=\"widget\" data-e-type=\"widget\" data-settings=\"{&quot;_animation&quot;:&quot;fadeInRight&quot;}\" data-widget_type=\"text-editor.default\">\n\t\t\t\t<div class=\"elementor-widget-container\">\n\t\t\t\t\t\t\t\t\t<p>Sobrevuele las antiguas maravillas de Luxor con nuestro inolvidable servicio de globo aerost\u00e1tico. En Egypt King Tours, ofrecemos una perspectiva serena e impresionante de los sitios arqueol\u00f3gicos m\u00e1s emblem\u00e1ticos de Egipto, desde la tranquilidad del cielo matutino.<\/p><p><span style=\"font-size: 18pt; color: #1a2b48;\"><b>Experimente la magia de un amanecer en Luxor:<\/b><\/span><\/p><p>Imagina flotar suavemente mientras los primeros rayos de sol ti\u00f1en el paisaje des\u00e9rtico de tonos dorados y rosados. Desde tu posici\u00f3n estrat\u00e9gica en las alturas, contempla c\u00f3mo los extensos templos y tumbas de la Ribera Occidental \u2014el Valle de los Reyes, el Templo de Hatshepsut y los Colosos de Memn\u00f3n\u2014 despiertan a tus pies. En la Ribera Oriental, los majestuosos Templos de Karnak y Luxor se alzan imponentes, revelando su grandeza en una vista panor\u00e1mica \u00fanica.<\/p><p><span style=\"font-size: 18pt; color: #1a2b48;\"><strong>\u00bfPor qu\u00e9 elegir nuestro servicio de globo aerost\u00e1tico?<\/strong><\/span><\/p><p><b>Vistas inigualables:<\/b> Obtenga una perspectiva a\u00e9rea de las antiguas maravillas de Luxor y la exuberante cinta verde del r\u00edo Nilo, que se extiende hacia el vasto desierto.<\/p><p><b>Seguridad ante todo:<\/b> Su seguridad es nuestra m\u00e1xima prioridad. Colaboramos exclusivamente con los operadores de globos m\u00e1s prestigiosos y certificados de Luxor, cumpliendo con los m\u00e1s altos est\u00e1ndares internacionales de seguridad. Nuestros pilotos experimentados son altamente cualificados y conocen el espacio a\u00e9reo local.<\/p><p><b>Experiencia perfecta:<\/b> Desde la recogida en su hotel en Luxor hasta un refrigerio ligero antes del vuelo y un c\u00f3modo transporte al lugar de despegue, nos encargamos de todos los detalles. Tras su incre\u00edble vuelo, regresar\u00e1 sano y salvo a su hotel.<\/p><p><b>Guiado por expertos:<\/b> Mientras est\u00e9 en el aire, su piloto le brindar\u00e1 comentarios fascinantes, se\u00f1alando los lugares de inter\u00e9s clave y compartiendo conocimientos sobre la rica historia de Luxor, lo que har\u00e1 que su viaje sea tan educativo como visualmente impresionante.<\/p><p><b>Momentos memorables:<\/b> Un viaje en globo aerost\u00e1tico sobre Luxor es una experiencia verdaderamente \u00fanica, perfecta para crear recuerdos duraderos y capturar fotograf\u00edas incre\u00edbles.<\/p>\t\t\t\t\t\t\t\t<\/div>\n\t\t\t\t<\/div>\n\t\t\t\t\t<\/div>\n\t\t\t\t<\/div>\n\t\t<div class=\"elementor-element elementor-element-0077b2d e-flex e-con-boxed wpr-particle-no wpr-jarallax-no wpr-parallax-no wpr-sticky-section-no wpr-equal-height-no e-con e-parent\" data-id=\"0077b2d\" data-element_type=\"container\" data-e-type=\"container\">\n\t\t\t\t\t<div class=\"e-con-inner\">\n\t\t\t\t<div class=\"elementor-element elementor-element-405edb9 elementor-widget__width-initial elementor-invisible elementor-widget elementor-widget-heading\" data-id=\"405edb9\" data-element_type=\"widget\" data-e-type=\"widget\" data-settings=\"{&quot;_animation&quot;:&quot;slideInRight&quot;,&quot;_animation_delay&quot;:200}\" data-widget_type=\"heading.default\">\n\t\t\t\t<div class=\"elementor-widget-container\">\n\t\t\t\t\t<h3 class=\"elementor-heading-title elementor-size-default\">Reserva tu servicio<\/h3>\t\t\t\t<\/div>\n\t\t\t\t<\/div>\n\t\t\t\t<div class=\"elementor-element elementor-element-e1cc974 elementor-widget-divider--view-line elementor-invisible elementor-widget elementor-widget-divider\" data-id=\"e1cc974\" data-element_type=\"widget\" data-e-type=\"widget\" data-settings=\"{&quot;_animation&quot;:&quot;slideInRight&quot;,&quot;_animation_delay&quot;:400}\" data-widget_type=\"divider.default\">\n\t\t\t\t<div class=\"elementor-widget-container\">\n\t\t\t\t\t\t\t<div class=\"elementor-divider\">\n\t\t\t<span class=\"elementor-divider-separator\">\n\t\t\t\t\t\t<\/span>\n\t\t<\/div>\n\t\t\t\t\t\t<\/div>\n\t\t\t\t<\/div>\n\t\t\t\t\t<\/div>\n\t\t\t\t<\/div>\n\t\t<div class=\"elementor-element elementor-element-a5dc041 e-flex e-con-boxed wpr-particle-no wpr-jarallax-no wpr-parallax-no wpr-sticky-section-no wpr-equal-height-no e-con e-parent\" data-id=\"a5dc041\" data-element_type=\"container\" data-e-type=\"container\">\n\t\t\t\t\t<div class=\"e-con-inner\">\n\t\t<div class=\"elementor-element elementor-element-5fa781e e-con-full e-flex wpr-particle-no wpr-jarallax-no wpr-parallax-no wpr-sticky-section-no wpr-equal-height-no e-con e-child\" data-id=\"5fa781e\" data-element_type=\"container\" data-e-type=\"container\">\n\t\t\t\t<div class=\"elementor-element elementor-element-6630c10 wpr-forms-submit-center wpr-forms-align-left elementor-widget elementor-widget-wpr-forms\" data-id=\"6630c10\" data-element_type=\"widget\" data-e-type=\"widget\" data-widget_type=\"wpr-forms.default\">\n\t\t\t\t<div class=\"elementor-widget-container\">\n\t\t\t\t\t<div class=\"wpr-forms-container wpr-custom-chk-radio\"><div class=\"wpforms-container wpforms-container-full wpforms-render-modern\" id=\"wpforms-10181\"><form id=\"wpforms-form-10181\" class=\"wpforms-validate wpforms-form wpforms-ajax-form\" data-formid=\"10181\" method=\"post\" enctype=\"multipart\/form-data\" action=\"\/es\/wp-json\/wp\/v2\/pages\/10168\" data-token=\"67c36afa8c8b6c7b195c72377b18abfa\" data-token-time=\"1778003242\" data-trp-original-action=\"\/es\/wp-json\/wp\/v2\/pages\/10168\"><noscript class=\"wpforms-error-noscript\">Por favor, activa JavaScript en tu navegador para completar este formulario.<\/noscript><div id=\"wpforms-error-noscript\" style=\"display: none;\">Por favor, activa JavaScript en tu navegador para completar este formulario.<\/div><div class=\"wpforms-field-container\"><div id=\"wpforms-10181-field_1-container\" class=\"wpforms-field wpforms-field-name\" data-field-id=\"1\"><fieldset><legend class=\"wpforms-field-label\">Nombre <span class=\"wpforms-required-label\" aria-hidden=\"true\">*<\/span><\/legend><div class=\"wpforms-field-row wpforms-field-large\"><div class=\"wpforms-field-row-block wpforms-first wpforms-one-half\"><input type=\"text\" id=\"wpforms-10181-field_1\" class=\"wpforms-field-name-first wpforms-field-required\" name=\"wpforms[fields][1][first]\" aria-errormessage=\"wpforms-10181-field_1-error\" required><label for=\"wpforms-10181-field_1\" class=\"wpforms-field-sublabel after\">Nombre<\/label><\/div><div class=\"wpforms-field-row-block wpforms-one-half\"><input type=\"text\" id=\"wpforms-10181-field_1-last\" class=\"wpforms-field-name-last wpforms-field-required\" name=\"wpforms[fields][1][last]\" aria-errormessage=\"wpforms-10181-field_1-last-error\" required><label for=\"wpforms-10181-field_1-last\" class=\"wpforms-field-sublabel after\">Apellidos<\/label><\/div><\/div><\/fieldset><\/div><div id=\"wpforms-10181-field_2-container\" class=\"wpforms-field wpforms-field-email\" data-field-id=\"2\"><label class=\"wpforms-field-label\" for=\"wpforms-10181-field_2\">Correo electr\u00f3nico <span class=\"wpforms-required-label\" aria-hidden=\"true\">*<\/span><\/label><input type=\"email\" id=\"wpforms-10181-field_2\" class=\"wpforms-field-large wpforms-field-required\" name=\"wpforms[fields][2]\" spellcheck=\"false\" aria-errormessage=\"wpforms-10181-field_2-error\" required><\/div>\t\t<div id=\"wpforms-10181-field_4-container\"\n\t\t\tclass=\"wpforms-field wpforms-field-text\"\n\t\t\tdata-field-type=\"text\"\n\t\t\tdata-field-id=\"4\"\n\t\t\t>\n\t\t\t<label class=\"wpforms-field-label\" for=\"wpforms-10181-field_4\" >Name Email of<\/label>\n\t\t\t<input type=\"text\" id=\"wpforms-10181-field_4\" class=\"wpforms-field-medium\" name=\"wpforms[fields][4]\" >\n\t\t<\/div>\n\t\t<div id=\"wpforms-10181-field_9-container\" class=\"wpforms-field wpforms-field-phone\" data-field-id=\"9\"><label class=\"wpforms-field-label\" for=\"wpforms-10181-field_9\">Tel\u00e9fono <span class=\"wpforms-required-label\" aria-hidden=\"true\">*<\/span><\/label><input type=\"tel\" id=\"wpforms-10181-field_9\" class=\"wpforms-field-large wpforms-field-required wpforms-smart-phone-field\" data-rule-smart-phone-field=\"true\" name=\"wpforms[fields][9]\" aria-label=\"Tel\u00e9fono\" aria-errormessage=\"wpforms-10181-field_9-error\" required><\/div><div id=\"wpforms-10181-field_5-container\" class=\"wpforms-field wpforms-field-layout\" data-field-id=\"5\"><div class=\"wpforms-field-layout-rows wpforms-field-large\"><div class=\"wpforms-layout-row\"><div class=\"wpforms-layout-column wpforms-layout-column-50\"><div id=\"wpforms-10181-field_6-container\" class=\"wpforms-field wpforms-field-number\" data-field-id=\"6\"><label class=\"wpforms-field-label\" for=\"wpforms-10181-field_6\">N\u00famero de adultos <span class=\"wpforms-required-label\" aria-hidden=\"true\">*<\/span><\/label><input type=\"number\" id=\"wpforms-10181-field_6\" class=\"wpforms-field-medium wpforms-field-required\" name=\"wpforms[fields][6]\" step=\"any\" aria-errormessage=\"wpforms-10181-field_6-error\" required><\/div><\/div><div class=\"wpforms-layout-column wpforms-layout-column-50\"><div id=\"wpforms-10181-field_7-container\" class=\"wpforms-field wpforms-field-number\" data-field-id=\"7\"><label class=\"wpforms-field-label\" for=\"wpforms-10181-field_7\">N\u00famero de ni\u00f1os<\/label><input type=\"number\" id=\"wpforms-10181-field_7\" class=\"wpforms-field-medium\" name=\"wpforms[fields][7]\" step=\"any\" aria-errormessage=\"wpforms-10181-field_7-error\" ><\/div><\/div><\/div><\/div><\/div><div id=\"wpforms-10181-field_8-container\" class=\"wpforms-field wpforms-field-date-time\" data-field-id=\"8\"><label class=\"wpforms-field-label\" for=\"wpforms-10181-field_8\">D\u00eda de llegada<\/label><div class=\"wpforms-datepicker-wrap\"><input type=\"text\" id=\"wpforms-10181-field_8\" class=\"wpforms-field-date-time-date wpforms-datepicker wpforms-field-large\" data-date-format=\"d\/m\/Y\" data-disable-past-dates=\"0\" data-input=\"true\" name=\"wpforms[fields][8][date]\" aria-errormessage=\"wpforms-10181-field_8-error\" ><a title=\"Clear Date\" data-clear class=\"wpforms-datepicker-clear\" style=\"display:none;\"><\/a><\/div><\/div><div id=\"wpforms-10181-field_3-container\" class=\"wpforms-field wpforms-field-textarea\" data-field-id=\"3\"><label class=\"wpforms-field-label\" for=\"wpforms-10181-field_3\">Comentario o mensaje<\/label><textarea id=\"wpforms-10181-field_3\" class=\"wpforms-field-large\" name=\"wpforms[fields][3]\" aria-errormessage=\"wpforms-10181-field_3-error\" ><\/textarea><\/div><script>\n\t\t\t\t( function() {\n\t\t\t\t\tconst style = document.createElement( 'style' );\n\t\t\t\t\tstyle.appendChild( document.createTextNode( '#wpforms-10181-field_4-container { position: absolute !important; overflow: hidden !important; display: inline !important; height: 1px !important; width: 1px !important; z-index: -1000 !important; padding: 0 !important; } #wpforms-10181-field_4-container input { visibility: hidden; } #wpforms-conversational-form-page #wpforms-10181-field_4-container label { counter-increment: none; }' ) );\n\t\t\t\t\tdocument.head.appendChild( style );\n\t\t\t\t\tdocument.currentScript?.remove();\n\t\t\t\t} )();\n\t\t\t<\/script><\/div><!-- .wpforms-field-container --><div class=\"wpforms-submit-container\" ><input type=\"hidden\" name=\"wpforms[id]\" value=\"10181\"><input type=\"hidden\" name=\"page_title\" value=\"\"><input type=\"hidden\" name=\"page_url\" value=\"https:\/\/egyptkingtours.com\/es\/wp-json\/wp\/v2\/pages\/10168\"><input type=\"hidden\" name=\"url_referer\" value=\"\"><button type=\"submit\" name=\"wpforms[submit]\" id=\"wpforms-submit-10181\" class=\"wpforms-submit\" data-alt-text=\"Sending...\" data-submit-text=\"Submit\" aria-live=\"assertive\" value=\"wpforms-submit\">Entregar<\/button><img decoding=\"async\" src=\"https:\/\/egyptkingtours.com\/wp-content\/plugins\/wpforms\/assets\/images\/submit-spin.svg\" class=\"wpforms-submit-spinner\" style=\"display: none;\" width=\"26\" height=\"26\" alt=\"Cargando\"><\/div><input type=\"hidden\" name=\"trp-form-language\" value=\"es\"\/><\/form><\/div>  <!-- .wpforms-container --><\/div>\t\t\t\t<\/div>\n\t\t\t\t<\/div>\n\t\t\t\t<\/div>\n\t\t\t\t\t<\/div>\n\t\t\t\t<\/div>\n\t\t<div class=\"elementor-element elementor-element-47eaaf6 e-flex e-con-boxed wpr-particle-no wpr-jarallax-no wpr-parallax-no wpr-sticky-section-no wpr-equal-height-no e-con e-parent\" data-id=\"47eaaf6\" data-element_type=\"container\" data-e-type=\"container\">\n\t\t\t\t\t<div class=\"e-con-inner\">\n\t\t\t\t\t<\/div>\n\t\t\t\t<\/div>\n\t\t\t\t<\/div>","protected":false},"excerpt":{"rendered":"<p>Hot Air Balloon Adventures Over Luxor Soar above the ancient wonders of Luxor with our unforgettable hot air balloon service! At Egypt King Tours, we offer a serene and breathtaking perspective of Egypt&#8217;s most iconic archaeological sites, all from the tranquility of the morning sky. Experience the Magic of a Luxor Sunrise: Imagine drifting gently as the first rays of sun paint the desert landscape in hues of gold and rose. From your vantage point high above, witness the sprawling temples and tombs of the West Bank \u2013 the Valley of the Kings, Hatshepsut&#8217;s Temple, and the Colossi of Memnon \u2013 awaken beneath you. On the East Bank, the majestic Karnak Temple and Luxor Temple stand proud, their grandeur revealed in a unique, panoramic view. Why Choose Our Hot Air Balloon Service? Unrivaled Views: Gain a bird&#8217;s-eye perspective of Luxor&#8217;s ancient wonders and the lush green ribbon of the Nile River, stretching into the vast desert. Safety First: Your safety is our top priority. We partner with only the most reputable and certified balloon operators in Luxor, adhering to the highest international safety standards. Our experienced pilots are highly skilled and knowledgeable about the local airspace. Seamless Experience: From hotel pick-up in Luxor to a light pre-flight snack and comfortable transportation to the launch site, we handle all the details. After your incredible flight, you&#8217;ll be safely returned to your hotel. Expertly Guided: While in the air, your pilot will provide fascinating commentary, pointing out key landmarks and sharing insights into Luxor&#8217;s rich history, making your journey as educational as it is visually stunning. Memorable Moments: A hot air balloon ride over Luxor is a truly once-in-a-lifetime experience, perfect for creating lasting memories and capturing incredible photographs. Book Your Service Please enable JavaScript in your browser to complete this form.Please enable JavaScript in your browser to complete this form. Name * FirstLast Email *Phone * Number of Adults *Number of ChildrenDay of ArrivalComment or Message Submit<\/p>","protected":false},"author":1,"featured_media":8558,"parent":0,"menu_order":0,"comment_status":"closed","ping_status":"closed","template":"elementor_header_footer","meta":{"footnotes":""},"class_list":["post-10168","page","type-page","status-publish","has-post-thumbnail","hentry"],"_links":{"self":[{"href":"https:\/\/egyptkingtours.com\/es\/wp-json\/wp\/v2\/pages\/10168","targetHints":{"allow":["GET"]}}],"collection":[{"href":"https:\/\/egyptkingtours.com\/es\/wp-json\/wp\/v2\/pages"}],"about":[{"href":"https:\/\/egyptkingtours.com\/es\/wp-json\/wp\/v2\/types\/page"}],"author":[{"embeddable":true,"href":"https:\/\/egyptkingtours.com\/es\/wp-json\/wp\/v2\/users\/1"}],"replies":[{"embeddable":true,"href":"https:\/\/egyptkingtours.com\/es\/wp-json\/wp\/v2\/comments?post=10168"}],"version-history":[{"count":43,"href":"https:\/\/egyptkingtours.com\/es\/wp-json\/wp\/v2\/pages\/10168\/revisions"}],"predecessor-version":[{"id":10244,"href":"https:\/\/egyptkingtours.com\/es\/wp-json\/wp\/v2\/pages\/10168\/revisions\/10244"}],"wp:featuredmedia":[{"embeddable":true,"href":"https:\/\/egyptkingtours.com\/es\/wp-json\/"}],"wp:attachment":[{"href":"https:\/\/egyptkingtours.com\/es\/wp-json\/wp\/v2\/media?parent=10168"}],"curies":[{"name":"wp","href":"https:\/\/api.w.org\/{rel}","templated":true}]}}