{"id":10213,"date":"2025-08-03T23:44:41","date_gmt":"2025-08-03T23:44:41","guid":{"rendered":"http:\/\/localhost:10131\/?page_id=10213"},"modified":"2025-08-04T00:05:36","modified_gmt":"2025-08-04T00:05:36","slug":"custom-travel-experiences","status":"publish","type":"page","link":"https:\/\/egyptkingtours.com\/es\/custom-travel-experiences\/","title":{"rendered":"Experiencias de viaje personalizadas"},"content":{"rendered":"<div data-elementor-type=\"wp-page\" data-elementor-id=\"10213\" class=\"elementor elementor-10213\">\n\t\t\t\t<div class=\"elementor-element elementor-element-3718a40 e-flex e-con-boxed wpr-particle-no wpr-jarallax-no wpr-parallax-no wpr-sticky-section-no wpr-equal-height-no e-con e-parent\" data-id=\"3718a40\" data-element_type=\"container\" data-e-type=\"container\">\n\t\t\t\t\t<div class=\"e-con-inner\">\n\t\t<div class=\"elementor-element elementor-element-6f7d181 e-con-full e-flex wpr-particle-no wpr-jarallax-no wpr-parallax-no wpr-sticky-section-no wpr-equal-height-no e-con e-child\" data-id=\"6f7d181\" data-element_type=\"container\" data-e-type=\"container\">\n\t\t<div class=\"elementor-element elementor-element-c12bf61 e-con-full e-flex wpr-particle-no wpr-jarallax-no wpr-parallax-no wpr-sticky-section-no wpr-equal-height-no e-con e-child\" data-id=\"c12bf61\" data-element_type=\"container\" data-e-type=\"container\" data-settings=\"{&quot;background_background&quot;:&quot;classic&quot;}\">\n\t\t\t\t<\/div>\n\t\t\t\t<\/div>\n\t\t\t\t\t<\/div>\n\t\t\t\t<\/div>\n\t\t<div class=\"elementor-element elementor-element-74f694b e-flex e-con-boxed wpr-particle-no wpr-jarallax-no wpr-parallax-no wpr-sticky-section-no wpr-equal-height-no e-con e-parent\" data-id=\"74f694b\" data-element_type=\"container\" data-e-type=\"container\">\n\t\t\t\t\t<div class=\"e-con-inner\">\n\t\t\t\t<div class=\"elementor-element elementor-element-4d9eb33 elementor-widget__width-initial elementor-invisible elementor-widget elementor-widget-heading\" data-id=\"4d9eb33\" data-element_type=\"widget\" data-e-type=\"widget\" data-settings=\"{&quot;_animation&quot;:&quot;slideInRight&quot;,&quot;_animation_delay&quot;:200}\" data-widget_type=\"heading.default\">\n\t\t\t\t<div class=\"elementor-widget-container\">\n\t\t\t\t\t<h3 class=\"elementor-heading-title elementor-size-default\">Emb\u00e1rcate en el viaje de tus sue\u00f1os a Egipto con Egypt King Tours\n<\/h3>\t\t\t\t<\/div>\n\t\t\t\t<\/div>\n\t\t\t\t<div class=\"elementor-element elementor-element-7065ff6 elementor-widget-divider--view-line elementor-invisible elementor-widget elementor-widget-divider\" data-id=\"7065ff6\" data-element_type=\"widget\" data-e-type=\"widget\" data-settings=\"{&quot;_animation&quot;:&quot;slideInRight&quot;,&quot;_animation_delay&quot;:400}\" data-widget_type=\"divider.default\">\n\t\t\t\t<div class=\"elementor-widget-container\">\n\t\t\t\t\t\t\t<div class=\"elementor-divider\">\n\t\t\t<span class=\"elementor-divider-separator\">\n\t\t\t\t\t\t<\/span>\n\t\t<\/div>\n\t\t\t\t\t\t<\/div>\n\t\t\t\t<\/div>\n\t\t\t\t<div class=\"elementor-element elementor-element-4b99206 elementor-invisible elementor-widget elementor-widget-text-editor\" data-id=\"4b99206\" data-element_type=\"widget\" data-e-type=\"widget\" data-settings=\"{&quot;_animation&quot;:&quot;fadeInRight&quot;}\" data-widget_type=\"text-editor.default\">\n\t\t\t\t<div class=\"elementor-widget-container\">\n\t\t\t\t\t\t\t\t\t<p>En Egypt King Tours, no solo ofrecemos tours; creamos aventuras inolvidables a la medida de tus deseos. Como agencia de viajes l\u00edder, fundada en una profunda pasi\u00f3n por las maravillas antiguas y modernas de Egipto, nos dedicamos a brindar experiencias tur\u00edsticas excepcionales que van m\u00e1s all\u00e1 de lo com\u00fan.<\/p><p><span style=\"font-size: 18pt; color: #1a2b48;\"><b>\u00bfPor qu\u00e9 elegir Egypt King Tours para tu aventura en Egipto?<\/b><\/span><\/p><p><b>Gu\u00edas expertos y egipt\u00f3logos:<\/b> Nuestro equipo est\u00e1 formado por apasionados por los viajes, expertos locales y egipt\u00f3logos certificados. Con su profundo conocimiento de la rica historia, la vibrante cultura y las joyas ocultas de Egipto, garantizan que cada momento de su viaje sea enriquecedor, educativo y verdaderamente atractivo. Obtendr\u00e1 informaci\u00f3n que solo un experto local puede ofrecerle.<\/p><p><b>Itinerarios personalizados:<\/b> Entendemos que cada viajero es \u00fanico. Por eso nos especializamos en crear itinerarios personalizados, dise\u00f1ados para adaptarse perfectamente a tus intereses, ritmo y preferencias. Ya sea que sue\u00f1es con seguir los pasos de los faraones, explorar bulliciosos bazares, relajarte en playas v\u00edrgenes o una combinaci\u00f3n de todo, tu aventura en Egipto ser\u00e1 \u00fanica y personal.<\/p><p><b>Lujo y comodidad a cada paso:<\/b> Su viaje con Egypt King Tours es sin\u00f3nimo de comodidad y lujo inigualables. Desde su llegada, espere el m\u00e1s alto nivel de servicio. Seleccionamos meticulosamente alojamientos de primera categor\u00eda, garantizando estancias relajantes en hoteles exquisitos, y ofrecemos las mejores opciones de transporte, incluyendo veh\u00edculos c\u00f3modos con aire acondicionado y traslados privados, para que cada viaje sea perfecto y sin estr\u00e9s.<\/p><p><b>Aut\u00e9ntica experiencia local:<\/b> Estamos profundamente arraigados en Egipto y nos comprometemos a mostrar la verdadera esencia de nuestro magn\u00edfico pa\u00eds. Nuestra experiencia local nos permite presentarte experiencias aut\u00e9nticas y tesoros ocultos que muchos turistas no llegan a ver. Descubre encantadores caf\u00e9s locales, vibrantes talleres artesanales y miradores impresionantes fuera de las rutas tur\u00edsticas habituales, todo ello dise\u00f1ado para profundizar tu conexi\u00f3n con Egipto.<\/p><p><b>Lugares emblem\u00e1ticos y m\u00e1s all\u00e1:<\/b> Nuestros paquetes a medida destacan los lugares m\u00e1s emblem\u00e1ticos de Egipto, para que no se pierda ninguna maravilla. Marav\u00edllese con las majestuosas Pir\u00e1mides de Giza y la enigm\u00e1tica Esfinge, d\u00e9jese impresionar por los colosales templos de Luxor (Karnak y Luxor) y explore el sagrado Valle de los Reyes. Pero su viaje tambi\u00e9n puede extenderse a las impresionantes y serenas playas del Mar Rojo, los vibrantes zocos de El Cairo o los tranquilos oasis del Desierto Occidental.<\/p>\t\t\t\t\t\t\t\t<\/div>\n\t\t\t\t<\/div>\n\t\t\t\t\t<\/div>\n\t\t\t\t<\/div>\n\t\t<div class=\"elementor-element elementor-element-0077b2d e-flex e-con-boxed wpr-particle-no wpr-jarallax-no wpr-parallax-no wpr-sticky-section-no wpr-equal-height-no e-con e-parent\" data-id=\"0077b2d\" data-element_type=\"container\" data-e-type=\"container\">\n\t\t\t\t\t<div class=\"e-con-inner\">\n\t\t\t\t<div class=\"elementor-element elementor-element-405edb9 elementor-widget__width-initial elementor-invisible elementor-widget elementor-widget-heading\" data-id=\"405edb9\" data-element_type=\"widget\" data-e-type=\"widget\" data-settings=\"{&quot;_animation&quot;:&quot;slideInRight&quot;,&quot;_animation_delay&quot;:200}\" data-widget_type=\"heading.default\">\n\t\t\t\t<div class=\"elementor-widget-container\">\n\t\t\t\t\t<h3 class=\"elementor-heading-title elementor-size-default\">Reserva tu servicio<\/h3>\t\t\t\t<\/div>\n\t\t\t\t<\/div>\n\t\t\t\t<div class=\"elementor-element elementor-element-e1cc974 elementor-widget-divider--view-line elementor-invisible elementor-widget elementor-widget-divider\" data-id=\"e1cc974\" data-element_type=\"widget\" data-e-type=\"widget\" data-settings=\"{&quot;_animation&quot;:&quot;slideInRight&quot;,&quot;_animation_delay&quot;:400}\" data-widget_type=\"divider.default\">\n\t\t\t\t<div class=\"elementor-widget-container\">\n\t\t\t\t\t\t\t<div class=\"elementor-divider\">\n\t\t\t<span class=\"elementor-divider-separator\">\n\t\t\t\t\t\t<\/span>\n\t\t<\/div>\n\t\t\t\t\t\t<\/div>\n\t\t\t\t<\/div>\n\t\t\t\t\t<\/div>\n\t\t\t\t<\/div>\n\t\t<div class=\"elementor-element elementor-element-a5dc041 e-flex e-con-boxed wpr-particle-no wpr-jarallax-no wpr-parallax-no wpr-sticky-section-no wpr-equal-height-no e-con e-parent\" data-id=\"a5dc041\" data-element_type=\"container\" data-e-type=\"container\">\n\t\t\t\t\t<div class=\"e-con-inner\">\n\t\t<div class=\"elementor-element elementor-element-5fa781e e-con-full e-flex wpr-particle-no wpr-jarallax-no wpr-parallax-no wpr-sticky-section-no wpr-equal-height-no e-con e-child\" data-id=\"5fa781e\" data-element_type=\"container\" data-e-type=\"container\">\n\t\t\t\t<div class=\"elementor-element elementor-element-6630c10 wpr-forms-submit-center wpr-forms-align-left elementor-widget elementor-widget-wpr-forms\" data-id=\"6630c10\" data-element_type=\"widget\" data-e-type=\"widget\" data-widget_type=\"wpr-forms.default\">\n\t\t\t\t<div class=\"elementor-widget-container\">\n\t\t\t\t\t<div class=\"wpr-forms-container wpr-custom-chk-radio\"><div class=\"wpforms-container wpforms-container-full wpforms-render-modern\" id=\"wpforms-10218\"><form id=\"wpforms-form-10218\" class=\"wpforms-validate wpforms-form wpforms-ajax-form\" data-formid=\"10218\" method=\"post\" enctype=\"multipart\/form-data\" action=\"\/es\/wp-json\/wp\/v2\/pages\/10213\" data-token=\"284c67a9c331f1208e7d1203386c0d22\" data-token-time=\"1778003264\" data-trp-original-action=\"\/es\/wp-json\/wp\/v2\/pages\/10213\"><noscript class=\"wpforms-error-noscript\">Por favor, activa JavaScript en tu navegador para completar este formulario.<\/noscript><div id=\"wpforms-error-noscript\" style=\"display: none;\">Por favor, activa JavaScript en tu navegador para completar este formulario.<\/div><div class=\"wpforms-field-container\">\t\t<div id=\"wpforms-10218-field_4-container\"\n\t\t\tclass=\"wpforms-field wpforms-field-text\"\n\t\t\tdata-field-type=\"text\"\n\t\t\tdata-field-id=\"4\"\n\t\t\t>\n\t\t\t<label class=\"wpforms-field-label\" for=\"wpforms-10218-field_4\" >Phone Comment Name<\/label>\n\t\t\t<input type=\"text\" id=\"wpforms-10218-field_4\" class=\"wpforms-field-medium\" name=\"wpforms[fields][4]\" >\n\t\t<\/div>\n\t\t<div id=\"wpforms-10218-field_1-container\" class=\"wpforms-field wpforms-field-name\" data-field-id=\"1\"><fieldset><legend class=\"wpforms-field-label\">Nombre <span class=\"wpforms-required-label\" aria-hidden=\"true\">*<\/span><\/legend><div class=\"wpforms-field-row wpforms-field-large\"><div class=\"wpforms-field-row-block wpforms-first wpforms-one-half\"><input type=\"text\" id=\"wpforms-10218-field_1\" class=\"wpforms-field-name-first wpforms-field-required\" name=\"wpforms[fields][1][first]\" aria-errormessage=\"wpforms-10218-field_1-error\" required><label for=\"wpforms-10218-field_1\" class=\"wpforms-field-sublabel after\">Nombre<\/label><\/div><div class=\"wpforms-field-row-block wpforms-one-half\"><input type=\"text\" id=\"wpforms-10218-field_1-last\" class=\"wpforms-field-name-last wpforms-field-required\" name=\"wpforms[fields][1][last]\" aria-errormessage=\"wpforms-10218-field_1-last-error\" required><label for=\"wpforms-10218-field_1-last\" class=\"wpforms-field-sublabel after\">Apellidos<\/label><\/div><\/div><\/fieldset><\/div><div id=\"wpforms-10218-field_2-container\" class=\"wpforms-field wpforms-field-email\" data-field-id=\"2\"><label class=\"wpforms-field-label\" for=\"wpforms-10218-field_2\">Correo electr\u00f3nico <span class=\"wpforms-required-label\" aria-hidden=\"true\">*<\/span><\/label><input type=\"email\" id=\"wpforms-10218-field_2\" class=\"wpforms-field-large wpforms-field-required\" name=\"wpforms[fields][2]\" spellcheck=\"false\" aria-errormessage=\"wpforms-10218-field_2-error\" required><\/div><div id=\"wpforms-10218-field_9-container\" class=\"wpforms-field wpforms-field-phone\" data-field-id=\"9\"><label class=\"wpforms-field-label\" for=\"wpforms-10218-field_9\">Tel\u00e9fono <span class=\"wpforms-required-label\" aria-hidden=\"true\">*<\/span><\/label><input type=\"tel\" id=\"wpforms-10218-field_9\" class=\"wpforms-field-large wpforms-field-required wpforms-smart-phone-field\" data-rule-smart-phone-field=\"true\" name=\"wpforms[fields][9]\" aria-label=\"Tel\u00e9fono\" aria-errormessage=\"wpforms-10218-field_9-error\" required><\/div><div id=\"wpforms-10218-field_10-container\" class=\"wpforms-field wpforms-field-select wpforms-field-select-style-classic\" data-field-id=\"10\"><label class=\"wpforms-field-label\" for=\"wpforms-10218-field_10\">Recorrido por la ciudad <span class=\"wpforms-required-label\" aria-hidden=\"true\">*<\/span><\/label><select id=\"wpforms-10218-field_10\" class=\"wpforms-field-large wpforms-field-required\" name=\"wpforms[fields][10]\" required=\"required\"><option value=\"\" class=\"placeholder\" disabled selected='selected'>--- Seleccionar opci\u00f3n ---<\/option><option value=\"Aswan\" >Asu\u00e1n<\/option><option value=\"Cairo\" >El Cairo<\/option><option value=\"Hurghada\" >Hurgada<\/option><option value=\"Luxor\" >Luxor<\/option><option value=\"Marsa Alam\" >Marsa Alam<\/option><option value=\"Sharm El Sheikh\" >Sharm El Sheikh<\/option><\/select><\/div><div id=\"wpforms-10218-field_5-container\" class=\"wpforms-field wpforms-field-layout\" data-field-id=\"5\"><div class=\"wpforms-field-layout-rows wpforms-field-large\"><div class=\"wpforms-layout-row\"><div class=\"wpforms-layout-column wpforms-layout-column-50\"><div id=\"wpforms-10218-field_6-container\" class=\"wpforms-field wpforms-field-number\" data-field-id=\"6\"><label class=\"wpforms-field-label\" for=\"wpforms-10218-field_6\">N\u00famero de adultos <span class=\"wpforms-required-label\" aria-hidden=\"true\">*<\/span><\/label><input type=\"number\" id=\"wpforms-10218-field_6\" class=\"wpforms-field-medium wpforms-field-required\" name=\"wpforms[fields][6]\" step=\"any\" aria-errormessage=\"wpforms-10218-field_6-error\" required><\/div><\/div><div class=\"wpforms-layout-column wpforms-layout-column-50\"><div id=\"wpforms-10218-field_7-container\" class=\"wpforms-field wpforms-field-number\" data-field-id=\"7\"><label class=\"wpforms-field-label\" for=\"wpforms-10218-field_7\">N\u00famero de ni\u00f1os<\/label><input type=\"number\" id=\"wpforms-10218-field_7\" class=\"wpforms-field-medium\" name=\"wpforms[fields][7]\" step=\"any\" aria-errormessage=\"wpforms-10218-field_7-error\" ><\/div><\/div><\/div><\/div><\/div><div id=\"wpforms-10218-field_12-container\" class=\"wpforms-field wpforms-field-layout\" data-field-id=\"12\"><div class=\"wpforms-field-layout-rows wpforms-field-large\"><div class=\"wpforms-layout-row\"><div class=\"wpforms-layout-column wpforms-layout-column-50\"><div id=\"wpforms-10218-field_8-container\" class=\"wpforms-field wpforms-field-date-time\" data-field-id=\"8\"><label class=\"wpforms-field-label\" for=\"wpforms-10218-field_8\">D\u00eda de llegada <span class=\"wpforms-required-label\" aria-hidden=\"true\">*<\/span><\/label><div class=\"wpforms-datepicker-wrap\"><input type=\"text\" id=\"wpforms-10218-field_8\" class=\"wpforms-field-date-time-date wpforms-datepicker wpforms-field-required wpforms-field-large\" data-date-format=\"d\/m\/Y\" data-disable-past-dates=\"0\" data-input=\"true\" name=\"wpforms[fields][8][date]\" aria-errormessage=\"wpforms-10218-field_8-error\" required><a title=\"Clear Date\" data-clear class=\"wpforms-datepicker-clear\" style=\"display:none;\"><\/a><\/div><\/div><\/div><div class=\"wpforms-layout-column wpforms-layout-column-50\"><div id=\"wpforms-10218-field_13-container\" class=\"wpforms-field wpforms-field-date-time\" data-field-id=\"13\"><label class=\"wpforms-field-label\" for=\"wpforms-10218-field_13\">D\u00eda del Departamento <span class=\"wpforms-required-label\" aria-hidden=\"true\">*<\/span><\/label><div class=\"wpforms-datepicker-wrap\"><input type=\"text\" id=\"wpforms-10218-field_13\" class=\"wpforms-field-date-time-date wpforms-datepicker wpforms-field-required wpforms-field-large\" data-date-format=\"d\/m\/Y\" data-disable-past-dates=\"0\" data-input=\"true\" name=\"wpforms[fields][13][date]\" aria-errormessage=\"wpforms-10218-field_13-error\" required><a title=\"Clear Date\" data-clear class=\"wpforms-datepicker-clear\" style=\"display:none;\"><\/a><\/div><\/div><\/div><\/div><\/div><\/div><div id=\"wpforms-10218-field_15-container\" class=\"wpforms-field wpforms-field-layout\" data-field-id=\"15\"><div class=\"wpforms-field-layout-rows wpforms-field-large\"><div class=\"wpforms-layout-row\"><div class=\"wpforms-layout-column wpforms-layout-column-50\"><div id=\"wpforms-10218-field_16-container\" class=\"wpforms-field wpforms-field-date-time\" data-field-id=\"16\"><label class=\"wpforms-field-label\" for=\"wpforms-10218-field_16\">Nombre del aeropuerto <span class=\"wpforms-required-label\" aria-hidden=\"true\">*<\/span><\/label><div class=\"wpforms-datepicker-wrap\"><input type=\"text\" id=\"wpforms-10218-field_16\" class=\"wpforms-field-date-time-date wpforms-datepicker wpforms-field-required wpforms-field-large\" data-date-format=\"d\/m\/Y\" data-disable-past-dates=\"0\" data-input=\"true\" name=\"wpforms[fields][16][date]\" aria-errormessage=\"wpforms-10218-field_16-error\" required><a title=\"Clear Date\" data-clear class=\"wpforms-datepicker-clear\" style=\"display:none;\"><\/a><\/div><\/div><\/div><div class=\"wpforms-layout-column wpforms-layout-column-50\"><div id=\"wpforms-10218-field_17-container\" class=\"wpforms-field wpforms-field-date-time\" data-field-id=\"17\"><label class=\"wpforms-field-label\" for=\"wpforms-10218-field_17\">Nombre del hotel <span class=\"wpforms-required-label\" aria-hidden=\"true\">*<\/span><\/label><div class=\"wpforms-datepicker-wrap\"><input type=\"text\" id=\"wpforms-10218-field_17\" class=\"wpforms-field-date-time-date wpforms-datepicker wpforms-field-required wpforms-field-large\" data-date-format=\"d\/m\/Y\" data-disable-past-dates=\"0\" data-input=\"true\" name=\"wpforms[fields][17][date]\" aria-errormessage=\"wpforms-10218-field_17-error\" required><a title=\"Clear Date\" data-clear class=\"wpforms-datepicker-clear\" style=\"display:none;\"><\/a><\/div><\/div><\/div><\/div><\/div><\/div><div id=\"wpforms-10218-field_3-container\" class=\"wpforms-field wpforms-field-textarea\" data-field-id=\"3\"><label class=\"wpforms-field-label\" for=\"wpforms-10218-field_3\">Comentario o mensaje<\/label><textarea id=\"wpforms-10218-field_3\" class=\"wpforms-field-large\" name=\"wpforms[fields][3]\" aria-errormessage=\"wpforms-10218-field_3-error\" ><\/textarea><\/div><script>\n\t\t\t\t( function() {\n\t\t\t\t\tconst style = document.createElement( 'style' );\n\t\t\t\t\tstyle.appendChild( document.createTextNode( '#wpforms-10218-field_4-container { position: absolute !important; overflow: hidden !important; display: inline !important; height: 1px !important; width: 1px !important; z-index: -1000 !important; padding: 0 !important; } #wpforms-10218-field_4-container input { visibility: hidden; } #wpforms-conversational-form-page #wpforms-10218-field_4-container label { counter-increment: none; }' ) );\n\t\t\t\t\tdocument.head.appendChild( style );\n\t\t\t\t\tdocument.currentScript?.remove();\n\t\t\t\t} )();\n\t\t\t<\/script><\/div><!-- .wpforms-field-container --><div class=\"wpforms-submit-container\" ><input type=\"hidden\" name=\"wpforms[id]\" value=\"10218\"><input type=\"hidden\" name=\"page_title\" value=\"\"><input type=\"hidden\" name=\"page_url\" value=\"https:\/\/egyptkingtours.com\/es\/wp-json\/wp\/v2\/pages\/10213\"><input type=\"hidden\" name=\"url_referer\" value=\"\"><button type=\"submit\" name=\"wpforms[submit]\" id=\"wpforms-submit-10218\" class=\"wpforms-submit\" data-alt-text=\"Sending...\" data-submit-text=\"Submit\" aria-live=\"assertive\" value=\"wpforms-submit\">Entregar<\/button><img decoding=\"async\" src=\"https:\/\/egyptkingtours.com\/wp-content\/plugins\/wpforms\/assets\/images\/submit-spin.svg\" class=\"wpforms-submit-spinner\" style=\"display: none;\" width=\"26\" height=\"26\" alt=\"Cargando\"><\/div><input type=\"hidden\" name=\"trp-form-language\" value=\"es\"\/><\/form><\/div>  <!-- .wpforms-container --><\/div>\t\t\t\t<\/div>\n\t\t\t\t<\/div>\n\t\t\t\t<\/div>\n\t\t\t\t\t<\/div>\n\t\t\t\t<\/div>\n\t\t<div class=\"elementor-element elementor-element-47eaaf6 e-flex e-con-boxed wpr-particle-no wpr-jarallax-no wpr-parallax-no wpr-sticky-section-no wpr-equal-height-no e-con e-parent\" data-id=\"47eaaf6\" data-element_type=\"container\" data-e-type=\"container\">\n\t\t\t\t\t<div class=\"e-con-inner\">\n\t\t\t\t\t<\/div>\n\t\t\t\t<\/div>\n\t\t\t\t<\/div>","protected":false},"excerpt":{"rendered":"<p>Embark on Your Dream Egyptian Journey with Egypt King Tours At Egypt King Tours, we don&#8217;t just offer tours; we craft unforgettable adventures tailored to your desires. As a leading travel company founded on a deep passion for Egypt&#8217;s ancient wonders and modern marvels, we are dedicated to providing exceptional tour experiences that go beyond the ordinary. Why Choose Egypt King Tours for Your Egyptian Adventure? Expert Guides &amp; Egyptologists: Our team comprises passionate travel enthusiasts, local experts, and certified Egyptologists. With their profound knowledge of Egypt&#8217;s rich history, vibrant culture, and hidden gems, they ensure every moment of your tour is enriching, educational, and truly engaging. You&#8217;ll gain insights that only a local expert can provide. Custom-Tailored Itineraries: We understand that every traveler is unique. That&#8217;s why we specialize in creating personalized itineraries designed to perfectly match your interests, pace, and preferences. Whether you dream of tracing the footsteps of pharaohs, exploring bustling bazaars, relaxing on pristine beaches, or a blend of everything, your Egyptian adventure will be uniquely yours. Luxury &amp; Comfort at Every Step: Your journey with Egypt King Tours is synonymous with unparalleled comfort and luxury. From the moment you arrive, expect the highest standards of service. We meticulously select top-tier accommodations, ensuring restful stays in exquisite hotels, and provide the finest transportation options, including comfortable, air-conditioned vehicles and private transfers, making every transition seamless and stress-free. Authentic Local Expertise: We are deeply rooted in Egypt and committed to showcasing the true essence of our magnificent country. Our local expertise allows us to introduce you to authentic experiences and hidden treasures that many tourists never get to see. Discover charming local cafes, vibrant artisan workshops, and breathtaking viewpoints off the beaten path, all curated to deepen your connection with Egypt. Iconic Landmarks &amp; Beyond: Our custom-tailored packages highlight Egypt\u2019s most iconic landmarks, ensuring you don&#8217;t miss a single wonder. Marvel at the majestic Pyramids of Giza and the enigmatic Sphinx, be awe-inspired by the colossal temples of Luxor (Karnak and Luxor Temples), and explore the sacred Valley of the Kings. But your journey can also extend to the stunning, serene beaches of the Red Sea, the vibrant souks of Cairo, or the tranquil oases of the Western Desert. Book Your Service Please enable JavaScript in your browser to complete this form.Please enable JavaScript in your browser to complete this form. Name * FirstLast Email *Phone * Tour CityCairoHurghadaLuxorSharm El SheikhNumber of Adults *Number of ChildrenDay of ArrivalComment or Message Submit<\/p>","protected":false},"author":1,"featured_media":8558,"parent":0,"menu_order":0,"comment_status":"closed","ping_status":"closed","template":"elementor_header_footer","meta":{"footnotes":""},"class_list":["post-10213","page","type-page","status-publish","has-post-thumbnail","hentry"],"_links":{"self":[{"href":"https:\/\/egyptkingtours.com\/es\/wp-json\/wp\/v2\/pages\/10213","targetHints":{"allow":["GET"]}}],"collection":[{"href":"https:\/\/egyptkingtours.com\/es\/wp-json\/wp\/v2\/pages"}],"about":[{"href":"https:\/\/egyptkingtours.com\/es\/wp-json\/wp\/v2\/types\/page"}],"author":[{"embeddable":true,"href":"https:\/\/egyptkingtours.com\/es\/wp-json\/wp\/v2\/users\/1"}],"replies":[{"embeddable":true,"href":"https:\/\/egyptkingtours.com\/es\/wp-json\/wp\/v2\/comments?post=10213"}],"version-history":[{"count":10,"href":"https:\/\/egyptkingtours.com\/es\/wp-json\/wp\/v2\/pages\/10213\/revisions"}],"predecessor-version":[{"id":10230,"href":"https:\/\/egyptkingtours.com\/es\/wp-json\/wp\/v2\/pages\/10213\/revisions\/10230"}],"wp:featuredmedia":[{"embeddable":true,"href":"https:\/\/egyptkingtours.com\/es\/wp-json\/"}],"wp:attachment":[{"href":"https:\/\/egyptkingtours.com\/es\/wp-json\/wp\/v2\/media?parent=10213"}],"curies":[{"name":"wp","href":"https:\/\/api.w.org\/{rel}","templated":true}]}}