{"id":10245,"date":"2025-08-04T00:15:33","date_gmt":"2025-08-04T00:15:33","guid":{"rendered":"http:\/\/localhost:10131\/?page_id=10245"},"modified":"2025-08-04T00:17:22","modified_gmt":"2025-08-04T00:17:22","slug":"hotel-pickups-drops","status":"publish","type":"page","link":"https:\/\/egyptkingtours.com\/es\/hotel-pickups-drops\/","title":{"rendered":"Recogida y regreso al hotel"},"content":{"rendered":"<div data-elementor-type=\"wp-page\" data-elementor-id=\"10245\" class=\"elementor elementor-10245\">\n\t\t\t\t<div class=\"elementor-element elementor-element-3718a40 e-flex e-con-boxed wpr-particle-no wpr-jarallax-no wpr-parallax-no wpr-sticky-section-no wpr-equal-height-no e-con e-parent\" data-id=\"3718a40\" data-element_type=\"container\" data-e-type=\"container\">\n\t\t\t\t\t<div class=\"e-con-inner\">\n\t\t<div class=\"elementor-element elementor-element-6f7d181 e-con-full e-flex wpr-particle-no wpr-jarallax-no wpr-parallax-no wpr-sticky-section-no wpr-equal-height-no e-con e-child\" data-id=\"6f7d181\" data-element_type=\"container\" data-e-type=\"container\">\n\t\t<div class=\"elementor-element elementor-element-c12bf61 e-con-full e-flex wpr-particle-no wpr-jarallax-no wpr-parallax-no wpr-sticky-section-no wpr-equal-height-no e-con e-child\" data-id=\"c12bf61\" data-element_type=\"container\" data-e-type=\"container\" data-settings=\"{&quot;background_background&quot;:&quot;classic&quot;}\">\n\t\t\t\t<\/div>\n\t\t\t\t<\/div>\n\t\t\t\t\t<\/div>\n\t\t\t\t<\/div>\n\t\t<div class=\"elementor-element elementor-element-74f694b e-flex e-con-boxed wpr-particle-no wpr-jarallax-no wpr-parallax-no wpr-sticky-section-no wpr-equal-height-no e-con e-parent\" data-id=\"74f694b\" data-element_type=\"container\" data-e-type=\"container\">\n\t\t\t\t\t<div class=\"e-con-inner\">\n\t\t\t\t<div class=\"elementor-element elementor-element-4d9eb33 elementor-widget__width-initial elementor-invisible elementor-widget elementor-widget-heading\" data-id=\"4d9eb33\" data-element_type=\"widget\" data-e-type=\"widget\" data-settings=\"{&quot;_animation&quot;:&quot;slideInRight&quot;,&quot;_animation_delay&quot;:200}\" data-widget_type=\"heading.default\">\n\t\t\t\t<div class=\"elementor-widget-container\">\n\t\t\t\t\t<h3 class=\"elementor-heading-title elementor-size-default\">Traslados sin complicaciones al hotel en Luxor<\/h3>\t\t\t\t<\/div>\n\t\t\t\t<\/div>\n\t\t\t\t<div class=\"elementor-element elementor-element-7065ff6 elementor-widget-divider--view-line elementor-invisible elementor-widget elementor-widget-divider\" data-id=\"7065ff6\" data-element_type=\"widget\" data-e-type=\"widget\" data-settings=\"{&quot;_animation&quot;:&quot;slideInRight&quot;,&quot;_animation_delay&quot;:400}\" data-widget_type=\"divider.default\">\n\t\t\t\t<div class=\"elementor-widget-container\">\n\t\t\t\t\t\t\t<div class=\"elementor-divider\">\n\t\t\t<span class=\"elementor-divider-separator\">\n\t\t\t\t\t\t<\/span>\n\t\t<\/div>\n\t\t\t\t\t\t<\/div>\n\t\t\t\t<\/div>\n\t\t\t\t<div class=\"elementor-element elementor-element-4b99206 elementor-invisible elementor-widget elementor-widget-text-editor\" data-id=\"4b99206\" data-element_type=\"widget\" data-e-type=\"widget\" data-settings=\"{&quot;_animation&quot;:&quot;fadeInRight&quot;}\" data-widget_type=\"text-editor.default\">\n\t\t\t\t<div class=\"elementor-widget-container\">\n\t\t\t\t\t\t\t\t\t<p>En Egypt King Tours, entendemos que la comodidad es clave para unas vacaciones verdaderamente relajantes y placenteras. Por eso ofrecemos <b>Servicios de recogida y regreso al hotel fiables y sin complicaciones<\/b> desde todos los mejores hoteles de Luxor, lo que garantiza que su viaje por Egipto sea c\u00f3modo y sin estr\u00e9s de principio a fin.<\/p><p><span style=\"font-size: 18pt; color: #1a2b48;\"><b>Tu comodidad, nuestra prioridad:<\/b><\/span><\/p><p>Desde su llegada a Luxor, nos encargamos de todas sus necesidades de transporte. Ya sea que se embarque en una aventura en globo aerost\u00e1tico por la ma\u00f1ana temprano, en una excursi\u00f3n de un d\u00eda completo a la Ribera Oriental o Occidental, o simplemente necesite un c\u00f3modo traslado al aeropuerto o la estaci\u00f3n de tren, nuestro servicio especializado le garantiza un viaje c\u00f3modo y con estilo.<\/p><p><span style=\"font-size: 18pt; color: #1a2b48;\"><b>Qu\u00e9 puedes esperar:<\/b><\/span><\/p><p><b>R\u00e1pido y puntual:<\/b> Nuestros conductores profesionales se programan meticulosamente para llegar puntualmente, lo que garantiza que nunca tendr\u00e1 que preocuparse por retrasos ni por perder la hora de inicio de su tour. Valoramos su tiempo tanto como usted.<\/p><p><b>Lujo y comodidad:<\/b> Viaje en nuestros modernos veh\u00edculos con aire acondicionado: elija entre c\u00f3modos sedanes para personas y parejas, o espaciosas furgonetas para familias y grupos. Cada veh\u00edculo se mantiene con los m\u00e1s altos est\u00e1ndares de limpieza y confort, lo que le brinda un ambiente relajante para sus traslados.<\/p><p><b>Conductores experimentados y corteses:<\/b> Nuestros conductores locales no solo son h\u00e1biles y seguros al volante, sino que tambi\u00e9n conocen bien las carreteras y el tr\u00e1fico de Luxor. Son corteses, serviciales y se comprometen a brindarle un viaje placentero, permiti\u00e9ndole relajarse y disfrutar de las vistas.<\/p><p><b>Servicio puerta a puerta:<\/b> Lo recogemos directamente en el lobby de su hotel y lo llevamos a su destino, ya sea un lugar emblem\u00e1tico, el aeropuerto u otro hotel. Sin complicaciones, sin desplazamientos, pura comodidad.<\/p><p><b>Traslados sin estr\u00e9s:<\/b> Olv\u00eddate de regatear con taxis o descifrar el transporte p\u00fablico. Con Egypt King Tours, tus traslados est\u00e1n organizados y gestionados por expertos, lo que te da la tranquilidad de concentrarte en las maravillas de Egipto.<\/p>\t\t\t\t\t\t\t\t<\/div>\n\t\t\t\t<\/div>\n\t\t\t\t\t<\/div>\n\t\t\t\t<\/div>\n\t\t<div class=\"elementor-element elementor-element-0077b2d e-flex e-con-boxed wpr-particle-no wpr-jarallax-no wpr-parallax-no wpr-sticky-section-no wpr-equal-height-no e-con e-parent\" data-id=\"0077b2d\" data-element_type=\"container\" data-e-type=\"container\">\n\t\t\t\t\t<div class=\"e-con-inner\">\n\t\t\t\t<div class=\"elementor-element elementor-element-405edb9 elementor-widget__width-initial elementor-invisible elementor-widget elementor-widget-heading\" data-id=\"405edb9\" data-element_type=\"widget\" data-e-type=\"widget\" data-settings=\"{&quot;_animation&quot;:&quot;slideInRight&quot;,&quot;_animation_delay&quot;:200}\" data-widget_type=\"heading.default\">\n\t\t\t\t<div class=\"elementor-widget-container\">\n\t\t\t\t\t<h3 class=\"elementor-heading-title elementor-size-default\">Reserva tu servicio<\/h3>\t\t\t\t<\/div>\n\t\t\t\t<\/div>\n\t\t\t\t<div class=\"elementor-element elementor-element-e1cc974 elementor-widget-divider--view-line elementor-invisible elementor-widget elementor-widget-divider\" data-id=\"e1cc974\" data-element_type=\"widget\" data-e-type=\"widget\" data-settings=\"{&quot;_animation&quot;:&quot;slideInRight&quot;,&quot;_animation_delay&quot;:400}\" data-widget_type=\"divider.default\">\n\t\t\t\t<div class=\"elementor-widget-container\">\n\t\t\t\t\t\t\t<div class=\"elementor-divider\">\n\t\t\t<span class=\"elementor-divider-separator\">\n\t\t\t\t\t\t<\/span>\n\t\t<\/div>\n\t\t\t\t\t\t<\/div>\n\t\t\t\t<\/div>\n\t\t\t\t\t<\/div>\n\t\t\t\t<\/div>\n\t\t<div class=\"elementor-element elementor-element-a5dc041 e-flex e-con-boxed wpr-particle-no wpr-jarallax-no wpr-parallax-no wpr-sticky-section-no wpr-equal-height-no e-con e-parent\" data-id=\"a5dc041\" data-element_type=\"container\" data-e-type=\"container\">\n\t\t\t\t\t<div class=\"e-con-inner\">\n\t\t<div class=\"elementor-element elementor-element-5fa781e e-con-full e-flex wpr-particle-no wpr-jarallax-no wpr-parallax-no wpr-sticky-section-no wpr-equal-height-no e-con e-child\" data-id=\"5fa781e\" data-element_type=\"container\" data-e-type=\"container\">\n\t\t\t\t<div class=\"elementor-element elementor-element-6630c10 wpr-forms-submit-center wpr-forms-align-left elementor-widget elementor-widget-wpr-forms\" data-id=\"6630c10\" data-element_type=\"widget\" data-e-type=\"widget\" data-widget_type=\"wpr-forms.default\">\n\t\t\t\t<div class=\"elementor-widget-container\">\n\t\t\t\t\t<div class=\"wpr-forms-container wpr-custom-chk-radio\"><div class=\"wpforms-container wpforms-container-full wpforms-render-modern\" id=\"wpforms-10231\"><form id=\"wpforms-form-10231\" class=\"wpforms-validate wpforms-form wpforms-ajax-form\" data-formid=\"10231\" method=\"post\" enctype=\"multipart\/form-data\" action=\"\/es\/wp-json\/wp\/v2\/pages\/10245\" data-token=\"f6ac8e03574be47f96c6172b8dc27f20\" data-token-time=\"1778003264\" data-trp-original-action=\"\/es\/wp-json\/wp\/v2\/pages\/10245\"><noscript class=\"wpforms-error-noscript\">Por favor, activa JavaScript en tu navegador para completar este formulario.<\/noscript><div id=\"wpforms-error-noscript\" style=\"display: none;\">Por favor, activa JavaScript en tu navegador para completar este formulario.<\/div><div class=\"wpforms-field-container\"><div id=\"wpforms-10231-field_1-container\" class=\"wpforms-field wpforms-field-name\" data-field-id=\"1\"><fieldset><legend class=\"wpforms-field-label\">Nombre <span class=\"wpforms-required-label\" aria-hidden=\"true\">*<\/span><\/legend><div class=\"wpforms-field-row wpforms-field-large\"><div class=\"wpforms-field-row-block wpforms-first wpforms-one-half\"><input type=\"text\" id=\"wpforms-10231-field_1\" class=\"wpforms-field-name-first wpforms-field-required\" name=\"wpforms[fields][1][first]\" aria-errormessage=\"wpforms-10231-field_1-error\" required><label for=\"wpforms-10231-field_1\" class=\"wpforms-field-sublabel after\">Nombre<\/label><\/div><div class=\"wpforms-field-row-block wpforms-one-half\"><input type=\"text\" id=\"wpforms-10231-field_1-last\" class=\"wpforms-field-name-last wpforms-field-required\" name=\"wpforms[fields][1][last]\" aria-errormessage=\"wpforms-10231-field_1-last-error\" required><label for=\"wpforms-10231-field_1-last\" class=\"wpforms-field-sublabel after\">Apellidos<\/label><\/div><\/div><\/fieldset><\/div><div id=\"wpforms-10231-field_2-container\" class=\"wpforms-field wpforms-field-email\" data-field-id=\"2\"><label class=\"wpforms-field-label\" for=\"wpforms-10231-field_2\">Correo electr\u00f3nico <span class=\"wpforms-required-label\" aria-hidden=\"true\">*<\/span><\/label><input type=\"email\" id=\"wpforms-10231-field_2\" class=\"wpforms-field-large wpforms-field-required\" name=\"wpforms[fields][2]\" spellcheck=\"false\" aria-errormessage=\"wpforms-10231-field_2-error\" required><\/div>\t\t<div id=\"wpforms-10231-field_4-container\"\n\t\t\tclass=\"wpforms-field wpforms-field-text\"\n\t\t\tdata-field-type=\"text\"\n\t\t\tdata-field-id=\"4\"\n\t\t\t>\n\t\t\t<label class=\"wpforms-field-label\" for=\"wpforms-10231-field_4\" >City of Message<\/label>\n\t\t\t<input type=\"text\" id=\"wpforms-10231-field_4\" class=\"wpforms-field-medium\" name=\"wpforms[fields][4]\" >\n\t\t<\/div>\n\t\t<div id=\"wpforms-10231-field_10-container\" class=\"wpforms-field wpforms-field-select wpforms-field-select-style-classic\" data-field-id=\"10\"><label class=\"wpforms-field-label\" for=\"wpforms-10231-field_10\">Ciudad<\/label><select id=\"wpforms-10231-field_10\" class=\"wpforms-field-large\" name=\"wpforms[fields][10]\"><option value=\"Cairo\" >El Cairo<\/option><option value=\"Hurghada\" >Hurgada<\/option><option value=\"Luxor\" >Luxor<\/option><option value=\"Sharm El Sheikh\" >Sharm El Sheikh<\/option><\/select><\/div><div id=\"wpforms-10231-field_13-container\" class=\"wpforms-field wpforms-field-text\" data-field-id=\"13\"><label class=\"wpforms-field-label\" for=\"wpforms-10231-field_13\">Lugar de recogida<\/label><input type=\"text\" id=\"wpforms-10231-field_13\" class=\"wpforms-field-large\" name=\"wpforms[fields][13]\" aria-errormessage=\"wpforms-10231-field_13-error\" ><\/div><div id=\"wpforms-10231-field_14-container\" class=\"wpforms-field wpforms-field-text\" data-field-id=\"14\"><label class=\"wpforms-field-label\" for=\"wpforms-10231-field_14\">Lugar de entrega <\/label><input type=\"text\" id=\"wpforms-10231-field_14\" class=\"wpforms-field-large\" name=\"wpforms[fields][14]\" aria-errormessage=\"wpforms-10231-field_14-error\" ><\/div><div id=\"wpforms-10231-field_9-container\" class=\"wpforms-field wpforms-field-phone\" data-field-id=\"9\"><label class=\"wpforms-field-label\" for=\"wpforms-10231-field_9\">Tel\u00e9fono <span class=\"wpforms-required-label\" aria-hidden=\"true\">*<\/span><\/label><input type=\"tel\" id=\"wpforms-10231-field_9\" class=\"wpforms-field-large wpforms-field-required wpforms-smart-phone-field\" data-rule-smart-phone-field=\"true\" name=\"wpforms[fields][9]\" aria-label=\"Tel\u00e9fono\" aria-errormessage=\"wpforms-10231-field_9-error\" required><\/div><div id=\"wpforms-10231-field_5-container\" class=\"wpforms-field wpforms-field-layout\" data-field-id=\"5\"><div class=\"wpforms-field-layout-rows wpforms-field-large\"><div class=\"wpforms-layout-row\"><div class=\"wpforms-layout-column wpforms-layout-column-50\"><div id=\"wpforms-10231-field_6-container\" class=\"wpforms-field wpforms-field-number\" data-field-id=\"6\"><label class=\"wpforms-field-label\" for=\"wpforms-10231-field_6\">N\u00famero de adultos <span class=\"wpforms-required-label\" aria-hidden=\"true\">*<\/span><\/label><input type=\"number\" id=\"wpforms-10231-field_6\" class=\"wpforms-field-medium wpforms-field-required\" name=\"wpforms[fields][6]\" step=\"any\" aria-errormessage=\"wpforms-10231-field_6-error\" required><\/div><\/div><div class=\"wpforms-layout-column wpforms-layout-column-50\"><div id=\"wpforms-10231-field_7-container\" class=\"wpforms-field wpforms-field-number\" data-field-id=\"7\"><label class=\"wpforms-field-label\" for=\"wpforms-10231-field_7\">N\u00famero de ni\u00f1os<\/label><input type=\"number\" id=\"wpforms-10231-field_7\" class=\"wpforms-field-medium\" name=\"wpforms[fields][7]\" step=\"any\" aria-errormessage=\"wpforms-10231-field_7-error\" ><\/div><\/div><\/div><\/div><\/div><div id=\"wpforms-10231-field_8-container\" class=\"wpforms-field wpforms-field-date-time\" data-field-id=\"8\"><label class=\"wpforms-field-label\" for=\"wpforms-10231-field_8\">D\u00eda de llegada<\/label><div class=\"wpforms-datepicker-wrap\"><input type=\"text\" id=\"wpforms-10231-field_8\" class=\"wpforms-field-date-time-date wpforms-datepicker wpforms-field-large\" data-date-format=\"d\/m\/Y\" data-disable-past-dates=\"0\" data-input=\"true\" name=\"wpforms[fields][8][date]\" aria-errormessage=\"wpforms-10231-field_8-error\" ><a title=\"Clear Date\" data-clear class=\"wpforms-datepicker-clear\" style=\"display:none;\"><\/a><\/div><\/div><div id=\"wpforms-10231-field_3-container\" class=\"wpforms-field wpforms-field-textarea\" data-field-id=\"3\"><label class=\"wpforms-field-label\" for=\"wpforms-10231-field_3\">Comentario o mensaje<\/label><textarea id=\"wpforms-10231-field_3\" class=\"wpforms-field-large\" name=\"wpforms[fields][3]\" aria-errormessage=\"wpforms-10231-field_3-error\" ><\/textarea><\/div><script>\n\t\t\t\t( function() {\n\t\t\t\t\tconst style = document.createElement( 'style' );\n\t\t\t\t\tstyle.appendChild( document.createTextNode( '#wpforms-10231-field_4-container { position: absolute !important; overflow: hidden !important; display: inline !important; height: 1px !important; width: 1px !important; z-index: -1000 !important; padding: 0 !important; } #wpforms-10231-field_4-container input { visibility: hidden; } #wpforms-conversational-form-page #wpforms-10231-field_4-container label { counter-increment: none; }' ) );\n\t\t\t\t\tdocument.head.appendChild( style );\n\t\t\t\t\tdocument.currentScript?.remove();\n\t\t\t\t} )();\n\t\t\t<\/script><\/div><!-- .wpforms-field-container --><div class=\"wpforms-submit-container\" ><input type=\"hidden\" name=\"wpforms[id]\" value=\"10231\"><input type=\"hidden\" name=\"page_title\" value=\"\"><input type=\"hidden\" name=\"page_url\" value=\"https:\/\/egyptkingtours.com\/es\/wp-json\/wp\/v2\/pages\/10245\"><input type=\"hidden\" name=\"url_referer\" value=\"\"><button type=\"submit\" name=\"wpforms[submit]\" id=\"wpforms-submit-10231\" class=\"wpforms-submit\" data-alt-text=\"Sending...\" data-submit-text=\"Submit\" aria-live=\"assertive\" value=\"wpforms-submit\">Entregar<\/button><img decoding=\"async\" src=\"https:\/\/egyptkingtours.com\/wp-content\/plugins\/wpforms\/assets\/images\/submit-spin.svg\" class=\"wpforms-submit-spinner\" style=\"display: none;\" width=\"26\" height=\"26\" alt=\"Cargando\"><\/div><input type=\"hidden\" name=\"trp-form-language\" value=\"es\"\/><\/form><\/div>  <!-- .wpforms-container --><\/div>\t\t\t\t<\/div>\n\t\t\t\t<\/div>\n\t\t\t\t<\/div>\n\t\t\t\t\t<\/div>\n\t\t\t\t<\/div>\n\t\t<div class=\"elementor-element elementor-element-47eaaf6 e-flex e-con-boxed wpr-particle-no wpr-jarallax-no wpr-parallax-no wpr-sticky-section-no wpr-equal-height-no e-con e-parent\" data-id=\"47eaaf6\" data-element_type=\"container\" data-e-type=\"container\">\n\t\t\t\t\t<div class=\"e-con-inner\">\n\t\t\t\t\t<\/div>\n\t\t\t\t<\/div>\n\t\t\t\t<\/div>","protected":false},"excerpt":{"rendered":"<p>Seamless Hotel Pickups &amp; Drops in Luxor At Egypt King Tours, we understand that convenience is key to a truly relaxing and enjoyable vacation. That&#8217;s why we offer seamless and reliable hotel pickup and drop-off services from all top hotels in Luxor, ensuring your journey through Egypt is comfortable and stress-free from beginning to end. Your Comfort, Our Priority: From the moment you arrive in Luxor, we take care of all your transportation needs. Whether you&#8217;re heading out for an early morning hot air balloon adventure, embarking on a full-day tour to the East or West Bank, or simply need a comfortable transfer to the airport or train station, our dedicated service ensures you travel in style and ease. What You Can Expect: Prompt &amp; Punctual: Our professional drivers are meticulously scheduled to arrive on time, ensuring you never have to worry about delays or missing your tour start times. We value your time as much as you do. Luxury &amp; Comfort: Travel in our modern, air-conditioned vehicles \u2013 choose from comfortable sedans for individuals and couples, or spacious vans for families and groups. Each vehicle is maintained to the highest standards of cleanliness and comfort, providing a relaxing environment for your transfers. Experienced &amp; Courteous Drivers: Our local drivers are not only skilled and safe behind the wheel but also knowledgeable about Luxor&#8217;s roads and traffic patterns. They are courteous, helpful, and committed to providing a pleasant journey, allowing you to sit back and enjoy the views. Door-to-Door Service: We pick you up directly from your hotel lobby and drop you off precisely at your desired destination, whether it&#8217;s an iconic landmark, the airport, or another hotel. No hassle, no navigating, just pure convenience. Stress-Free Transfers: Forget about haggling with taxis or deciphering public transport. With Egypt King Tours, your transfers are pre-arranged and managed by experts, giving you peace of mind to focus on the wonders of Egypt. Book Your Service Please enable JavaScript in your browser to complete this form.Please enable JavaScript in your browser to complete this form. Name * FirstLast Email *CityCairoHurghadaLuxorSharm El SheikhName Of The HotelPhone * Number of Adults *Number of ChildrenDay of ArrivalComment or Message Submit<\/p>","protected":false},"author":1,"featured_media":8558,"parent":0,"menu_order":0,"comment_status":"closed","ping_status":"closed","template":"elementor_header_footer","meta":{"footnotes":""},"class_list":["post-10245","page","type-page","status-publish","has-post-thumbnail","hentry"],"_links":{"self":[{"href":"https:\/\/egyptkingtours.com\/es\/wp-json\/wp\/v2\/pages\/10245","targetHints":{"allow":["GET"]}}],"collection":[{"href":"https:\/\/egyptkingtours.com\/es\/wp-json\/wp\/v2\/pages"}],"about":[{"href":"https:\/\/egyptkingtours.com\/es\/wp-json\/wp\/v2\/types\/page"}],"author":[{"embeddable":true,"href":"https:\/\/egyptkingtours.com\/es\/wp-json\/wp\/v2\/users\/1"}],"replies":[{"embeddable":true,"href":"https:\/\/egyptkingtours.com\/es\/wp-json\/wp\/v2\/comments?post=10245"}],"version-history":[{"count":7,"href":"https:\/\/egyptkingtours.com\/es\/wp-json\/wp\/v2\/pages\/10245\/revisions"}],"predecessor-version":[{"id":10252,"href":"https:\/\/egyptkingtours.com\/es\/wp-json\/wp\/v2\/pages\/10245\/revisions\/10252"}],"wp:featuredmedia":[{"embeddable":true,"href":"https:\/\/egyptkingtours.com\/es\/wp-json\/"}],"wp:attachment":[{"href":"https:\/\/egyptkingtours.com\/es\/wp-json\/wp\/v2\/media?parent=10245"}],"curies":[{"name":"wp","href":"https:\/\/api.w.org\/{rel}","templated":true}]}}