{"id":10370,"date":"2025-08-09T00:24:45","date_gmt":"2025-08-09T00:24:45","guid":{"rendered":"https:\/\/luxor.unicodeg.com\/?page_id=10370"},"modified":"2025-08-09T00:27:31","modified_gmt":"2025-08-09T00:27:31","slug":"aswan","status":"publish","type":"page","link":"https:\/\/egyptkingtours.com\/fr\/aswan\/","title":{"rendered":"Assouan"},"content":{"rendered":"<div data-elementor-type=\"wp-page\" data-elementor-id=\"10370\" class=\"elementor elementor-10370\">\n\t\t\t\t<div class=\"elementor-element elementor-element-fe1cba4 e-flex e-con-boxed wpr-particle-no wpr-jarallax-no wpr-parallax-no wpr-sticky-section-no wpr-equal-height-no e-con e-parent\" data-id=\"fe1cba4\" data-element_type=\"container\" data-e-type=\"container\">\n\t\t\t\t\t<div class=\"e-con-inner\">\n\t\t\t\t<div class=\"elementor-element elementor-element-2dc9b0e elementor-widget elementor-widget-heading\" data-id=\"2dc9b0e\" data-element_type=\"widget\" data-e-type=\"widget\" data-widget_type=\"heading.default\">\n\t\t\t\t<div class=\"elementor-widget-container\">\n\t\t\t\t\t<h2 class=\"elementor-heading-title elementor-size-default\">Voyages \u00e0 Assouan<\/h2>\t\t\t\t<\/div>\n\t\t\t\t<\/div>\n\t\t\t\t<div class=\"elementor-element elementor-element-72c491f elementor-widget__width-initial elementor-widget elementor-widget-heading\" data-id=\"72c491f\" data-element_type=\"widget\" data-e-type=\"widget\" data-widget_type=\"heading.default\">\n\t\t\t\t<div class=\"elementor-widget-container\">\n\t\t\t\t\t<h2 class=\"elementor-heading-title elementor-size-default\">Explorez les eaux majestueuses du Nil \u00e0 Assouan, o\u00f9 histoire ancienne et paysages \u00e9poustouflants se m\u00ealent. Naviguez dans un cadre paisible et admirez les monuments intemporels, le tout en compagnie d&#039;experts qui donnent vie \u00e0 ce joyau du sud de l&#039;\u00c9gypte.\n<\/h2>\t\t\t\t<\/div>\n\t\t\t\t<\/div>\n\t\t\t\t<div class=\"elementor-element elementor-element-e6527b0 elementor-widget-divider--view-line elementor-widget elementor-widget-divider\" data-id=\"e6527b0\" data-element_type=\"widget\" data-e-type=\"widget\" data-widget_type=\"divider.default\">\n\t\t\t\t<div class=\"elementor-widget-container\">\n\t\t\t\t\t\t\t<div class=\"elementor-divider\">\n\t\t\t<span class=\"elementor-divider-separator\">\n\t\t\t\t\t\t<\/span>\n\t\t<\/div>\n\t\t\t\t\t\t<\/div>\n\t\t\t\t<\/div>\n\t\t\t\t\t<\/div>\n\t\t\t\t<\/div>\n\t\t<div class=\"elementor-element elementor-element-7490f32 e-flex e-con-boxed wpr-particle-no wpr-jarallax-no wpr-parallax-no wpr-sticky-section-no wpr-equal-height-no e-con e-parent\" data-id=\"7490f32\" data-element_type=\"container\" data-e-type=\"container\">\n\t\t\t\t\t<div class=\"e-con-inner\">\n\t\t\t\t<div class=\"elementor-element elementor-element-7da4aa1 elementor-widget elementor-widget-st_list_service\" data-id=\"7da4aa1\" data-element_type=\"widget\" data-e-type=\"widget\" data-settings=\"{&quot;item_row&quot;:&quot;4&quot;,&quot;type_form&quot;:&quot;single&quot;,&quot;order&quot;:&quot;ASC&quot;}\" data-widget_type=\"st_list_service.default\">\n\t\t\t\t<div class=\"elementor-widget-container\">\n\t\t\t\t\t<div class=\"st-list-service grid style_1\"\r\n     >\r\n    <div class=\"map-content-loading\">\r\n    <div class=\"st-loader\"><\/div>\r\n<\/div>        <div class=\"multi-service-wrapper\">\r\n        <div class=\"tab-content st_tours\"><div class=\"service-list-wrapper row\"><\/div><\/div>\r\n    <\/div>\r\n<\/div>\r\n\t\t\t\t<\/div>\n\t\t\t\t<\/div>\n\t\t\t\t\t<\/div>\n\t\t\t\t<\/div>\n\t\t\t\t<\/div>","protected":false},"excerpt":{"rendered":"<p>Aswan Trips Explore the majestic Nile waters of Aswan, where ancient history meets stunning landscapes. Cruise through serene surroundings and marvel at the timeless monuments, all guided by expert tours that bring Egypt&#8217;s southern jewel to life. &#8211; 10% Featured Bali Full-Day Traditional Village Sightseeing Trip Champs-Elys\u00e9es, Paris France No Review 10 hours from $150,00 $135,00 Half-Day Chiang Mai City and Temples Tour Including Doi Suthep Avenue of the Americas, New York, NY, United States No Review 6 hours from $625,00 Tourism Paradise Island Koh Rong Cambodia 2 Days 1 Night Avenue of the Americas, New York, NY, United States No Review 6 hours from $625,00 &#8211; $50,00 Travel Thailand Summer 2020 Bangkok &#8211; Pattaya Champs-Elys\u00e9es, 8\u00e8me 5 rue de Berri 75008 Paris France No Review 3 days from $2.000,00 $1.950,00 Sapa Trekking Tours &#8211; 2 Days 1 Night Stay At Homestay Champs-Elys\u00e9e, Paris France No Review 2 days from $170,00 &#8211; 10% Tonle Sap Floating Village Tour from Siem Reap Champs-Elys\u00e9es, Paris France No Review 3-5 hours from $895,00 $805,50 Hue City Sightseeing Tour with Huong River Cruise Place Vend\u00f4me Paris No Review 8 hours from $895,00 Travel 2 Days 1 Nights to Jakarta Indonesia City Champs-Elys\u00e9es, Paris France No Review 2 days from $1.650,00 Travel to Danang City &#8211; The Most Livable City in Vietnam Champs-Elys\u00e9es, Paris France No Review 3 days from $0,00 Travelling in Cambodia is the Ultimate SEA Experience. Champs-Elys\u00e9es, Paris France No Review 2 days from $0,00<\/p>","protected":false},"author":1,"featured_media":0,"parent":0,"menu_order":0,"comment_status":"closed","ping_status":"closed","template":"elementor_header_footer","meta":{"footnotes":""},"class_list":["post-10370","page","type-page","status-publish","has-post-thumbnail","hentry"],"_links":{"self":[{"href":"https:\/\/egyptkingtours.com\/fr\/wp-json\/wp\/v2\/pages\/10370","targetHints":{"allow":["GET"]}}],"collection":[{"href":"https:\/\/egyptkingtours.com\/fr\/wp-json\/wp\/v2\/pages"}],"about":[{"href":"https:\/\/egyptkingtours.com\/fr\/wp-json\/wp\/v2\/types\/page"}],"author":[{"embeddable":true,"href":"https:\/\/egyptkingtours.com\/fr\/wp-json\/wp\/v2\/users\/1"}],"replies":[{"embeddable":true,"href":"https:\/\/egyptkingtours.com\/fr\/wp-json\/wp\/v2\/comments?post=10370"}],"version-history":[{"count":4,"href":"https:\/\/egyptkingtours.com\/fr\/wp-json\/wp\/v2\/pages\/10370\/revisions"}],"predecessor-version":[{"id":10375,"href":"https:\/\/egyptkingtours.com\/fr\/wp-json\/wp\/v2\/pages\/10370\/revisions\/10375"}],"wp:attachment":[{"href":"https:\/\/egyptkingtours.com\/fr\/wp-json\/wp\/v2\/media?parent=10370"}],"curies":[{"name":"wp","href":"https:\/\/api.w.org\/{rel}","templated":true}]}}