{"id":10168,"date":"2025-08-03T22:53:09","date_gmt":"2025-08-03T22:53:09","guid":{"rendered":"http:\/\/localhost:10131\/?page_id=10168"},"modified":"2025-08-04T00:13:45","modified_gmt":"2025-08-04T00:13:45","slug":"air-balloon-booking","status":"publish","type":"page","link":"https:\/\/egyptkingtours.com\/it\/air-balloon-booking\/","title":{"rendered":"Prenotazione mongolfiera"},"content":{"rendered":"<div data-elementor-type=\"wp-page\" data-elementor-id=\"10168\" class=\"elementor elementor-10168\">\n\t\t\t\t<div class=\"elementor-element elementor-element-3718a40 e-flex e-con-boxed wpr-particle-no wpr-jarallax-no wpr-parallax-no wpr-sticky-section-no wpr-equal-height-no e-con e-parent\" data-id=\"3718a40\" data-element_type=\"container\" data-e-type=\"container\">\n\t\t\t\t\t<div class=\"e-con-inner\">\n\t\t<div class=\"elementor-element elementor-element-6f7d181 e-con-full e-flex wpr-particle-no wpr-jarallax-no wpr-parallax-no wpr-sticky-section-no wpr-equal-height-no e-con e-child\" data-id=\"6f7d181\" data-element_type=\"container\" data-e-type=\"container\">\n\t\t<div class=\"elementor-element elementor-element-c12bf61 e-con-full e-flex wpr-particle-no wpr-jarallax-no wpr-parallax-no wpr-sticky-section-no wpr-equal-height-no e-con e-child\" data-id=\"c12bf61\" data-element_type=\"container\" data-e-type=\"container\" data-settings=\"{&quot;background_background&quot;:&quot;classic&quot;}\">\n\t\t\t\t<\/div>\n\t\t\t\t<\/div>\n\t\t\t\t\t<\/div>\n\t\t\t\t<\/div>\n\t\t<div class=\"elementor-element elementor-element-74f694b e-flex e-con-boxed wpr-particle-no wpr-jarallax-no wpr-parallax-no wpr-sticky-section-no wpr-equal-height-no e-con e-parent\" data-id=\"74f694b\" data-element_type=\"container\" data-e-type=\"container\">\n\t\t\t\t\t<div class=\"e-con-inner\">\n\t\t\t\t<div class=\"elementor-element elementor-element-4d9eb33 elementor-widget__width-initial elementor-invisible elementor-widget elementor-widget-heading\" data-id=\"4d9eb33\" data-element_type=\"widget\" data-e-type=\"widget\" data-settings=\"{&quot;_animation&quot;:&quot;slideInRight&quot;,&quot;_animation_delay&quot;:200}\" data-widget_type=\"heading.default\">\n\t\t\t\t<div class=\"elementor-widget-container\">\n\t\t\t\t\t<h3 class=\"elementor-heading-title elementor-size-default\">Avventure in mongolfiera sopra Luxor<\/h3>\t\t\t\t<\/div>\n\t\t\t\t<\/div>\n\t\t\t\t<div class=\"elementor-element elementor-element-7065ff6 elementor-widget-divider--view-line elementor-invisible elementor-widget elementor-widget-divider\" data-id=\"7065ff6\" data-element_type=\"widget\" data-e-type=\"widget\" data-settings=\"{&quot;_animation&quot;:&quot;slideInRight&quot;,&quot;_animation_delay&quot;:400}\" data-widget_type=\"divider.default\">\n\t\t\t\t<div class=\"elementor-widget-container\">\n\t\t\t\t\t\t\t<div class=\"elementor-divider\">\n\t\t\t<span class=\"elementor-divider-separator\">\n\t\t\t\t\t\t<\/span>\n\t\t<\/div>\n\t\t\t\t\t\t<\/div>\n\t\t\t\t<\/div>\n\t\t\t\t<div class=\"elementor-element elementor-element-4b99206 elementor-invisible elementor-widget elementor-widget-text-editor\" data-id=\"4b99206\" data-element_type=\"widget\" data-e-type=\"widget\" data-settings=\"{&quot;_animation&quot;:&quot;fadeInRight&quot;}\" data-widget_type=\"text-editor.default\">\n\t\t\t\t<div class=\"elementor-widget-container\">\n\t\t\t\t\t\t\t\t\t<p>Sorvolate le antiche meraviglie di Luxor con il nostro indimenticabile servizio in mongolfiera! Noi di Egypt King Tours offriamo una prospettiva serena e mozzafiato dei siti archeologici pi\u00f9 iconici dell&#039;Egitto, il tutto nella tranquillit\u00e0 del cielo mattutino.<\/p><p><span style=\"font-size: 18pt; color: #1a2b48;\"><b>Vivi la magia dell&#039;alba a Luxor:<\/b><\/span><\/p><p>Immagina di fluttuare dolcemente mentre i primi raggi di sole dipingono il paesaggio desertico di sfumature dorate e rosa. Dal tuo punto di osservazione privilegiato, ammira i templi e le tombe della Cisgiordania \u2013 la Valle dei Re, il Tempio di Hatshepsut e i Colossi di Memnone \u2013 risvegliarsi sotto di te. Sulla riva orientale, i maestosi Templi di Karnak e Luxor si ergono fieri, rivelando la loro grandiosit\u00e0 in una vista panoramica unica.<\/p><p><span style=\"font-size: 18pt; color: #1a2b48;\"><strong>Perch\u00e9 scegliere il nostro servizio di mongolfiera?<\/strong><\/span><\/p><p><b>Viste impareggiabili:<\/b> Ammirate da una prospettiva a volo d&#039;uccello le antiche meraviglie di Luxor e il lussureggiante nastro verde del fiume Nilo, che si estende nel vasto deserto.<\/p><p><b>La sicurezza prima di tutto:<\/b> La vostra sicurezza \u00e8 la nostra massima priorit\u00e0. Collaboriamo solo con gli operatori di mongolfiere pi\u00f9 affidabili e certificati di Luxor, nel rispetto dei pi\u00f9 elevati standard di sicurezza internazionali. I nostri piloti esperti sono altamente qualificati e conoscono a fondo lo spazio aereo locale.<\/p><p><b>Esperienza senza interruzioni:<\/b> Dal prelievo in hotel a Luxor a uno spuntino leggero prima del volo, fino al comodo trasporto al sito di lancio, ci occupiamo di tutti i dettagli. Dopo il tuo incredibile volo, verrai riportato in hotel in tutta sicurezza.<\/p><p><b>Guidati da esperti:<\/b> Durante il volo, il pilota fornir\u00e0 un commento affascinante, indicando i punti di riferimento principali e condividendo approfondimenti sulla ricca storia di Luxor, rendendo il vostro viaggio tanto istruttivo quanto visivamente sbalorditivo.<\/p><p><b>Momenti memorabili:<\/b> Un giro in mongolfiera sopra Luxor \u00e8 un&#039;esperienza davvero unica nella vita, perfetta per creare ricordi indelebili e scattare fotografie incredibili.<\/p>\t\t\t\t\t\t\t\t<\/div>\n\t\t\t\t<\/div>\n\t\t\t\t\t<\/div>\n\t\t\t\t<\/div>\n\t\t<div class=\"elementor-element elementor-element-0077b2d e-flex e-con-boxed wpr-particle-no wpr-jarallax-no wpr-parallax-no wpr-sticky-section-no wpr-equal-height-no e-con e-parent\" data-id=\"0077b2d\" data-element_type=\"container\" data-e-type=\"container\">\n\t\t\t\t\t<div class=\"e-con-inner\">\n\t\t\t\t<div class=\"elementor-element elementor-element-405edb9 elementor-widget__width-initial elementor-invisible elementor-widget elementor-widget-heading\" data-id=\"405edb9\" data-element_type=\"widget\" data-e-type=\"widget\" data-settings=\"{&quot;_animation&quot;:&quot;slideInRight&quot;,&quot;_animation_delay&quot;:200}\" data-widget_type=\"heading.default\">\n\t\t\t\t<div class=\"elementor-widget-container\">\n\t\t\t\t\t<h3 class=\"elementor-heading-title elementor-size-default\">Prenota il tuo servizio<\/h3>\t\t\t\t<\/div>\n\t\t\t\t<\/div>\n\t\t\t\t<div class=\"elementor-element elementor-element-e1cc974 elementor-widget-divider--view-line elementor-invisible elementor-widget elementor-widget-divider\" data-id=\"e1cc974\" data-element_type=\"widget\" data-e-type=\"widget\" data-settings=\"{&quot;_animation&quot;:&quot;slideInRight&quot;,&quot;_animation_delay&quot;:400}\" data-widget_type=\"divider.default\">\n\t\t\t\t<div class=\"elementor-widget-container\">\n\t\t\t\t\t\t\t<div class=\"elementor-divider\">\n\t\t\t<span class=\"elementor-divider-separator\">\n\t\t\t\t\t\t<\/span>\n\t\t<\/div>\n\t\t\t\t\t\t<\/div>\n\t\t\t\t<\/div>\n\t\t\t\t\t<\/div>\n\t\t\t\t<\/div>\n\t\t<div class=\"elementor-element elementor-element-a5dc041 e-flex e-con-boxed wpr-particle-no wpr-jarallax-no wpr-parallax-no wpr-sticky-section-no wpr-equal-height-no e-con e-parent\" data-id=\"a5dc041\" data-element_type=\"container\" data-e-type=\"container\">\n\t\t\t\t\t<div class=\"e-con-inner\">\n\t\t<div class=\"elementor-element elementor-element-5fa781e e-con-full e-flex wpr-particle-no wpr-jarallax-no wpr-parallax-no wpr-sticky-section-no wpr-equal-height-no e-con e-child\" data-id=\"5fa781e\" data-element_type=\"container\" data-e-type=\"container\">\n\t\t\t\t<div class=\"elementor-element elementor-element-6630c10 wpr-forms-submit-center wpr-forms-align-left elementor-widget elementor-widget-wpr-forms\" data-id=\"6630c10\" data-element_type=\"widget\" data-e-type=\"widget\" data-widget_type=\"wpr-forms.default\">\n\t\t\t\t<div class=\"elementor-widget-container\">\n\t\t\t\t\t<div class=\"wpr-forms-container wpr-custom-chk-radio\"><div class=\"wpforms-container wpforms-container-full wpforms-render-modern\" id=\"wpforms-10181\"><form id=\"wpforms-form-10181\" class=\"wpforms-validate wpforms-form wpforms-ajax-form\" data-formid=\"10181\" method=\"post\" enctype=\"multipart\/form-data\" action=\"\/it\/wp-json\/wp\/v2\/pages\/10168\" data-token=\"67c36afa8c8b6c7b195c72377b18abfa\" data-token-time=\"1778012425\" data-trp-original-action=\"\/it\/wp-json\/wp\/v2\/pages\/10168\"><noscript class=\"wpforms-error-noscript\">Abilita JavaScript nel browser per completare questo modulo.<\/noscript><div id=\"wpforms-error-noscript\" style=\"display: none;\">Abilita JavaScript nel browser per completare questo modulo.<\/div><div class=\"wpforms-field-container\">\t\t<div id=\"wpforms-10181-field_4-container\"\n\t\t\tclass=\"wpforms-field wpforms-field-text\"\n\t\t\tdata-field-type=\"text\"\n\t\t\tdata-field-id=\"4\"\n\t\t\t>\n\t\t\t<label class=\"wpforms-field-label\" for=\"wpforms-10181-field_4\" >of Number Day<\/label>\n\t\t\t<input type=\"text\" id=\"wpforms-10181-field_4\" class=\"wpforms-field-medium\" name=\"wpforms[fields][4]\" >\n\t\t<\/div>\n\t\t<div id=\"wpforms-10181-field_1-container\" class=\"wpforms-field wpforms-field-name\" data-field-id=\"1\"><fieldset><legend class=\"wpforms-field-label\">Nome <span class=\"wpforms-required-label\" aria-hidden=\"true\">*<\/span><\/legend><div class=\"wpforms-field-row wpforms-field-large\"><div class=\"wpforms-field-row-block wpforms-first wpforms-one-half\"><input type=\"text\" id=\"wpforms-10181-field_1\" class=\"wpforms-field-name-first wpforms-field-required\" name=\"wpforms[fields][1][first]\" aria-errormessage=\"wpforms-10181-field_1-error\" required><label for=\"wpforms-10181-field_1\" class=\"wpforms-field-sublabel after\">Nome<\/label><\/div><div class=\"wpforms-field-row-block wpforms-one-half\"><input type=\"text\" id=\"wpforms-10181-field_1-last\" class=\"wpforms-field-name-last wpforms-field-required\" name=\"wpforms[fields][1][last]\" aria-errormessage=\"wpforms-10181-field_1-last-error\" required><label for=\"wpforms-10181-field_1-last\" class=\"wpforms-field-sublabel after\">Cognome<\/label><\/div><\/div><\/fieldset><\/div><div id=\"wpforms-10181-field_2-container\" class=\"wpforms-field wpforms-field-email\" data-field-id=\"2\"><label class=\"wpforms-field-label\" for=\"wpforms-10181-field_2\">E-mail <span class=\"wpforms-required-label\" aria-hidden=\"true\">*<\/span><\/label><input type=\"email\" id=\"wpforms-10181-field_2\" class=\"wpforms-field-large wpforms-field-required\" name=\"wpforms[fields][2]\" spellcheck=\"false\" aria-errormessage=\"wpforms-10181-field_2-error\" required><\/div><div id=\"wpforms-10181-field_9-container\" class=\"wpforms-field wpforms-field-phone\" data-field-id=\"9\"><label class=\"wpforms-field-label\" for=\"wpforms-10181-field_9\">Telefono <span class=\"wpforms-required-label\" aria-hidden=\"true\">*<\/span><\/label><input type=\"tel\" id=\"wpforms-10181-field_9\" class=\"wpforms-field-large wpforms-field-required wpforms-smart-phone-field\" data-rule-smart-phone-field=\"true\" name=\"wpforms[fields][9]\" aria-label=\"Telefono\" aria-errormessage=\"wpforms-10181-field_9-error\" required><\/div><div id=\"wpforms-10181-field_5-container\" class=\"wpforms-field wpforms-field-layout\" data-field-id=\"5\"><div class=\"wpforms-field-layout-rows wpforms-field-large\"><div class=\"wpforms-layout-row\"><div class=\"wpforms-layout-column wpforms-layout-column-50\"><div id=\"wpforms-10181-field_6-container\" class=\"wpforms-field wpforms-field-number\" data-field-id=\"6\"><label class=\"wpforms-field-label\" for=\"wpforms-10181-field_6\">Numero di adulti <span class=\"wpforms-required-label\" aria-hidden=\"true\">*<\/span><\/label><input type=\"number\" id=\"wpforms-10181-field_6\" class=\"wpforms-field-medium wpforms-field-required\" name=\"wpforms[fields][6]\" step=\"any\" aria-errormessage=\"wpforms-10181-field_6-error\" required><\/div><\/div><div class=\"wpforms-layout-column wpforms-layout-column-50\"><div id=\"wpforms-10181-field_7-container\" class=\"wpforms-field wpforms-field-number\" data-field-id=\"7\"><label class=\"wpforms-field-label\" for=\"wpforms-10181-field_7\">Numero di bambini<\/label><input type=\"number\" id=\"wpforms-10181-field_7\" class=\"wpforms-field-medium\" name=\"wpforms[fields][7]\" step=\"any\" aria-errormessage=\"wpforms-10181-field_7-error\" ><\/div><\/div><\/div><\/div><\/div><div id=\"wpforms-10181-field_8-container\" class=\"wpforms-field wpforms-field-date-time\" data-field-id=\"8\"><label class=\"wpforms-field-label\" for=\"wpforms-10181-field_8\">Giorno di arrivo<\/label><div class=\"wpforms-datepicker-wrap\"><input type=\"text\" id=\"wpforms-10181-field_8\" class=\"wpforms-field-date-time-date wpforms-datepicker wpforms-field-large\" data-date-format=\"d\/m\/Y\" data-disable-past-dates=\"0\" data-input=\"true\" name=\"wpforms[fields][8][date]\" aria-errormessage=\"wpforms-10181-field_8-error\" ><a title=\"Clear Date\" data-clear class=\"wpforms-datepicker-clear\" style=\"display:none;\"><\/a><\/div><\/div><div id=\"wpforms-10181-field_3-container\" class=\"wpforms-field wpforms-field-textarea\" data-field-id=\"3\"><label class=\"wpforms-field-label\" for=\"wpforms-10181-field_3\">Commento o messaggio<\/label><textarea id=\"wpforms-10181-field_3\" class=\"wpforms-field-large\" name=\"wpforms[fields][3]\" aria-errormessage=\"wpforms-10181-field_3-error\" ><\/textarea><\/div><script>\n\t\t\t\t( function() {\n\t\t\t\t\tconst style = document.createElement( 'style' );\n\t\t\t\t\tstyle.appendChild( document.createTextNode( '#wpforms-10181-field_4-container { position: absolute !important; overflow: hidden !important; display: inline !important; height: 1px !important; width: 1px !important; z-index: -1000 !important; padding: 0 !important; } #wpforms-10181-field_4-container input { visibility: hidden; } #wpforms-conversational-form-page #wpforms-10181-field_4-container label { counter-increment: none; }' ) );\n\t\t\t\t\tdocument.head.appendChild( style );\n\t\t\t\t\tdocument.currentScript?.remove();\n\t\t\t\t} )();\n\t\t\t<\/script><\/div><!-- .wpforms-field-container --><div class=\"wpforms-submit-container\" ><input type=\"hidden\" name=\"wpforms[id]\" value=\"10181\"><input type=\"hidden\" name=\"page_title\" value=\"\"><input type=\"hidden\" name=\"page_url\" value=\"https:\/\/egyptkingtours.com\/it\/wp-json\/wp\/v2\/pages\/10168\"><input type=\"hidden\" name=\"url_referer\" value=\"\"><button type=\"submit\" name=\"wpforms[submit]\" id=\"wpforms-submit-10181\" class=\"wpforms-submit\" data-alt-text=\"Sending...\" data-submit-text=\"Submit\" aria-live=\"assertive\" value=\"wpforms-submit\">Invia<\/button><img decoding=\"async\" src=\"https:\/\/egyptkingtours.com\/wp-content\/plugins\/wpforms\/assets\/images\/submit-spin.svg\" class=\"wpforms-submit-spinner\" style=\"display: none;\" width=\"26\" height=\"26\" alt=\"Caricamento\"><\/div><input type=\"hidden\" name=\"trp-form-language\" value=\"it\"\/><\/form><\/div>  <!-- .wpforms-container --><\/div>\t\t\t\t<\/div>\n\t\t\t\t<\/div>\n\t\t\t\t<\/div>\n\t\t\t\t\t<\/div>\n\t\t\t\t<\/div>\n\t\t<div class=\"elementor-element elementor-element-47eaaf6 e-flex e-con-boxed wpr-particle-no wpr-jarallax-no wpr-parallax-no wpr-sticky-section-no wpr-equal-height-no e-con e-parent\" data-id=\"47eaaf6\" data-element_type=\"container\" data-e-type=\"container\">\n\t\t\t\t\t<div class=\"e-con-inner\">\n\t\t\t\t\t<\/div>\n\t\t\t\t<\/div>\n\t\t\t\t<\/div>","protected":false},"excerpt":{"rendered":"<p>Hot Air Balloon Adventures Over Luxor Soar above the ancient wonders of Luxor with our unforgettable hot air balloon service! At Egypt King Tours, we offer a serene and breathtaking perspective of Egypt&#8217;s most iconic archaeological sites, all from the tranquility of the morning sky. Experience the Magic of a Luxor Sunrise: Imagine drifting gently as the first rays of sun paint the desert landscape in hues of gold and rose. From your vantage point high above, witness the sprawling temples and tombs of the West Bank \u2013 the Valley of the Kings, Hatshepsut&#8217;s Temple, and the Colossi of Memnon \u2013 awaken beneath you. On the East Bank, the majestic Karnak Temple and Luxor Temple stand proud, their grandeur revealed in a unique, panoramic view. Why Choose Our Hot Air Balloon Service? Unrivaled Views: Gain a bird&#8217;s-eye perspective of Luxor&#8217;s ancient wonders and the lush green ribbon of the Nile River, stretching into the vast desert. Safety First: Your safety is our top priority. We partner with only the most reputable and certified balloon operators in Luxor, adhering to the highest international safety standards. Our experienced pilots are highly skilled and knowledgeable about the local airspace. Seamless Experience: From hotel pick-up in Luxor to a light pre-flight snack and comfortable transportation to the launch site, we handle all the details. After your incredible flight, you&#8217;ll be safely returned to your hotel. Expertly Guided: While in the air, your pilot will provide fascinating commentary, pointing out key landmarks and sharing insights into Luxor&#8217;s rich history, making your journey as educational as it is visually stunning. Memorable Moments: A hot air balloon ride over Luxor is a truly once-in-a-lifetime experience, perfect for creating lasting memories and capturing incredible photographs. Book Your Service Please enable JavaScript in your browser to complete this form.Please enable JavaScript in your browser to complete this form. Name * FirstLast Email *Phone * Number of Adults *Number of ChildrenDay of ArrivalComment or Message Submit<\/p>","protected":false},"author":1,"featured_media":8558,"parent":0,"menu_order":0,"comment_status":"closed","ping_status":"closed","template":"elementor_header_footer","meta":{"footnotes":""},"class_list":["post-10168","page","type-page","status-publish","has-post-thumbnail","hentry"],"_links":{"self":[{"href":"https:\/\/egyptkingtours.com\/it\/wp-json\/wp\/v2\/pages\/10168","targetHints":{"allow":["GET"]}}],"collection":[{"href":"https:\/\/egyptkingtours.com\/it\/wp-json\/wp\/v2\/pages"}],"about":[{"href":"https:\/\/egyptkingtours.com\/it\/wp-json\/wp\/v2\/types\/page"}],"author":[{"embeddable":true,"href":"https:\/\/egyptkingtours.com\/it\/wp-json\/wp\/v2\/users\/1"}],"replies":[{"embeddable":true,"href":"https:\/\/egyptkingtours.com\/it\/wp-json\/wp\/v2\/comments?post=10168"}],"version-history":[{"count":43,"href":"https:\/\/egyptkingtours.com\/it\/wp-json\/wp\/v2\/pages\/10168\/revisions"}],"predecessor-version":[{"id":10244,"href":"https:\/\/egyptkingtours.com\/it\/wp-json\/wp\/v2\/pages\/10168\/revisions\/10244"}],"wp:featuredmedia":[{"embeddable":true,"href":"https:\/\/egyptkingtours.com\/it\/wp-json\/"}],"wp:attachment":[{"href":"https:\/\/egyptkingtours.com\/it\/wp-json\/wp\/v2\/media?parent=10168"}],"curies":[{"name":"wp","href":"https:\/\/api.w.org\/{rel}","templated":true}]}}