{"id":10245,"date":"2025-08-04T00:15:33","date_gmt":"2025-08-04T00:15:33","guid":{"rendered":"http:\/\/localhost:10131\/?page_id=10245"},"modified":"2025-08-04T00:17:22","modified_gmt":"2025-08-04T00:17:22","slug":"hotel-pickups-drops","status":"publish","type":"page","link":"https:\/\/egyptkingtours.com\/it\/hotel-pickups-drops\/","title":{"rendered":"Prelievo e rientro in hotel"},"content":{"rendered":"<div data-elementor-type=\"wp-page\" data-elementor-id=\"10245\" class=\"elementor elementor-10245\">\n\t\t\t\t<div class=\"elementor-element elementor-element-3718a40 e-flex e-con-boxed wpr-particle-no wpr-jarallax-no wpr-parallax-no wpr-sticky-section-no wpr-equal-height-no e-con e-parent\" data-id=\"3718a40\" data-element_type=\"container\" data-e-type=\"container\">\n\t\t\t\t\t<div class=\"e-con-inner\">\n\t\t<div class=\"elementor-element elementor-element-6f7d181 e-con-full e-flex wpr-particle-no wpr-jarallax-no wpr-parallax-no wpr-sticky-section-no wpr-equal-height-no e-con e-child\" data-id=\"6f7d181\" data-element_type=\"container\" data-e-type=\"container\">\n\t\t<div class=\"elementor-element elementor-element-c12bf61 e-con-full e-flex wpr-particle-no wpr-jarallax-no wpr-parallax-no wpr-sticky-section-no wpr-equal-height-no e-con e-child\" data-id=\"c12bf61\" data-element_type=\"container\" data-e-type=\"container\" data-settings=\"{&quot;background_background&quot;:&quot;classic&quot;}\">\n\t\t\t\t<\/div>\n\t\t\t\t<\/div>\n\t\t\t\t\t<\/div>\n\t\t\t\t<\/div>\n\t\t<div class=\"elementor-element elementor-element-74f694b e-flex e-con-boxed wpr-particle-no wpr-jarallax-no wpr-parallax-no wpr-sticky-section-no wpr-equal-height-no e-con e-parent\" data-id=\"74f694b\" data-element_type=\"container\" data-e-type=\"container\">\n\t\t\t\t\t<div class=\"e-con-inner\">\n\t\t\t\t<div class=\"elementor-element elementor-element-4d9eb33 elementor-widget__width-initial elementor-invisible elementor-widget elementor-widget-heading\" data-id=\"4d9eb33\" data-element_type=\"widget\" data-e-type=\"widget\" data-settings=\"{&quot;_animation&quot;:&quot;slideInRight&quot;,&quot;_animation_delay&quot;:200}\" data-widget_type=\"heading.default\">\n\t\t\t\t<div class=\"elementor-widget-container\">\n\t\t\t\t\t<h3 class=\"elementor-heading-title elementor-size-default\">Prelievo e rientro in hotel senza interruzioni a Luxor<\/h3>\t\t\t\t<\/div>\n\t\t\t\t<\/div>\n\t\t\t\t<div class=\"elementor-element elementor-element-7065ff6 elementor-widget-divider--view-line elementor-invisible elementor-widget elementor-widget-divider\" data-id=\"7065ff6\" data-element_type=\"widget\" data-e-type=\"widget\" data-settings=\"{&quot;_animation&quot;:&quot;slideInRight&quot;,&quot;_animation_delay&quot;:400}\" data-widget_type=\"divider.default\">\n\t\t\t\t<div class=\"elementor-widget-container\">\n\t\t\t\t\t\t\t<div class=\"elementor-divider\">\n\t\t\t<span class=\"elementor-divider-separator\">\n\t\t\t\t\t\t<\/span>\n\t\t<\/div>\n\t\t\t\t\t\t<\/div>\n\t\t\t\t<\/div>\n\t\t\t\t<div class=\"elementor-element elementor-element-4b99206 elementor-invisible elementor-widget elementor-widget-text-editor\" data-id=\"4b99206\" data-element_type=\"widget\" data-e-type=\"widget\" data-settings=\"{&quot;_animation&quot;:&quot;fadeInRight&quot;}\" data-widget_type=\"text-editor.default\">\n\t\t\t\t<div class=\"elementor-widget-container\">\n\t\t\t\t\t\t\t\t\t<p>Noi di Egypt King Tours sappiamo che la comodit\u00e0 \u00e8 fondamentale per una vacanza davvero rilassante e piacevole. Ecco perch\u00e9 offriamo <b>servizi di prelievo e rientro in hotel affidabili e senza interruzioni<\/b> da tutti i migliori hotel di Luxor, per garantire che il tuo viaggio in Egitto sia confortevole e senza stress dall&#039;inizio alla fine.<\/p><p><span style=\"font-size: 18pt; color: #1a2b48;\"><b>Il tuo comfort, la nostra priorit\u00e0:<\/b><\/span><\/p><p>Dal momento del tuo arrivo a Luxor, ci prendiamo cura di tutte le tue esigenze di trasporto. Che tu stia partendo per un&#039;avventura in mongolfiera al mattino presto, per un tour di un&#039;intera giornata sulla riva orientale o occidentale, o semplicemente per un comodo trasferimento all&#039;aeroporto o alla stazione ferroviaria, il nostro servizio dedicato ti garantir\u00e0 un viaggio con stile e semplicit\u00e0.<\/p><p><span style=\"font-size: 18pt; color: #1a2b48;\"><b>Cosa puoi aspettarti:<\/b><\/span><\/p><p><b>Puntuale e puntuale:<\/b> I nostri autisti professionisti sono programmati meticolosamente per arrivare puntuali, assicurandoti di non doverti mai preoccupare di ritardi o di perdere l&#039;orario di partenza del tour. Diamo valore al tuo tempo tanto quanto te.<\/p><p><b>Lusso e comfort:<\/b> Viaggia a bordo dei nostri moderni veicoli climatizzati: scegli tra comode berline per singoli e coppie, o spaziosi van per famiglie e gruppi. Ogni veicolo \u00e8 mantenuto secondo i pi\u00f9 elevati standard di pulizia e comfort, offrendo un ambiente rilassante per i tuoi trasferimenti.<\/p><p><b>Autisti esperti e cortesi:<\/b> I nostri autisti locali non sono solo esperti e sicuri al volante, ma conoscono anche le strade e il traffico di Luxor. Sono cortesi, disponibili e impegnati a offrirti un viaggio piacevole, permettendoti di rilassarti e goderti il panorama.<\/p><p><b>Servizio porta a porta:<\/b> Vi veniamo a prendere direttamente nella hall del vostro hotel e vi riaccompagniamo esattamente alla destinazione desiderata, che si tratti di un luogo iconico, dell&#039;aeroporto o di un altro hotel. Nessuna preoccupazione, nessuna difficolt\u00e0 di navigazione, solo pura comodit\u00e0.<\/p><p><b>Trasferimenti senza stress:<\/b> Dimenticatevi di dover contrattare con i taxi o di dover decifrare i trasporti pubblici. Con Egypt King Tours, i vostri trasferimenti sono organizzati e gestiti da esperti, dandovi la tranquillit\u00e0 di concentrarvi sulle meraviglie dell&#039;Egitto.<\/p>\t\t\t\t\t\t\t\t<\/div>\n\t\t\t\t<\/div>\n\t\t\t\t\t<\/div>\n\t\t\t\t<\/div>\n\t\t<div class=\"elementor-element elementor-element-0077b2d e-flex e-con-boxed wpr-particle-no wpr-jarallax-no wpr-parallax-no wpr-sticky-section-no wpr-equal-height-no e-con e-parent\" data-id=\"0077b2d\" data-element_type=\"container\" data-e-type=\"container\">\n\t\t\t\t\t<div class=\"e-con-inner\">\n\t\t\t\t<div class=\"elementor-element elementor-element-405edb9 elementor-widget__width-initial elementor-invisible elementor-widget elementor-widget-heading\" data-id=\"405edb9\" data-element_type=\"widget\" data-e-type=\"widget\" data-settings=\"{&quot;_animation&quot;:&quot;slideInRight&quot;,&quot;_animation_delay&quot;:200}\" data-widget_type=\"heading.default\">\n\t\t\t\t<div class=\"elementor-widget-container\">\n\t\t\t\t\t<h3 class=\"elementor-heading-title elementor-size-default\">Prenota il tuo servizio<\/h3>\t\t\t\t<\/div>\n\t\t\t\t<\/div>\n\t\t\t\t<div class=\"elementor-element elementor-element-e1cc974 elementor-widget-divider--view-line elementor-invisible elementor-widget elementor-widget-divider\" data-id=\"e1cc974\" data-element_type=\"widget\" data-e-type=\"widget\" data-settings=\"{&quot;_animation&quot;:&quot;slideInRight&quot;,&quot;_animation_delay&quot;:400}\" data-widget_type=\"divider.default\">\n\t\t\t\t<div class=\"elementor-widget-container\">\n\t\t\t\t\t\t\t<div class=\"elementor-divider\">\n\t\t\t<span class=\"elementor-divider-separator\">\n\t\t\t\t\t\t<\/span>\n\t\t<\/div>\n\t\t\t\t\t\t<\/div>\n\t\t\t\t<\/div>\n\t\t\t\t\t<\/div>\n\t\t\t\t<\/div>\n\t\t<div class=\"elementor-element elementor-element-a5dc041 e-flex e-con-boxed wpr-particle-no wpr-jarallax-no wpr-parallax-no wpr-sticky-section-no wpr-equal-height-no e-con e-parent\" data-id=\"a5dc041\" data-element_type=\"container\" data-e-type=\"container\">\n\t\t\t\t\t<div class=\"e-con-inner\">\n\t\t<div class=\"elementor-element elementor-element-5fa781e e-con-full e-flex wpr-particle-no wpr-jarallax-no wpr-parallax-no wpr-sticky-section-no wpr-equal-height-no e-con e-child\" data-id=\"5fa781e\" data-element_type=\"container\" data-e-type=\"container\">\n\t\t\t\t<div class=\"elementor-element elementor-element-6630c10 wpr-forms-submit-center wpr-forms-align-left elementor-widget elementor-widget-wpr-forms\" data-id=\"6630c10\" data-element_type=\"widget\" data-e-type=\"widget\" data-widget_type=\"wpr-forms.default\">\n\t\t\t\t<div class=\"elementor-widget-container\">\n\t\t\t\t\t<div class=\"wpr-forms-container wpr-custom-chk-radio\"><div class=\"wpforms-container wpforms-container-full wpforms-render-modern\" id=\"wpforms-10231\"><form id=\"wpforms-form-10231\" class=\"wpforms-validate wpforms-form wpforms-ajax-form\" data-formid=\"10231\" method=\"post\" enctype=\"multipart\/form-data\" action=\"\/it\/wp-json\/wp\/v2\/pages\/10245\" data-token=\"f6ac8e03574be47f96c6172b8dc27f20\" data-token-time=\"1778012420\" data-trp-original-action=\"\/it\/wp-json\/wp\/v2\/pages\/10245\"><noscript class=\"wpforms-error-noscript\">Abilita JavaScript nel browser per completare questo modulo.<\/noscript><div id=\"wpforms-error-noscript\" style=\"display: none;\">Abilita JavaScript nel browser per completare questo modulo.<\/div><div class=\"wpforms-field-container\"><div id=\"wpforms-10231-field_1-container\" class=\"wpforms-field wpforms-field-name\" data-field-id=\"1\"><fieldset><legend class=\"wpforms-field-label\">Nome <span class=\"wpforms-required-label\" aria-hidden=\"true\">*<\/span><\/legend><div class=\"wpforms-field-row wpforms-field-large\"><div class=\"wpforms-field-row-block wpforms-first wpforms-one-half\"><input type=\"text\" id=\"wpforms-10231-field_1\" class=\"wpforms-field-name-first wpforms-field-required\" name=\"wpforms[fields][1][first]\" aria-errormessage=\"wpforms-10231-field_1-error\" required><label for=\"wpforms-10231-field_1\" class=\"wpforms-field-sublabel after\">Nome<\/label><\/div><div class=\"wpforms-field-row-block wpforms-one-half\"><input type=\"text\" id=\"wpforms-10231-field_1-last\" class=\"wpforms-field-name-last wpforms-field-required\" name=\"wpforms[fields][1][last]\" aria-errormessage=\"wpforms-10231-field_1-last-error\" required><label for=\"wpforms-10231-field_1-last\" class=\"wpforms-field-sublabel after\">Cognome<\/label><\/div><\/div><\/fieldset><\/div><div id=\"wpforms-10231-field_2-container\" class=\"wpforms-field wpforms-field-email\" data-field-id=\"2\"><label class=\"wpforms-field-label\" for=\"wpforms-10231-field_2\">E-mail <span class=\"wpforms-required-label\" aria-hidden=\"true\">*<\/span><\/label><input type=\"email\" id=\"wpforms-10231-field_2\" class=\"wpforms-field-large wpforms-field-required\" name=\"wpforms[fields][2]\" spellcheck=\"false\" aria-errormessage=\"wpforms-10231-field_2-error\" required><\/div><div id=\"wpforms-10231-field_10-container\" class=\"wpforms-field wpforms-field-select wpforms-field-select-style-classic\" data-field-id=\"10\"><label class=\"wpforms-field-label\" for=\"wpforms-10231-field_10\">Citt\u00e0<\/label><select id=\"wpforms-10231-field_10\" class=\"wpforms-field-large\" name=\"wpforms[fields][10]\"><option value=\"Cairo\" >Cairo<\/option><option value=\"Hurghada\" >Hurghada<\/option><option value=\"Luxor\" >Luxor<\/option><option value=\"Sharm El Sheikh\" >Sharm El Sheikh<\/option><\/select><\/div><div id=\"wpforms-10231-field_13-container\" class=\"wpforms-field wpforms-field-text\" data-field-id=\"13\"><label class=\"wpforms-field-label\" for=\"wpforms-10231-field_13\">Luogo di ritiro<\/label><input type=\"text\" id=\"wpforms-10231-field_13\" class=\"wpforms-field-large\" name=\"wpforms[fields][13]\" aria-errormessage=\"wpforms-10231-field_13-error\" ><\/div>\t\t<div id=\"wpforms-10231-field_4-container\"\n\t\t\tclass=\"wpforms-field wpforms-field-text\"\n\t\t\tdata-field-type=\"text\"\n\t\t\tdata-field-id=\"4\"\n\t\t\t>\n\t\t\t<label class=\"wpforms-field-label\" for=\"wpforms-10231-field_4\" >Number of Email<\/label>\n\t\t\t<input type=\"text\" id=\"wpforms-10231-field_4\" class=\"wpforms-field-medium\" name=\"wpforms[fields][4]\" >\n\t\t<\/div>\n\t\t<div id=\"wpforms-10231-field_14-container\" class=\"wpforms-field wpforms-field-text\" data-field-id=\"14\"><label class=\"wpforms-field-label\" for=\"wpforms-10231-field_14\">Luogo di consegna <\/label><input type=\"text\" id=\"wpforms-10231-field_14\" class=\"wpforms-field-large\" name=\"wpforms[fields][14]\" aria-errormessage=\"wpforms-10231-field_14-error\" ><\/div><div id=\"wpforms-10231-field_9-container\" class=\"wpforms-field wpforms-field-phone\" data-field-id=\"9\"><label class=\"wpforms-field-label\" for=\"wpforms-10231-field_9\">Telefono <span class=\"wpforms-required-label\" aria-hidden=\"true\">*<\/span><\/label><input type=\"tel\" id=\"wpforms-10231-field_9\" class=\"wpforms-field-large wpforms-field-required wpforms-smart-phone-field\" data-rule-smart-phone-field=\"true\" name=\"wpforms[fields][9]\" aria-label=\"Telefono\" aria-errormessage=\"wpforms-10231-field_9-error\" required><\/div><div id=\"wpforms-10231-field_5-container\" class=\"wpforms-field wpforms-field-layout\" data-field-id=\"5\"><div class=\"wpforms-field-layout-rows wpforms-field-large\"><div class=\"wpforms-layout-row\"><div class=\"wpforms-layout-column wpforms-layout-column-50\"><div id=\"wpforms-10231-field_6-container\" class=\"wpforms-field wpforms-field-number\" data-field-id=\"6\"><label class=\"wpforms-field-label\" for=\"wpforms-10231-field_6\">Numero di adulti <span class=\"wpforms-required-label\" aria-hidden=\"true\">*<\/span><\/label><input type=\"number\" id=\"wpforms-10231-field_6\" class=\"wpforms-field-medium wpforms-field-required\" name=\"wpforms[fields][6]\" step=\"any\" aria-errormessage=\"wpforms-10231-field_6-error\" required><\/div><\/div><div class=\"wpforms-layout-column wpforms-layout-column-50\"><div id=\"wpforms-10231-field_7-container\" class=\"wpforms-field wpforms-field-number\" data-field-id=\"7\"><label class=\"wpforms-field-label\" for=\"wpforms-10231-field_7\">Numero di bambini<\/label><input type=\"number\" id=\"wpforms-10231-field_7\" class=\"wpforms-field-medium\" name=\"wpforms[fields][7]\" step=\"any\" aria-errormessage=\"wpforms-10231-field_7-error\" ><\/div><\/div><\/div><\/div><\/div><div id=\"wpforms-10231-field_8-container\" class=\"wpforms-field wpforms-field-date-time\" data-field-id=\"8\"><label class=\"wpforms-field-label\" for=\"wpforms-10231-field_8\">Giorno di arrivo<\/label><div class=\"wpforms-datepicker-wrap\"><input type=\"text\" id=\"wpforms-10231-field_8\" class=\"wpforms-field-date-time-date wpforms-datepicker wpforms-field-large\" data-date-format=\"d\/m\/Y\" data-disable-past-dates=\"0\" data-input=\"true\" name=\"wpforms[fields][8][date]\" aria-errormessage=\"wpforms-10231-field_8-error\" ><a title=\"Clear Date\" data-clear class=\"wpforms-datepicker-clear\" style=\"display:none;\"><\/a><\/div><\/div><div id=\"wpforms-10231-field_3-container\" class=\"wpforms-field wpforms-field-textarea\" data-field-id=\"3\"><label class=\"wpforms-field-label\" for=\"wpforms-10231-field_3\">Commento o messaggio<\/label><textarea id=\"wpforms-10231-field_3\" class=\"wpforms-field-large\" name=\"wpforms[fields][3]\" aria-errormessage=\"wpforms-10231-field_3-error\" ><\/textarea><\/div><script>\n\t\t\t\t( function() {\n\t\t\t\t\tconst style = document.createElement( 'style' );\n\t\t\t\t\tstyle.appendChild( document.createTextNode( '#wpforms-10231-field_4-container { position: absolute !important; overflow: hidden !important; display: inline !important; height: 1px !important; width: 1px !important; z-index: -1000 !important; padding: 0 !important; } #wpforms-10231-field_4-container input { visibility: hidden; } #wpforms-conversational-form-page #wpforms-10231-field_4-container label { counter-increment: none; }' ) );\n\t\t\t\t\tdocument.head.appendChild( style );\n\t\t\t\t\tdocument.currentScript?.remove();\n\t\t\t\t} )();\n\t\t\t<\/script><\/div><!-- .wpforms-field-container --><div class=\"wpforms-submit-container\" ><input type=\"hidden\" name=\"wpforms[id]\" value=\"10231\"><input type=\"hidden\" name=\"page_title\" value=\"\"><input type=\"hidden\" name=\"page_url\" value=\"https:\/\/egyptkingtours.com\/it\/wp-json\/wp\/v2\/pages\/10245\"><input type=\"hidden\" name=\"url_referer\" value=\"\"><button type=\"submit\" name=\"wpforms[submit]\" id=\"wpforms-submit-10231\" class=\"wpforms-submit\" data-alt-text=\"Sending...\" data-submit-text=\"Submit\" aria-live=\"assertive\" value=\"wpforms-submit\">Invia<\/button><img decoding=\"async\" src=\"https:\/\/egyptkingtours.com\/wp-content\/plugins\/wpforms\/assets\/images\/submit-spin.svg\" class=\"wpforms-submit-spinner\" style=\"display: none;\" width=\"26\" height=\"26\" alt=\"Caricamento\"><\/div><input type=\"hidden\" name=\"trp-form-language\" value=\"it\"\/><\/form><\/div>  <!-- .wpforms-container --><\/div>\t\t\t\t<\/div>\n\t\t\t\t<\/div>\n\t\t\t\t<\/div>\n\t\t\t\t\t<\/div>\n\t\t\t\t<\/div>\n\t\t<div class=\"elementor-element elementor-element-47eaaf6 e-flex e-con-boxed wpr-particle-no wpr-jarallax-no wpr-parallax-no wpr-sticky-section-no wpr-equal-height-no e-con e-parent\" data-id=\"47eaaf6\" data-element_type=\"container\" data-e-type=\"container\">\n\t\t\t\t\t<div class=\"e-con-inner\">\n\t\t\t\t\t<\/div>\n\t\t\t\t<\/div>\n\t\t\t\t<\/div>","protected":false},"excerpt":{"rendered":"<p>Seamless Hotel Pickups &amp; Drops in Luxor At Egypt King Tours, we understand that convenience is key to a truly relaxing and enjoyable vacation. That&#8217;s why we offer seamless and reliable hotel pickup and drop-off services from all top hotels in Luxor, ensuring your journey through Egypt is comfortable and stress-free from beginning to end. Your Comfort, Our Priority: From the moment you arrive in Luxor, we take care of all your transportation needs. Whether you&#8217;re heading out for an early morning hot air balloon adventure, embarking on a full-day tour to the East or West Bank, or simply need a comfortable transfer to the airport or train station, our dedicated service ensures you travel in style and ease. What You Can Expect: Prompt &amp; Punctual: Our professional drivers are meticulously scheduled to arrive on time, ensuring you never have to worry about delays or missing your tour start times. We value your time as much as you do. Luxury &amp; Comfort: Travel in our modern, air-conditioned vehicles \u2013 choose from comfortable sedans for individuals and couples, or spacious vans for families and groups. Each vehicle is maintained to the highest standards of cleanliness and comfort, providing a relaxing environment for your transfers. Experienced &amp; Courteous Drivers: Our local drivers are not only skilled and safe behind the wheel but also knowledgeable about Luxor&#8217;s roads and traffic patterns. They are courteous, helpful, and committed to providing a pleasant journey, allowing you to sit back and enjoy the views. Door-to-Door Service: We pick you up directly from your hotel lobby and drop you off precisely at your desired destination, whether it&#8217;s an iconic landmark, the airport, or another hotel. No hassle, no navigating, just pure convenience. Stress-Free Transfers: Forget about haggling with taxis or deciphering public transport. With Egypt King Tours, your transfers are pre-arranged and managed by experts, giving you peace of mind to focus on the wonders of Egypt. Book Your Service Please enable JavaScript in your browser to complete this form.Please enable JavaScript in your browser to complete this form. Name * FirstLast Email *CityCairoHurghadaLuxorSharm El SheikhName Of The HotelPhone * Number of Adults *Number of ChildrenDay of ArrivalComment or Message Submit<\/p>","protected":false},"author":1,"featured_media":8558,"parent":0,"menu_order":0,"comment_status":"closed","ping_status":"closed","template":"elementor_header_footer","meta":{"footnotes":""},"class_list":["post-10245","page","type-page","status-publish","has-post-thumbnail","hentry"],"_links":{"self":[{"href":"https:\/\/egyptkingtours.com\/it\/wp-json\/wp\/v2\/pages\/10245","targetHints":{"allow":["GET"]}}],"collection":[{"href":"https:\/\/egyptkingtours.com\/it\/wp-json\/wp\/v2\/pages"}],"about":[{"href":"https:\/\/egyptkingtours.com\/it\/wp-json\/wp\/v2\/types\/page"}],"author":[{"embeddable":true,"href":"https:\/\/egyptkingtours.com\/it\/wp-json\/wp\/v2\/users\/1"}],"replies":[{"embeddable":true,"href":"https:\/\/egyptkingtours.com\/it\/wp-json\/wp\/v2\/comments?post=10245"}],"version-history":[{"count":7,"href":"https:\/\/egyptkingtours.com\/it\/wp-json\/wp\/v2\/pages\/10245\/revisions"}],"predecessor-version":[{"id":10252,"href":"https:\/\/egyptkingtours.com\/it\/wp-json\/wp\/v2\/pages\/10245\/revisions\/10252"}],"wp:featuredmedia":[{"embeddable":true,"href":"https:\/\/egyptkingtours.com\/it\/wp-json\/"}],"wp:attachment":[{"href":"https:\/\/egyptkingtours.com\/it\/wp-json\/wp\/v2\/media?parent=10245"}],"curies":[{"name":"wp","href":"https:\/\/api.w.org\/{rel}","templated":true}]}}