{"id":10245,"date":"2025-08-04T00:15:33","date_gmt":"2025-08-04T00:15:33","guid":{"rendered":"http:\/\/localhost:10131\/?page_id=10245"},"modified":"2025-08-04T00:17:22","modified_gmt":"2025-08-04T00:17:22","slug":"hotel-pickups-drops","status":"publish","type":"page","link":"https:\/\/egyptkingtours.com\/tr\/hotel-pickups-drops\/","title":{"rendered":"Otelden Alma ve B\u0131rakma"},"content":{"rendered":"<div data-elementor-type=\"wp-page\" data-elementor-id=\"10245\" class=\"elementor elementor-10245\">\n\t\t\t\t<div class=\"elementor-element elementor-element-3718a40 e-flex e-con-boxed wpr-particle-no wpr-jarallax-no wpr-parallax-no wpr-sticky-section-no wpr-equal-height-no e-con e-parent\" data-id=\"3718a40\" data-element_type=\"container\" data-e-type=\"container\">\n\t\t\t\t\t<div class=\"e-con-inner\">\n\t\t<div class=\"elementor-element elementor-element-6f7d181 e-con-full e-flex wpr-particle-no wpr-jarallax-no wpr-parallax-no wpr-sticky-section-no wpr-equal-height-no e-con e-child\" data-id=\"6f7d181\" data-element_type=\"container\" data-e-type=\"container\">\n\t\t<div class=\"elementor-element elementor-element-c12bf61 e-con-full e-flex wpr-particle-no wpr-jarallax-no wpr-parallax-no wpr-sticky-section-no wpr-equal-height-no e-con e-child\" data-id=\"c12bf61\" data-element_type=\"container\" data-e-type=\"container\" data-settings=\"{&quot;background_background&quot;:&quot;classic&quot;}\">\n\t\t\t\t<\/div>\n\t\t\t\t<\/div>\n\t\t\t\t\t<\/div>\n\t\t\t\t<\/div>\n\t\t<div class=\"elementor-element elementor-element-74f694b e-flex e-con-boxed wpr-particle-no wpr-jarallax-no wpr-parallax-no wpr-sticky-section-no wpr-equal-height-no e-con e-parent\" data-id=\"74f694b\" data-element_type=\"container\" data-e-type=\"container\">\n\t\t\t\t\t<div class=\"e-con-inner\">\n\t\t\t\t<div class=\"elementor-element elementor-element-4d9eb33 elementor-widget__width-initial elementor-invisible elementor-widget elementor-widget-heading\" data-id=\"4d9eb33\" data-element_type=\"widget\" data-e-type=\"widget\" data-settings=\"{&quot;_animation&quot;:&quot;slideInRight&quot;,&quot;_animation_delay&quot;:200}\" data-widget_type=\"heading.default\">\n\t\t\t\t<div class=\"elementor-widget-container\">\n\t\t\t\t\t<h3 class=\"elementor-heading-title elementor-size-default\">Luksor&#039;da Sorunsuz Otel Al\u0131m ve B\u0131rakma<\/h3>\t\t\t\t<\/div>\n\t\t\t\t<\/div>\n\t\t\t\t<div class=\"elementor-element elementor-element-7065ff6 elementor-widget-divider--view-line elementor-invisible elementor-widget elementor-widget-divider\" data-id=\"7065ff6\" data-element_type=\"widget\" data-e-type=\"widget\" data-settings=\"{&quot;_animation&quot;:&quot;slideInRight&quot;,&quot;_animation_delay&quot;:400}\" data-widget_type=\"divider.default\">\n\t\t\t\t<div class=\"elementor-widget-container\">\n\t\t\t\t\t\t\t<div class=\"elementor-divider\">\n\t\t\t<span class=\"elementor-divider-separator\">\n\t\t\t\t\t\t<\/span>\n\t\t<\/div>\n\t\t\t\t\t\t<\/div>\n\t\t\t\t<\/div>\n\t\t\t\t<div class=\"elementor-element elementor-element-4b99206 elementor-invisible elementor-widget elementor-widget-text-editor\" data-id=\"4b99206\" data-element_type=\"widget\" data-e-type=\"widget\" data-settings=\"{&quot;_animation&quot;:&quot;fadeInRight&quot;}\" data-widget_type=\"text-editor.default\">\n\t\t\t\t<div class=\"elementor-widget-container\">\n\t\t\t\t\t\t\t\t\t<p>Egypt King Tours olarak, rahatl\u0131\u011f\u0131n ger\u00e7ekten dinlendirici ve keyifli bir tatilin anahtar\u0131 oldu\u011funun bilincindeyiz. Bu nedenle \u015funlar\u0131 sunuyoruz: <b>kusursuz ve g\u00fcvenilir otel alma ve b\u0131rakma hizmetleri<\/b> Luksor&#039;daki en iyi otellerden olu\u015fan ekibimiz, M\u0131s\u0131r&#039;daki yolculu\u011funuzun ba\u015f\u0131ndan sonuna kadar konforlu ve stressiz olmas\u0131n\u0131 sa\u011flar.<\/p><p><span style=\"font-size: 18pt; color: #1a2b48;\"><b>Konforunuz, \u00d6nceli\u011fimiz:<\/b><\/span><\/p><p>Luksor&#039;a vard\u0131\u011f\u0131n\u0131z andan itibaren t\u00fcm ula\u015f\u0131m ihtiya\u00e7lar\u0131n\u0131z\u0131 kar\u015f\u0131l\u0131yoruz. \u0130ster sabah\u0131n erken saatlerinde s\u0131cak hava balonuyla bir maceraya \u00e7\u0131k\u0131n, ister Do\u011fu veya Bat\u0131 Yakas\u0131&#039;nda tam g\u00fcnl\u00fck bir tura \u00e7\u0131k\u0131n, ister sadece havaalan\u0131na veya tren istasyonuna konforlu bir transfer hizmetine ihtiyac\u0131n\u0131z olsun, \u00f6zel hizmetimiz \u015f\u0131k ve rahat bir \u015fekilde seyahat etmenizi sa\u011flar.<\/p><p><span style=\"font-size: 18pt; color: #1a2b48;\"><b>Neler Bekleyebilirsiniz:<\/b><\/span><\/p><p><b>H\u0131zl\u0131 ve Dakik:<\/b> Profesyonel \u015fof\u00f6rlerimiz zaman\u0131nda varmak i\u00e7in titizlikle programlanm\u0131\u015ft\u0131r, b\u00f6ylece gecikme veya tur ba\u015flang\u0131\u00e7 saatlerinizi ka\u00e7\u0131rma konusunda endi\u015felenmenize gerek kalmaz. Zaman\u0131n\u0131za sizin kadar de\u011fer veriyoruz.<\/p><p><b>L\u00fcks ve Konfor:<\/b> Modern ve klimal\u0131 ara\u00e7lar\u0131m\u0131zla seyahat edin; bireyler ve \u00e7iftler i\u00e7in konforlu sedanlardan, aileler ve gruplar i\u00e7in geni\u015f minib\u00fcslere kadar her se\u00e7ene\u011fi tercih edin. Her ara\u00e7, en y\u00fcksek temizlik ve konfor standartlar\u0131nda bak\u0131ml\u0131 olup, transferleriniz i\u00e7in rahatlat\u0131c\u0131 bir ortam sa\u011flar.<\/p><p><b>Deneyimli ve Nazik S\u00fcr\u00fcc\u00fcler:<\/b> Yerel \u015fof\u00f6rlerimiz sadece direksiyon ba\u015f\u0131nda yetenekli ve g\u00fcvenli olmakla kalm\u0131yor, ayn\u0131 zamanda Luksor&#039;un yollar\u0131 ve trafik d\u00fczeni hakk\u0131nda da bilgi sahibi. Kibar, yard\u0131msever ve keyifli bir yolculuk sunmaya kararl\u0131lar; b\u00f6ylece arkan\u0131za yaslan\u0131p manzaran\u0131n tad\u0131n\u0131 \u00e7\u0131karabilirsiniz.<\/p><p><b>Kap\u0131dan Kap\u0131ya Servis:<\/b> Sizi do\u011frudan otelinizin lobisinden al\u0131p, ister simgesel bir yer, ister havaalan\u0131, ister ba\u015fka bir otel olsun, tam olarak istedi\u011finiz yere b\u0131rak\u0131yoruz. Zahmet yok, yol tarifi yok, sadece saf rahatl\u0131k.<\/p><p><b>Stressiz Transferler:<\/b> Taksilerle pazarl\u0131k yapmay\u0131 veya toplu ta\u015f\u0131ma ara\u00e7lar\u0131n\u0131 \u00e7\u00f6zmeye \u00e7al\u0131\u015fmay\u0131 unutun. Egypt King Tours ile transferleriniz \u00f6nceden ayarlan\u0131p uzmanlar taraf\u0131ndan y\u00f6netilir, b\u00f6ylece M\u0131s\u0131r&#039;\u0131n harikalar\u0131na g\u00f6n\u00fcl rahatl\u0131\u011f\u0131yla odaklanabilirsiniz.<\/p>\t\t\t\t\t\t\t\t<\/div>\n\t\t\t\t<\/div>\n\t\t\t\t\t<\/div>\n\t\t\t\t<\/div>\n\t\t<div class=\"elementor-element elementor-element-0077b2d e-flex e-con-boxed wpr-particle-no wpr-jarallax-no wpr-parallax-no wpr-sticky-section-no wpr-equal-height-no e-con e-parent\" data-id=\"0077b2d\" data-element_type=\"container\" data-e-type=\"container\">\n\t\t\t\t\t<div class=\"e-con-inner\">\n\t\t\t\t<div class=\"elementor-element elementor-element-405edb9 elementor-widget__width-initial elementor-invisible elementor-widget elementor-widget-heading\" data-id=\"405edb9\" data-element_type=\"widget\" data-e-type=\"widget\" data-settings=\"{&quot;_animation&quot;:&quot;slideInRight&quot;,&quot;_animation_delay&quot;:200}\" data-widget_type=\"heading.default\">\n\t\t\t\t<div class=\"elementor-widget-container\">\n\t\t\t\t\t<h3 class=\"elementor-heading-title elementor-size-default\">Servisinizi Ay\u0131r\u0131n<\/h3>\t\t\t\t<\/div>\n\t\t\t\t<\/div>\n\t\t\t\t<div class=\"elementor-element elementor-element-e1cc974 elementor-widget-divider--view-line elementor-invisible elementor-widget elementor-widget-divider\" data-id=\"e1cc974\" data-element_type=\"widget\" data-e-type=\"widget\" data-settings=\"{&quot;_animation&quot;:&quot;slideInRight&quot;,&quot;_animation_delay&quot;:400}\" data-widget_type=\"divider.default\">\n\t\t\t\t<div class=\"elementor-widget-container\">\n\t\t\t\t\t\t\t<div class=\"elementor-divider\">\n\t\t\t<span class=\"elementor-divider-separator\">\n\t\t\t\t\t\t<\/span>\n\t\t<\/div>\n\t\t\t\t\t\t<\/div>\n\t\t\t\t<\/div>\n\t\t\t\t\t<\/div>\n\t\t\t\t<\/div>\n\t\t<div class=\"elementor-element elementor-element-a5dc041 e-flex e-con-boxed wpr-particle-no wpr-jarallax-no wpr-parallax-no wpr-sticky-section-no wpr-equal-height-no e-con e-parent\" data-id=\"a5dc041\" data-element_type=\"container\" data-e-type=\"container\">\n\t\t\t\t\t<div class=\"e-con-inner\">\n\t\t<div class=\"elementor-element elementor-element-5fa781e e-con-full e-flex wpr-particle-no wpr-jarallax-no wpr-parallax-no wpr-sticky-section-no wpr-equal-height-no e-con e-child\" data-id=\"5fa781e\" data-element_type=\"container\" data-e-type=\"container\">\n\t\t\t\t<div class=\"elementor-element elementor-element-6630c10 wpr-forms-submit-center wpr-forms-align-left elementor-widget elementor-widget-wpr-forms\" data-id=\"6630c10\" data-element_type=\"widget\" data-e-type=\"widget\" data-widget_type=\"wpr-forms.default\">\n\t\t\t\t<div class=\"elementor-widget-container\">\n\t\t\t\t\t<div class=\"wpr-forms-container wpr-custom-chk-radio\"><div class=\"wpforms-container wpforms-container-full wpforms-render-modern\" id=\"wpforms-10231\"><form id=\"wpforms-form-10231\" class=\"wpforms-validate wpforms-form wpforms-ajax-form\" data-formid=\"10231\" method=\"post\" enctype=\"multipart\/form-data\" action=\"\/tr\/wp-json\/wp\/v2\/pages\/10245\" data-token=\"f6ac8e03574be47f96c6172b8dc27f20\" data-token-time=\"1778016701\" data-trp-original-action=\"\/tr\/wp-json\/wp\/v2\/pages\/10245\"><noscript class=\"wpforms-error-noscript\">Bu formu bitirebilmek i\u00e7in taray\u0131c\u0131n\u0131zda JavaScript&#039;i etkinle\u015ftirin.<\/noscript><div id=\"wpforms-error-noscript\" style=\"display: none;\">Bu formu bitirebilmek i\u00e7in taray\u0131c\u0131n\u0131zda JavaScript&#039;i etkinle\u015ftirin.<\/div><div class=\"wpforms-field-container\"><div id=\"wpforms-10231-field_1-container\" class=\"wpforms-field wpforms-field-name\" data-field-id=\"1\"><fieldset><legend class=\"wpforms-field-label\">\u0130sim <span class=\"wpforms-required-label\" aria-hidden=\"true\">*<\/span><\/legend><div class=\"wpforms-field-row wpforms-field-large\"><div class=\"wpforms-field-row-block wpforms-first wpforms-one-half\"><input type=\"text\" id=\"wpforms-10231-field_1\" class=\"wpforms-field-name-first wpforms-field-required\" name=\"wpforms[fields][1][first]\" aria-errormessage=\"wpforms-10231-field_1-error\" required><label for=\"wpforms-10231-field_1\" class=\"wpforms-field-sublabel after\">Ad<\/label><\/div><div class=\"wpforms-field-row-block wpforms-one-half\"><input type=\"text\" id=\"wpforms-10231-field_1-last\" class=\"wpforms-field-name-last wpforms-field-required\" name=\"wpforms[fields][1][last]\" aria-errormessage=\"wpforms-10231-field_1-last-error\" required><label for=\"wpforms-10231-field_1-last\" class=\"wpforms-field-sublabel after\">Soyad<\/label><\/div><\/div><\/fieldset><\/div><div id=\"wpforms-10231-field_2-container\" class=\"wpforms-field wpforms-field-email\" data-field-id=\"2\"><label class=\"wpforms-field-label\" for=\"wpforms-10231-field_2\">E-posta <span class=\"wpforms-required-label\" aria-hidden=\"true\">*<\/span><\/label><input type=\"email\" id=\"wpforms-10231-field_2\" class=\"wpforms-field-large wpforms-field-required\" name=\"wpforms[fields][2]\" spellcheck=\"false\" aria-errormessage=\"wpforms-10231-field_2-error\" required><\/div><div id=\"wpforms-10231-field_10-container\" class=\"wpforms-field wpforms-field-select wpforms-field-select-style-classic\" data-field-id=\"10\"><label class=\"wpforms-field-label\" for=\"wpforms-10231-field_10\">\u015eehir<\/label><select id=\"wpforms-10231-field_10\" class=\"wpforms-field-large\" name=\"wpforms[fields][10]\"><option value=\"Cairo\" >Kahire<\/option><option value=\"Hurghada\" >Hurghada<\/option><option value=\"Luxor\" >Luksor<\/option><option value=\"Sharm El Sheikh\" >\u015earm El \u015eeyh<\/option><\/select><\/div><div id=\"wpforms-10231-field_13-container\" class=\"wpforms-field wpforms-field-text\" data-field-id=\"13\"><label class=\"wpforms-field-label\" for=\"wpforms-10231-field_13\">Teslim Alma Yeri<\/label><input type=\"text\" id=\"wpforms-10231-field_13\" class=\"wpforms-field-large\" name=\"wpforms[fields][13]\" aria-errormessage=\"wpforms-10231-field_13-error\" ><\/div><div id=\"wpforms-10231-field_14-container\" class=\"wpforms-field wpforms-field-text\" data-field-id=\"14\"><label class=\"wpforms-field-label\" for=\"wpforms-10231-field_14\">B\u0131rakma Yeri <\/label><input type=\"text\" id=\"wpforms-10231-field_14\" class=\"wpforms-field-large\" name=\"wpforms[fields][14]\" aria-errormessage=\"wpforms-10231-field_14-error\" ><\/div><div id=\"wpforms-10231-field_9-container\" class=\"wpforms-field wpforms-field-phone\" data-field-id=\"9\"><label class=\"wpforms-field-label\" for=\"wpforms-10231-field_9\">Telefon <span class=\"wpforms-required-label\" aria-hidden=\"true\">*<\/span><\/label><input type=\"tel\" id=\"wpforms-10231-field_9\" class=\"wpforms-field-large wpforms-field-required wpforms-smart-phone-field\" data-rule-smart-phone-field=\"true\" name=\"wpforms[fields][9]\" aria-label=\"Telefon\" aria-errormessage=\"wpforms-10231-field_9-error\" required><\/div>\t\t<div id=\"wpforms-10231-field_4-container\"\n\t\t\tclass=\"wpforms-field wpforms-field-text\"\n\t\t\tdata-field-type=\"text\"\n\t\t\tdata-field-id=\"4\"\n\t\t\t>\n\t\t\t<label class=\"wpforms-field-label\" for=\"wpforms-10231-field_4\" >Message Day Number<\/label>\n\t\t\t<input type=\"text\" id=\"wpforms-10231-field_4\" class=\"wpforms-field-medium\" name=\"wpforms[fields][4]\" >\n\t\t<\/div>\n\t\t<div id=\"wpforms-10231-field_5-container\" class=\"wpforms-field wpforms-field-layout\" data-field-id=\"5\"><div class=\"wpforms-field-layout-rows wpforms-field-large\"><div class=\"wpforms-layout-row\"><div class=\"wpforms-layout-column wpforms-layout-column-50\"><div id=\"wpforms-10231-field_6-container\" class=\"wpforms-field wpforms-field-number\" data-field-id=\"6\"><label class=\"wpforms-field-label\" for=\"wpforms-10231-field_6\">Yeti\u015fkin Say\u0131s\u0131 <span class=\"wpforms-required-label\" aria-hidden=\"true\">*<\/span><\/label><input type=\"number\" id=\"wpforms-10231-field_6\" class=\"wpforms-field-medium wpforms-field-required\" name=\"wpforms[fields][6]\" step=\"any\" aria-errormessage=\"wpforms-10231-field_6-error\" required><\/div><\/div><div class=\"wpforms-layout-column wpforms-layout-column-50\"><div id=\"wpforms-10231-field_7-container\" class=\"wpforms-field wpforms-field-number\" data-field-id=\"7\"><label class=\"wpforms-field-label\" for=\"wpforms-10231-field_7\">\u00c7ocuk Say\u0131s\u0131<\/label><input type=\"number\" id=\"wpforms-10231-field_7\" class=\"wpforms-field-medium\" name=\"wpforms[fields][7]\" step=\"any\" aria-errormessage=\"wpforms-10231-field_7-error\" ><\/div><\/div><\/div><\/div><\/div><div id=\"wpforms-10231-field_8-container\" class=\"wpforms-field wpforms-field-date-time\" data-field-id=\"8\"><label class=\"wpforms-field-label\" for=\"wpforms-10231-field_8\">Var\u0131\u015f G\u00fcn\u00fc<\/label><div class=\"wpforms-datepicker-wrap\"><input type=\"text\" id=\"wpforms-10231-field_8\" class=\"wpforms-field-date-time-date wpforms-datepicker wpforms-field-large\" data-date-format=\"d\/m\/Y\" data-disable-past-dates=\"0\" data-input=\"true\" name=\"wpforms[fields][8][date]\" aria-errormessage=\"wpforms-10231-field_8-error\" ><a title=\"Clear Date\" data-clear class=\"wpforms-datepicker-clear\" style=\"display:none;\"><\/a><\/div><\/div><div id=\"wpforms-10231-field_3-container\" class=\"wpforms-field wpforms-field-textarea\" data-field-id=\"3\"><label class=\"wpforms-field-label\" for=\"wpforms-10231-field_3\">Yorum veya Mesaj<\/label><textarea id=\"wpforms-10231-field_3\" class=\"wpforms-field-large\" name=\"wpforms[fields][3]\" aria-errormessage=\"wpforms-10231-field_3-error\" ><\/textarea><\/div><script>\n\t\t\t\t( function() {\n\t\t\t\t\tconst style = document.createElement( 'style' );\n\t\t\t\t\tstyle.appendChild( document.createTextNode( '#wpforms-10231-field_4-container { position: absolute !important; overflow: hidden !important; display: inline !important; height: 1px !important; width: 1px !important; z-index: -1000 !important; padding: 0 !important; } #wpforms-10231-field_4-container input { visibility: hidden; } #wpforms-conversational-form-page #wpforms-10231-field_4-container label { counter-increment: none; }' ) );\n\t\t\t\t\tdocument.head.appendChild( style );\n\t\t\t\t\tdocument.currentScript?.remove();\n\t\t\t\t} )();\n\t\t\t<\/script><\/div><!-- .wpforms-field-container --><div class=\"wpforms-submit-container\" ><input type=\"hidden\" name=\"wpforms[id]\" value=\"10231\"><input type=\"hidden\" name=\"page_title\" value=\"\"><input type=\"hidden\" name=\"page_url\" value=\"https:\/\/egyptkingtours.com\/tr\/wp-json\/wp\/v2\/pages\/10245\"><input type=\"hidden\" name=\"url_referer\" value=\"\"><button type=\"submit\" name=\"wpforms[submit]\" id=\"wpforms-submit-10231\" class=\"wpforms-submit\" data-alt-text=\"Sending...\" data-submit-text=\"Submit\" aria-live=\"assertive\" value=\"wpforms-submit\">G\u00f6ndermek<\/button><img decoding=\"async\" src=\"https:\/\/egyptkingtours.com\/wp-content\/plugins\/wpforms\/assets\/images\/submit-spin.svg\" class=\"wpforms-submit-spinner\" style=\"display: none;\" width=\"26\" height=\"26\" alt=\"Y\u00fckleniyor\"><\/div><input type=\"hidden\" name=\"trp-form-language\" value=\"tr\"\/><\/form><\/div>  <!-- .wpforms-container --><\/div>\t\t\t\t<\/div>\n\t\t\t\t<\/div>\n\t\t\t\t<\/div>\n\t\t\t\t\t<\/div>\n\t\t\t\t<\/div>\n\t\t<div class=\"elementor-element elementor-element-47eaaf6 e-flex e-con-boxed wpr-particle-no wpr-jarallax-no wpr-parallax-no wpr-sticky-section-no wpr-equal-height-no e-con e-parent\" data-id=\"47eaaf6\" data-element_type=\"container\" data-e-type=\"container\">\n\t\t\t\t\t<div class=\"e-con-inner\">\n\t\t\t\t\t<\/div>\n\t\t\t\t<\/div>\n\t\t\t\t<\/div>","protected":false},"excerpt":{"rendered":"<p>Seamless Hotel Pickups &amp; Drops in Luxor At Egypt King Tours, we understand that convenience is key to a truly relaxing and enjoyable vacation. That&#8217;s why we offer seamless and reliable hotel pickup and drop-off services from all top hotels in Luxor, ensuring your journey through Egypt is comfortable and stress-free from beginning to end. Your Comfort, Our Priority: From the moment you arrive in Luxor, we take care of all your transportation needs. Whether you&#8217;re heading out for an early morning hot air balloon adventure, embarking on a full-day tour to the East or West Bank, or simply need a comfortable transfer to the airport or train station, our dedicated service ensures you travel in style and ease. What You Can Expect: Prompt &amp; Punctual: Our professional drivers are meticulously scheduled to arrive on time, ensuring you never have to worry about delays or missing your tour start times. We value your time as much as you do. Luxury &amp; Comfort: Travel in our modern, air-conditioned vehicles \u2013 choose from comfortable sedans for individuals and couples, or spacious vans for families and groups. Each vehicle is maintained to the highest standards of cleanliness and comfort, providing a relaxing environment for your transfers. Experienced &amp; Courteous Drivers: Our local drivers are not only skilled and safe behind the wheel but also knowledgeable about Luxor&#8217;s roads and traffic patterns. They are courteous, helpful, and committed to providing a pleasant journey, allowing you to sit back and enjoy the views. Door-to-Door Service: We pick you up directly from your hotel lobby and drop you off precisely at your desired destination, whether it&#8217;s an iconic landmark, the airport, or another hotel. No hassle, no navigating, just pure convenience. Stress-Free Transfers: Forget about haggling with taxis or deciphering public transport. With Egypt King Tours, your transfers are pre-arranged and managed by experts, giving you peace of mind to focus on the wonders of Egypt. Book Your Service Please enable JavaScript in your browser to complete this form.Please enable JavaScript in your browser to complete this form. Name * FirstLast Email *CityCairoHurghadaLuxorSharm El SheikhName Of The HotelPhone * Number of Adults *Number of ChildrenDay of ArrivalComment or Message Submit<\/p>","protected":false},"author":1,"featured_media":8558,"parent":0,"menu_order":0,"comment_status":"closed","ping_status":"closed","template":"elementor_header_footer","meta":{"footnotes":""},"class_list":["post-10245","page","type-page","status-publish","has-post-thumbnail","hentry"],"_links":{"self":[{"href":"https:\/\/egyptkingtours.com\/tr\/wp-json\/wp\/v2\/pages\/10245","targetHints":{"allow":["GET"]}}],"collection":[{"href":"https:\/\/egyptkingtours.com\/tr\/wp-json\/wp\/v2\/pages"}],"about":[{"href":"https:\/\/egyptkingtours.com\/tr\/wp-json\/wp\/v2\/types\/page"}],"author":[{"embeddable":true,"href":"https:\/\/egyptkingtours.com\/tr\/wp-json\/wp\/v2\/users\/1"}],"replies":[{"embeddable":true,"href":"https:\/\/egyptkingtours.com\/tr\/wp-json\/wp\/v2\/comments?post=10245"}],"version-history":[{"count":7,"href":"https:\/\/egyptkingtours.com\/tr\/wp-json\/wp\/v2\/pages\/10245\/revisions"}],"predecessor-version":[{"id":10252,"href":"https:\/\/egyptkingtours.com\/tr\/wp-json\/wp\/v2\/pages\/10245\/revisions\/10252"}],"wp:featuredmedia":[{"embeddable":true,"href":"https:\/\/egyptkingtours.com\/tr\/wp-json\/"}],"wp:attachment":[{"href":"https:\/\/egyptkingtours.com\/tr\/wp-json\/wp\/v2\/media?parent=10245"}],"curies":[{"name":"wp","href":"https:\/\/api.w.org\/{rel}","templated":true}]}}